{"id":931,"date":"2023-01-04T05:06:14","date_gmt":"2023-01-04T07:06:14","guid":{"rendered":"https:\/\/intraders.org\/kitapbolumu\/?page_id=931"},"modified":"2023-10-02T03:03:34","modified_gmt":"2023-10-02T05:03:34","slug":"yayin-sureci","status":"publish","type":"page","link":"https:\/\/intraders.org\/kitapbolumu\/yayin-sureci\/","title":{"rendered":"Yay\u0131n S\u00fcreci &#038; Etik \u0130lkeler"},"content":{"rendered":"\n<p>Kitaplar\u0131m\u0131z at\u0131f imkanlar\u0131n\u0131 art\u0131rabilmek i\u00e7in a\u00e7\u0131k eri\u015fimli, indirmeye izinli e-kitapt\u0131r. <\/p>\n\n\n\n<p>Kitaplar\u0131m\u0131z (Uluslararas\u0131) Do\u00e7entlik ve Akademik Te\u015fvik Kriterlerini sa\u011flamaktad\u0131r. <\/p>\n\n\n\n<p>Yay\u0131nlanan eserler i\u00e7in yazarlara; edit\u00f6r s\u00f6zle\u015fmesi, davet mektubu, uluslararas\u0131 yay\u0131nevi yaz\u0131s\u0131 ve e-kitap payla\u015f\u0131lmaktad\u0131r. <\/p>\n\n\n\n<p><a href=\"https:\/\/intraders.org\/arsiv\/\">Kitap ar\u015fiv web<\/a>imiz, google akademik, google kitaplar ve baz\u0131 \u00fcniversitelerin veritaban\u0131nda yer almaktad\u0131r. <\/p>\n\n\n\n<p>1-\u00c7al\u0131\u015fman\u0131n intradersorg@gmail.com a intihal raporu, telif s\u00f6zle\u015fmesi ile yaz\u0131m-\u015fekil kurallar\u0131na g\u00f6re g\u00f6nderilmesi ile s\u00fcre\u00e7 ba\u015flar.<\/p>\n\n\n\n<p>2-Sekretarya \u0130ncelemesi: Benzerlik, kaynak\u00e7a, \u015fekil incelemesi. \u0130ngilizce \u00e7al\u0131\u015fmalarda \u00fccretli Grammarly \u00fcyeli\u011fimiz ile kontrol. <\/p>\n\n\n\n<p>Ortalama 10 g\u00fcn s\u00fcrebilmektedir. <\/p>\n\n\n\n<p>\u00c7al\u0131\u015fma revize i\u00e7in yazara g\u00f6nderilebilmekte, \u00e7al\u0131\u015fman\u0131n kaynak\u00e7a yetersizli\u011fi-da\u011f\u0131l\u0131m dengesizli\u011fi (\u00e7al\u0131\u015fmalar\u0131n oransal olarak-kitap, dergi, kitap b\u00f6l\u00fcm\u00fc, dergi makalesi, kongre tam metin, web kaynaklar\u0131ndan olu\u015fmas\u0131 tercih nedenidir.) gibi teknik nedenlerden dolay\u0131 \u00e7al\u0131\u015fma revizyon\/red karar\u0131 verilebilmektedir.<\/p>\n\n\n\n<p>3-Sekretarya incelmesi sonucu uygun bulunan \u00e7al\u0131\u015fma &#8220;yazar bilgileri&#8221;  silinerek edit\u00f6re g\u00f6nderilir. <\/p>\n\n\n\n<p>        Sekretarya incelmesi sonucu kabul edilen \u00e7al\u0131\u015fman\u0131n \u00fccret \u00f6demesi talep edilir.<\/p>\n\n\n\n<p>4- Edit\u00f6r sekretarya s\u00fcreci tamamlanan \u00e7al\u0131\u015fmay\u0131 okur. De\u011ferlendirilmesi uygun bulunmas\u0131 durumunda \u00e7al\u0131\u015fma bir k\u00f6r hakem s\u00fcrecine al\u0131n\u0131r.<\/p>\n\n\n\n<p>5-Hakem S\u00fcre\u00e7leri sekretarya taraf\u0131ndan takip edilir. <\/p>\n\n\n\n<p>6-Hakem nihai raporlar\u0131 edit\u00f6re g\u00f6nderilir(D\u00fczeltmeler var ise d\u00fczeltmeler yapt\u0131r\u0131l\u0131r).<\/p>\n\n\n\n<p>      Edit\u00f6r taraf\u0131ndan, hakem raporu ve \u00f6nceki a\u015famalar ait raporlar da g\u00f6z \u00f6n\u00fcnde bulundurup \u00e7al\u0131\u015fmaya kabul\/red  karar\u0131 verilmektedir. <\/p>\n\n\n\n<p>4-Yazarlara mail yoluyla yap\u0131lan bildirimler yasal bildirim olarak kabul edilecektir. Gereksiz kutusuna bakman\u0131z, maillerinizi kontrol etmeniz, maillerin farkedilmemesi yazarlar\u0131n sorumlulu\u011funda olup bildirim ve revizyonlara cevap vermeyen \u00e7al\u0131\u015fmalar kitaplarda yer almayacakt\u0131r. <\/p>\n\n\n\n<p>5-Yay\u0131nevi s\u00fcrecinde sayfa d\u00fczenlemeleri veya varsa unutulmu\u015f olan hatalar\u0131n kontrol\u00fc i\u00e7in yay\u0131nevinden yay\u0131n dosyas\u0131 2-3 defa onay i\u00e7in yazarlar ile payla\u015f\u0131lmaktad\u0131r. Kontrollerde sadece teknik hatalar, kelime hatalar\u0131 vb. sayfa say\u0131s\u0131n\u0131 yap\u0131s\u0131n\u0131 de\u011fi\u015ftirmeyen talepler dikkate al\u0131n\u0131r. <\/p>\n\n\n\n<p>6-Yay\u0131nlanan eserler i\u00e7in yazarlara; edit\u00f6r s\u00f6zle\u015fmesi, davet mektubu, uluslararas\u0131 yay\u0131nevi yaz\u0131s\u0131 ve e-kitap payla\u015f\u0131lmas\u0131 ile s\u00fcre\u00e7 tamamlan\u0131r. <\/p>\n\n\n\n<h2 class=\"wp-block-heading has-text-align-center\"><strong>Etik \u0130lkeler<\/strong> <strong>&amp; G\u00f6revleri<\/strong><\/h2>\n\n\n\n<p><strong>Yazar\u0131n  Uymas\u0131 Gereken Etik \u0130lkeler<\/strong><\/p>\n\n\n\n<p>-Yazar do\u011frudan edit\u00f6r\/edit\u00f6rler ile ileti\u015fime ge\u00e7memelidir.<\/p>\n\n\n\n<p>-\u00c7al\u0131\u015fman\u0131n yasal ve bilimsel sorumlu\u011fu yazara aittir. <\/p>\n\n\n\n<p><strong>Sekretaryan\u0131n (Proje Koordinat\u00f6r\u00fc)  Uymas\u0131 Gereken Etik \u0130lkeler<\/strong> <strong>ve G\u00f6revleri<\/strong><\/p>\n\n\n\n<p>-Sekretarya (Proje Koordinat\u00f6r\u00fc), K\u00fcr\u015fat \u00c7apraz&#8217;d\u0131r; Dr \u00f6\u011frenimini s\u00fcrd\u00fcrmekte olup <a href=\"https:\/\/intraders.org\/arsiv\/kongre-kitaplari-arsivi\/\">InTraders Kongre Kitaplar\u0131<\/a>n\u0131n ve 2018 y\u0131l\u0131nda yay\u0131n hayat\u0131na ba\u015flayan<a href=\"https:\/\/dergipark.org.tr\/tr\/pub\/intraders\"> InTraders Uluslararas\u0131 Ticaret Akademik Dergisi<\/a>&#8216;nin yay\u0131nc\u0131d\u0131r. <\/p>\n\n\n\n<p>-Sekretarya (Proje Koordinat\u00f6r\u00fc) ismi kitapta yer al\u0131r; kitab\u0131n a\u00e7\u0131k eri\u015fimli-\u00fccretsiz indirilebilir yay\u0131nlanmas\u0131, veritabanlar\u0131na kaydedilmesi, k\u00fct\u00fcphanelere ba\u015fvurulmas\u0131 vb. indekslenme ile ilgili i\u015flemlerde yetkilidir. Kitaplar\u0131n bilinirli\u011finin art\u0131r\u0131lmas\u0131 ve at\u0131f i\u00e7in geri planda \u00e7al\u0131\u015fma yapmakla yetkilidir.<\/p>\n\n\n\n<p>-Sekretarya yazar\u0131n ki\u015fisel bilgilerini edit\u00f6r ile payla\u015fmamal\u0131d\u0131r. <\/p>\n\n\n\n<p>-Yazar ile edit\u00f6r aras\u0131ndaki ileti\u015fimi g\u00fcncel olarak takip eder.<\/p>\n\n\n\n<p>-Edit\u00f6r ve yay\u0131nevi ileti\u015fimini, evrak s\u00fcre\u00e7lerini takip eder.<\/p>\n\n\n\n<p>-Edit\u00f6r\u00fcn karars\u0131z kald\u0131\u011f\u0131 durumlarda son karar\u0131 verme yetkisine sahiptir.<\/p>\n\n\n\n<p>-Etik ihlal nedeniyle yazar kaynakl\u0131 ise \u00e7al\u0131\u015fma red edilir, edit\u00f6r kaynakl\u0131 ise ayn\u0131 edit\u00f6r ile tekrar \u00e7al\u0131\u015f\u0131lmaz. <\/p>\n\n\n\n<p>-Kitap s\u00fcrecinin tamamlanmas\u0131ndan sonra yazarlara; edit\u00f6r s\u00f6zle\u015fmesi, davet mektubu, uluslararas\u0131 yay\u0131nevi yaz\u0131s\u0131 ve e-kitap payla\u015f\u0131r.<\/p>\n\n\n\n<p><strong>Edit\u00f6r\u00fcn  Uymas\u0131 Gereken Etik \u0130lkeler ve G\u00f6revleri<\/strong><\/p>\n\n\n\n<p>-Yazar bilgilerini talep etmemeli ve yazar ile ileti\u015fime ge\u00e7memelidir. <\/p>\n\n\n\n<p>-Edit\u00f6r \u00e7al\u0131\u015fman\u0131n bilimsel incelmesini yapar. <\/p>\n\n\n\n<p><\/p>\n\n\n\n<p><strong>Hakemin Uymas\u0131 Gereken Etik \u0130lkeler<\/strong> <strong>ve G\u00f6revleri<\/strong><\/p>\n\n\n\n<p>-Hakem \u00e7al\u0131\u015fmay\u0131 bilimsel kriterler do\u011frultusunda tarafs\u0131z \u015fekilde inceler. <\/p>\n\n\n\n<p>-Hakem yay\u0131n s\u00fcrecini etkilemeyecek \u015fekilde hakemlik s\u00fcre\u00e7lerini s\u00fcresi i\u00e7inde y\u00fcr\u00fct\u00fcr. <\/p>\n\n\n\n<p>-Hakem \u00e7al\u0131\u015fman\u0131n revize s\u00fcre\u00e7lerini y\u00fcr\u00fct\u00fcr. <\/p>\n\n\n\n<p>-Red edilen \u00e7al\u0131\u015fmaya ait bilimsel rapor haz\u0131rlar. Red gerek\u00e7esi objektif olmal\u0131d\u0131r.<\/p>\n\n\n\n<p><\/p>\n\n\n\n<p> <\/p>\n","protected":false},"excerpt":{"rendered":"<p>Kitaplar\u0131m\u0131z at\u0131f imkanlar\u0131n\u0131 art\u0131rabilmek i\u00e7in a\u00e7\u0131k eri\u015fimli, indirmeye izinli e-kitapt\u0131r. Kitaplar\u0131m\u0131z (Uluslararas\u0131) Do\u00e7entlik ve Akademik Te\u015fvik Kriterlerini sa\u011flamaktad\u0131r. Yay\u0131nlanan eserler i\u00e7in yazarlara; edit\u00f6r s\u00f6zle\u015fmesi, davet mektubu, uluslararas\u0131 yay\u0131nevi yaz\u0131s\u0131 ve e-kitap payla\u015f\u0131lmaktad\u0131r. Kitap ar\u015fiv webimiz, google akademik, google kitaplar ve baz\u0131 \u00fcniversitelerin veritaban\u0131nda yer almaktad\u0131r. 1-\u00c7al\u0131\u015fman\u0131n intradersorg@gmail.com a intihal raporu, telif s\u00f6zle\u015fmesi ile yaz\u0131m-\u015fekil kurallar\u0131na &#8230; <a title=\"Yay\u0131n S\u00fcreci &#038; Etik \u0130lkeler\" class=\"read-more\" href=\"https:\/\/intraders.org\/kitapbolumu\/yayin-sureci\/\">Read more<\/a><\/p>\n","protected":false},"author":1,"featured_media":0,"parent":0,"menu_order":0,"comment_status":"closed","ping_status":"closed","template":"","meta":{"generate_page_header":"","footnotes":""},"class_list":["post-931","page","type-page","status-publish"],"_links":{"self":[{"href":"https:\/\/intraders.org\/kitapbolumu\/wp-json\/wp\/v2\/pages\/931","targetHints":{"allow":["GET"]}}],"collection":[{"href":"https:\/\/intraders.org\/kitapbolumu\/wp-json\/wp\/v2\/pages"}],"about":[{"href":"https:\/\/intraders.org\/kitapbolumu\/wp-json\/wp\/v2\/types\/page"}],"author":[{"embeddable":true,"href":"https:\/\/intraders.org\/kitapbolumu\/wp-json\/wp\/v2\/users\/1"}],"replies":[{"embeddable":true,"href":"https:\/\/intraders.org\/kitapbolumu\/wp-json\/wp\/v2\/comments?post=931"}],"version-history":[{"count":21,"href":"https:\/\/intraders.org\/kitapbolumu\/wp-json\/wp\/v2\/pages\/931\/revisions"}],"predecessor-version":[{"id":1107,"href":"https:\/\/intraders.org\/kitapbolumu\/wp-json\/wp\/v2\/pages\/931\/revisions\/1107"}],"wp:attachment":[{"href":"https:\/\/intraders.org\/kitapbolumu\/wp-json\/wp\/v2\/media?parent=931"}],"curies":[{"name":"wp","href":"https:\/\/api.w.org\/{rel}","templated":true}]}}