{"id":738,"date":"2022-01-17T06:28:46","date_gmt":"2022-01-17T08:28:46","guid":{"rendered":"https:\/\/intraders.org\/kitapbolumu\/?page_id=738"},"modified":"2026-05-08T09:41:24","modified_gmt":"2026-05-08T11:41:24","slug":"guncel-kitap-projeleri","status":"publish","type":"page","link":"https:\/\/intraders.org\/kitapbolumu\/guncel-kitap-projeleri\/","title":{"rendered":"G\u00fcncel Kitap Projeleri"},"content":{"rendered":"\n<p class=\"has-text-align-center\"><strong>2026 Kitap Projeleri<\/strong><\/p>\n\n\n\n<p class=\"has-text-align-center\"><strong>Yeni Yakla\u015f\u0131mlar Perspektifinden Y\u00f6netim ve Organizasyon<\/strong><\/p>\n\n\n\n<p class=\"has-text-align-center\"><strong>Edit\u00f6r: Dr. \u00d6\u011fretim \u00dcyesi Hatice Sar\u0131alt\u0131n, Sakarya Uygulamal\u0131 Bilimler \u00dcniversitesi<\/strong><\/p>\n\n\n\n<p class=\"has-text-align-center\">(Gazi Kitabevi, Edit\u00f6r kendi ad\u0131na kitap b\u00f6l\u00fcm\u00fc toplamakta olup, yay\u0131nevi tercihi edit\u00f6re aittir.)<\/p>\n\n\n\n<p><\/p>\n\n\n\n<p class=\"has-text-align-center\">Kitap edit\u00f6rleri daha sonra duyurulacakt\u0131r. Edit\u00f6r tercihlerinde kongrelerimize kat\u0131lan\/dergimize makale g\u00f6nderen yazarlara \u00f6ncelik verilmektedir. <strong>Kongre sayfas\u0131<\/strong><a href=\"https:\/\/www.intraders.org\/\"> InTraders&nbsp;Conferences<\/a> ve <strong>Dergi (TRDizin: 2024-2025)<\/strong> sayfam\u0131z ise <a href=\"https:\/\/dergipark.org.tr\/en\/pub\/intraders\">InTraders International Trade Academic Journal \u00bb Home&nbsp;<\/a>&nbsp; Edit\u00f6r talepleriniz i\u00e7in intradersorg@gmail.com a yazabilirsiniz.<\/p>\n\n\n\n<p class=\"has-text-align-center\"><\/p>\n\n\n\n<p class=\"has-text-align-center\"><strong>Yay\u0131nevi: Nobel, Gazi, Hiperyay\u0131n Yay\u0131nevleri ile anla\u015fma sa\u011flanm\u0131\u015ft\u0131r.<\/strong> <strong>InTraders Akademik Platformu kendi ad\u0131na \u00e7al\u0131\u015fma toplamakta<\/strong> <strong>ve edit\u00f6r ile yay\u0131nevi aras\u0131nda s\u00f6zle\u015fme yap\u0131lmaktad\u0131r.<\/strong><\/p>\n\n\n\n<p><strong>Son G\u00f6nderim Tarihi: <\/strong>Son g\u00f6nderim tarihi bulunmamaktad\u0131r. Kitap projemiz dinamik olup en az 7 \u00e7al\u0131\u015fmaya ula\u015f\u0131ld\u0131\u011f\u0131nda s\u00fcreye bakmaks\u0131z\u0131n yay\u0131n yap\u0131lmaktad\u0131r.<\/p>\n\n\n\n<p><strong>Planlanan Yay\u0131n Tarihi: Haziran-Ekim aylar\u0131d\u0131r.<\/strong> Kitap projemiz dinamik olup en az 7 \u00e7al\u0131\u015fmaya ula\u015f\u0131ld\u0131\u011f\u0131nda s\u00fcreye bakmaks\u0131z\u0131n yay\u0131n yap\u0131lmaktad\u0131r.<\/p>\n\n\n\n<p><strong>\u0130leti\u015fim: <\/strong>intradersorg@gmail.com<\/p>\n\n\n\n<p><strong>Edit\u00f6rlerimiz <a href=\"http:\/\/www.intraders.org\">kongremize kat\u0131lan<\/a>\/<a href=\"https:\/\/dergipark.org.tr\/en\/pub\/intraders\">dergimize makale g\u00f6nderen<\/a>\/hakemlik yapan<\/strong> ki\u015filer aras\u0131ndan <strong>tercih edilmektedir.&nbsp;<\/strong><\/p>\n\n\n\n<p><strong><em>Kitap projemiz s\u00fcrekli a\u00e7\u0131k olup hakem s\u00fcrecinden ge\u00e7en en az 7 \u00e7al\u0131\u015fmaya ula\u015f\u0131ld\u0131\u011f\u0131nda kitap yay\u0131nlanmaktad\u0131r. Tarihlere bakmaks\u0131z\u0131n tamamlanan \u00e7al\u0131\u015fmalar\u0131n\u0131z\u0131 g\u00f6nderebilirsiniz.&nbsp; <\/em><\/strong><\/p>\n\n\n\n<p class=\"has-text-align-center\"><strong><a href=\"https:\/\/dergipark.org.tr\/tr\/pub\/intraders\/page\/8724\"> A\u00e7\u0131k eri\u015fim e-yay\u0131nc\u0131l\u0131k politikam\u0131z<\/a><\/strong><\/p>\n","protected":false},"excerpt":{"rendered":"<p>2026 Kitap Projeleri Yeni Yakla\u015f\u0131mlar Perspektifinden Y\u00f6netim ve Organizasyon Edit\u00f6r: Dr. \u00d6\u011fretim \u00dcyesi Hatice Sar\u0131alt\u0131n, Sakarya Uygulamal\u0131 Bilimler \u00dcniversitesi (Gazi Kitabevi, Edit\u00f6r kendi ad\u0131na kitap b\u00f6l\u00fcm\u00fc toplamakta olup, yay\u0131nevi tercihi edit\u00f6re aittir.) Kitap edit\u00f6rleri daha sonra duyurulacakt\u0131r. Edit\u00f6r tercihlerinde kongrelerimize kat\u0131lan\/dergimize makale g\u00f6nderen yazarlara \u00f6ncelik verilmektedir. Kongre sayfas\u0131 InTraders&nbsp;Conferences ve Dergi (TRDizin: 2024-2025) sayfam\u0131z ise &#8230; <a title=\"G\u00fcncel Kitap Projeleri\" class=\"read-more\" href=\"https:\/\/intraders.org\/kitapbolumu\/guncel-kitap-projeleri\/\">Read more<\/a><\/p>\n","protected":false},"author":1,"featured_media":0,"parent":0,"menu_order":0,"comment_status":"closed","ping_status":"closed","template":"","meta":{"generate_page_header":"","footnotes":""},"class_list":["post-738","page","type-page","status-publish"],"_links":{"self":[{"href":"https:\/\/intraders.org\/kitapbolumu\/wp-json\/wp\/v2\/pages\/738","targetHints":{"allow":["GET"]}}],"collection":[{"href":"https:\/\/intraders.org\/kitapbolumu\/wp-json\/wp\/v2\/pages"}],"about":[{"href":"https:\/\/intraders.org\/kitapbolumu\/wp-json\/wp\/v2\/types\/page"}],"author":[{"embeddable":true,"href":"https:\/\/intraders.org\/kitapbolumu\/wp-json\/wp\/v2\/users\/1"}],"replies":[{"embeddable":true,"href":"https:\/\/intraders.org\/kitapbolumu\/wp-json\/wp\/v2\/comments?post=738"}],"version-history":[{"count":92,"href":"https:\/\/intraders.org\/kitapbolumu\/wp-json\/wp\/v2\/pages\/738\/revisions"}],"predecessor-version":[{"id":1226,"href":"https:\/\/intraders.org\/kitapbolumu\/wp-json\/wp\/v2\/pages\/738\/revisions\/1226"}],"wp:attachment":[{"href":"https:\/\/intraders.org\/kitapbolumu\/wp-json\/wp\/v2\/media?parent=738"}],"curies":[{"name":"wp","href":"https:\/\/api.w.org\/{rel}","templated":true}]}}