{"id":731,"date":"2022-01-09T20:54:12","date_gmt":"2022-01-09T22:54:12","guid":{"rendered":"https:\/\/intraders.org\/kitapbolumu\/?page_id=731"},"modified":"2025-01-23T05:50:52","modified_gmt":"2025-01-23T07:50:52","slug":"yazim-kurali","status":"publish","type":"page","link":"https:\/\/intraders.org\/kitapbolumu\/yazim-kurali\/","title":{"rendered":"Yaz\u0131m Kural\u0131"},"content":{"rendered":"\n<p class=\"has-text-align-center\"><em><strong>Kitap projemiz s\u00fcrekli a\u00e7\u0131k olup hakem s\u00fcrecinden ge\u00e7en en az 7 \u00e7al\u0131\u015fmaya ula\u015f\u0131ld\u0131\u011f\u0131nda kitap yay\u0131nlanmaktad\u0131r. Tarihlere bakmaks\u0131z\u0131n tamamlanan \u00e7al\u0131\u015fmalar\u0131n\u0131z\u0131 g\u00f6nderebilirsiniz<\/strong><\/em>.<\/p>\n\n\n\n<div class=\"wp-block-file\"><a id=\"wp-block-file--media-b31855b3-61b8-40b4-bbdb-af9d6e94d8e8\" href=\"https:\/\/intraders.org\/kitapbolumu\/wp-content\/uploads\/2025\/01\/Telif-Hakki-Sozlesmesi-InTraders-Kitap-Bolumu.docx\">Telif Hakk\u0131 S\u00f6zle\u015fmesi-InTraders Kitap B\u00f6l\u00fcm\u00fc<\/a><a href=\"https:\/\/intraders.org\/kitapbolumu\/wp-content\/uploads\/2025\/01\/Telif-Hakki-Sozlesmesi-InTraders-Kitap-Bolumu.docx\" class=\"wp-block-file__button wp-element-button\" download aria-describedby=\"wp-block-file--media-b31855b3-61b8-40b4-bbdb-af9d6e94d8e8\">\u0130ndir<\/a><\/div>\n\n\n\n<p>\u00c7al\u0131\u015fman\u0131z\u0131 intradersorg@gmail.com a g\u00f6nderilirken telif hakk\u0131 formu da doldurulup g\u00f6nderilmelidir.<\/p>\n\n\n\n<p>1- Kitap b\u00f6l\u00fcm\u00fcnde sadece T\u00fcrk\u00e7e ve \u0130ngilizce makaleler yay\u0131mlanmaktad\u0131r. \u0130ngilizce \u00e7al\u0131\u015fmalar \u0130ngilizce Kitap&#8217;ta, T\u00fcrk\u00e7e \u00e7al\u0131\u015fmalar ise T\u00fcrk\u00e7e Kitap&#8217;ta yay\u0131nlan\u0131r. (\u0130ngilizce ve T\u00fcrk\u00e7e \u00e7al\u0131\u015fmalar ayn\u0131 kitapta yay\u0131nlanmaz). Kitap b\u00f6l\u00fcm\u00fc i\u00e7in g\u00f6nderilen \u00e7al\u0131\u015fmalar ba\u015fka bir yerde yay\u0131mlanmam\u0131\u015f\/sunulmam\u0131\u015f veya yay\u0131mlanmak\/sunulmak \u00fczere g\u00f6nderilmemi\u015f olmal\u0131d\u0131r. <\/p>\n\n\n\n<p>2-Yazar bilgisi ve kaynak\u00e7a \u00e7\u0131kar\u0131lm\u0131\u015f, \u00e7al\u0131\u015fman\u0131n, detayl\u0131 benzerlik raporu eklenmelidir. Benzerlik oran\u0131 s\u0131n\u0131r\u0131  % 20 kabul edilmektedir. Ayr\u0131ca benzerlik oran\u0131na bak\u0131lmaks\u0131z\u0131n \u00e7al\u0131\u015fman\u0131n detayl\u0131 benzerlik raporu incelenmektedir. <\/p>\n\n\n\n<p>3. \u00c7al\u0131\u015fmalarda yap\u0131lan at\u0131flar i\u00e7in APA sistemi kullan\u0131lmal\u0131d\u0131r. \u00d6zet kullan\u0131lmamas\u0131 tavsiye edilir. \u00c7al\u0131\u015fman\u0131n niteli\u011fine g\u00f6re kullan\u0131labilir. T\u00fcrk\u00e7e \u00e7al\u0131\u015fmalarda \u0130ngilizce \u00f6zet eklenmez. \u0130ngilizce \u00e7al\u0131\u015fmalarda ise T\u00fcrk\u00e7e \u00f6zet eklenmemelidir.Yazar ad\u0131ndan sonraki k\u0131sm\u0131n &#8220;\u00d6zet&#8221; kelimesi ba\u015fl\u0131k olmal\u0131 -\u00f6z vb. kelimeler tercih edilmemelidir. \u00d6zette alt ba\u015fl\u0131klar yer almamal\u0131d\u0131r. \u00d6zetin tek para\u011fraf \u015feklinde belirtilmesi tercih edilmelidir. <\/p>\n\n\n\n<p>4. Yaz\u0131lar A4 boyutunda k\u00e2\u011f\u0131da, 1,5 aral\u0131kla, Times New Roman karakterinde, 12 punto ile ve 20 sayfay\u0131 ge\u00e7meyecek \u015fekilde yaz\u0131lmal\u0131 ve en az 15 kaynak\u00e7a yer almal\u0131d\u0131r.  Para\u011fraf ba\u015flang\u0131\u00e7lar\u0131nda girinti kullan\u0131lmamal\u0131d\u0131r. Kaynak\u00e7a Sayfas\u0131 yeni bir sayfa ile ba\u015flamal\u0131d\u0131r (sonu\u00e7 k\u0131sm\u0131n\u0131n bulundu\u011fu sayfadan farkl\u0131 sayfada ba\u015flamald\u0131r). <br><br>5.  \u00c7al\u0131\u015fma ba\u015fl\u0131\u011f\u0131 ile giri\u015f aras\u0131nda yaln\u0131zca yazar ad\/soyad yer almal\u0131 di\u011fer yazar\/lara ait bilgiler dipnot olarak g\u00f6sterilmelidir. Dipnotta \u015fu bilgiler yer almal\u0131d\u0131r: (i) akademik \u00fcnvan\u0131, (ii) yazar(lar)\u0131n ba\u011fl\u0131 bulundu\u011fu kurumun adresi,(iii) mail bilgisi, (iv) ORCID ID numaralar\u0131(Web linki \u015feklinde-https:\/\/&#8230;..) belirtilmelidir. \u00c7al\u0131\u015fmada ki\u015filere te\u015fekk\u00fcr vb. a\u00e7\u0131klama var ise \u00e7al\u0131\u015fma ba\u015fl\u0131\u011f\u0131n\u0131n sonuna dipnot eklenmeli ve a\u00e7\u0131klama dipnotta yer almal\u0131d\u0131r.<br><br>6. Tablo, \u015fekil ve grafiklere ba\u015fl\u0131k ve numara verilmeli, ba\u015fl\u0131klar tablo, \u015fekil ve grafiklerin \u00fczerinde yer almal\u0131, kaynaklar ise tablo, \u015fekil ve grafiklerin alt\u0131na yaz\u0131lmal\u0131d\u0131r. Rakamlarda ondal\u0131k kesirler virg\u00fcl ile ayr\u0131lmal\u0131d\u0131r. Denklemlere verilecek s\u0131ra numaras\u0131 parantez i\u00e7inde sayfan\u0131n en sa\u011f\u0131nda ve parantez i\u00e7inde yer almal\u0131d\u0131r. Denklemlerin t\u00fcretili\u015fi, yaz\u0131da a\u00e7\u0131k\u00e7a g\u00f6sterilmemi\u015fse, hakemlerin de\u011ferlendirmesi i\u00e7in, t\u00fcretme i\u015flemi b\u00fct\u00fcn basamaklar\u0131yla ayr\u0131 bir sayfada verilmelidir.<br><br>7. Yaz\u0131larda yap\u0131lan at\u0131flara ili\u015fkin dipnotlar sayfa alt\u0131nda yer almal\u0131d\u0131r.<\/p>\n\n\n\n<p>8. Metnin sonunda Kaynak\u00e7a ba\u015fl\u0131\u011f\u0131 alt\u0131nda \u00e7al\u0131\u015fmada kullan\u0131lan kaynaklar\u0131n bir listesi verilir. \u00c7al\u0131\u015fmada kullan\u0131lan referanslar\u0131n listelendi\u011fi bu kaynak\u00e7a, yazar soyad\u0131 s\u0131ralamas\u0131na g\u00f6re ve alfabetik olarak haz\u0131rlan\u0131r.<br><br>9.&nbsp; Kaynaklara g\u00f6ndermeler dipnotlarla de\u011fil, metin i\u00e7inde, sayfa numaralar\u0131n\u0131 da i\u00e7ererek, a\u015fa\u011f\u0131daki \u00f6rneklerde g\u00f6sterildi\u011fi gibi yap\u0131lmal\u0131d\u0131r.<\/p>\n\n\n\n<p>10. Sisteme eklenecek yaz\u0131lar\u0131n sayfa d\u00fczeninin yazar taraf\u0131ndan ve \u015fu de\u011ferlere uygun bir bi\u00e7imde yap\u0131lm\u0131\u015f olmas\u0131 gerekir:&nbsp;&nbsp;&nbsp;&nbsp;&nbsp;&nbsp;&nbsp;&nbsp;K\u00e2\u011f\u0131t Boyutu: A4 Dikey (Makalede yatay sayfalara yer verilmemeli)&nbsp;&nbsp;<\/p>\n\n\n\n<p>\u00dcst Kenar Bo\u015fluk: 2,5 cm<br>Alt Kenar Bo\u015fluk: 2,5 cm<br>Sol Kenar Bo\u015fluk: 2,5 cm<br>Sa\u011f Kenar Bo\u015fluk: 2,5 cm<br>Yaz\u0131 Tipi: Times New Roman<br>Yaz\u0131 Boyutu: Ba\u015fl\u0131kta 12 ve kal\u0131n, metinde 12, \u00f6zetlerde 12 ve dipnotlarda 10 punto<br>Paragraf Aral\u0131\u011f\u0131: \u00d6nce 6 nk \u2013 sonra 6 nk, \u00d6zetlerde (\u00d6zetlerin de okuyucu taraf\u0131ndan rahat okunabilmesi hedeflenmektedir.): \u00d6nce 6 nk \u2013 sonra 6 nk<br>Sat\u0131r Aral\u0131\u011f\u0131: 1,5<\/p>\n\n\n\n<p>11. Makale metninde paragraf ba\u015f\u0131 yap\u0131lmamal\u0131, paragraf aralar\u0131 1 sat\u0131r (\u00d6nce:6nk Sonra:6nk) bo\u015fluk b\u0131rak\u0131larak belirginle\u015ftirilmelidir (Ofis&#8217;te Paragraf-Girinti ve Aral\u0131klar, Aral\u0131k-\u00d6nce-6; Sonra-6 nk).<br><\/p>\n\n\n\n<p>12. B\u00f6l\u00fcm Ba\u015fl\u0131klar\u0131: Makalede, d\u00fczenli bir bilgi aktar\u0131m\u0131 sa\u011flamak \u00fczere ana, ara ve alt ba\u015fl\u0131klar kullan\u0131labilir; Ba\u015fl\u0131klar numaraland\u0131r\u0131lmamal\u0131d\u0131r.<br><br>13. Tablolar ve \u015eekiller: Tablolar\u0131n numaras\u0131 ve ba\u015fl\u0131\u011f\u0131 bulunmal\u0131d\u0131r. \u015eekiller renkli bask\u0131ya uygun haz\u0131rlanmal\u0131d\u0131r. <br><br>14. Resimler: Y\u00fcksek \u00e7\u00f6z\u00fcn\u00fcrl\u00fckl\u00fc, bask\u0131 kalitesinde taranm\u0131\u015f halde metin i\u00e7erisindeki yerlerinde verilmelidir. Resim adland\u0131rmalar\u0131nda, \u015fekil ve \u00e7izelgelerdeki kurallara uyulmal\u0131d\u0131r.<br><br>15. Kitap B\u00f6l\u00fcm\u00fc i\u00e7in herhangi bir a\u00e7\u0131dan uygunluk arz etmeyen yaz\u0131lar de\u011ferlendirilmeye al\u0131nmaz.<br><br><strong>\u00d6RNEK YAZIMLAR<br><br>K\u0130TAPLAR<br><\/strong><br>Tek Yazarl\u0131 Kitaplar\u0131n Kaynak\u00e7ada Yaz\u0131lma \u015eekilleri<br><br>Soyad, Ad\u0131n \u0130lk Harfi. (Yay\u0131m Y\u0131l\u0131). Kitab\u0131n Ad\u0131, Yay\u0131m Yeri, \u015eehir.<br><br><br>\u0130ki Yazarl\u0131 Kitaplar\u0131n Kaynak\u00e7ada Yaz\u0131lma \u015eekilleri<br><br>Soyad, Ad\u0131n \u0130lk Harfi. &amp; Soyad, Ad\u0131n \u0130lk Harfi. (Yay\u0131m Y\u0131l\u0131). Kitab\u0131n Ad\u0131, Yay\u0131m Yeri, \u015eehir.<br><br><br>\u00dc\u00e7 ve Daha Fazla Yazarl\u0131 Kitaplar\u0131n Kaynak\u00e7ada Yaz\u0131lma \u015eekilleri<br><br>Soyad, Ad\u0131n \u0130lk Harfi.; Soyad, Ad\u0131n \u0130lk Harfi. &amp; Soyad, Ad\u0131n \u0130lk Harfi. (Yay\u0131m Y\u0131l\u0131). Kitab\u0131n Ad\u0131, Yay\u0131m Yeri, \u015eehir.<br><br><br>\u00c7eviri Kitaplar\u0131n Kaynak\u00e7ada Yaz\u0131lma \u015eekilleri<br><br>Soyad, Ad\u0131n \u0130lk Harfi. (Yay\u0131m Y\u0131l\u0131). Kitab\u0131n Ad\u0131 (\u00c7ev. \/ Haz.), Yay\u0131m Yeri, \u015eehir.<br><br><br>Edit\u00f6rl\u00fc Kitaplar\u0131n Kaynak\u00e7ada Yaz\u0131lma \u015eekilleri<br><br>Soyad, Ad\u0131n \u0130lk Harfi. (Yay\u0131m Y\u0131l\u0131). \u201cB\u00f6l\u00fcm Ad\u0131\u201d (Ed. Edit\u00f6r\u00fcn Ad\u0131 Soyad\u0131), Kitab\u0131n Ad\u0131, ss.Sayfa Aral\u0131\u011f\u0131, Yay\u0131m Yeri, \u015eehir.<br><br><br>Yazar\u0131 Belirtilmemi\u015f Kitaplar\u0131n Kaynak\u00e7ada Yaz\u0131lma \u015eekilleri<br><br>Eserin Ad\u0131, (Yay\u0131m Y\u0131l\u0131), Yay\u0131m Yeri.<br><br><br><br><strong>MAKALELER<\/strong><br><br>Tek Yazarl\u0131 Makalelerin Kaynak\u00e7ada Yaz\u0131lma \u015eekilleri<br><br>Soyad, Ad\u0131n \u0130lk Harfi. (Tarih). \u201cMakalenin Ad\u0131\u201d, Yay\u0131nland\u0131\u011f\u0131 Dergi Ad\u0131, Cilt(Say\u0131):Sayfa Aral\u0131\u011f\u0131.<br><br><br>\u0130ki Yazarl\u0131 Makalelerin Kaynak\u00e7ada Yaz\u0131lma \u015eekilleri<br><br>Soyad, Ad\u0131n \u0130lk Harfi. &amp; Soyad, Ad\u0131n \u0130lk Harfi. (Tarih). \u201cMakalenin Ad\u0131\u201d, Yay\u0131nland\u0131\u011f\u0131 Dergi Ad\u0131, Y\u0131l (Say\u0131): Sayfa Aral\u0131\u011f\u0131.<br><br><br>\u00dc\u00e7 ve Daha Fazla Yazarl\u0131 Makalelerin Kaynak\u00e7ada Yaz\u0131lma \u015eekilleri<br><br>Soyad, Ad\u0131n \u0130lk Harfi.; Soyad, Ad\u0131n \u0130lk Harfi. &amp; Soyad, Ad\u0131n \u0130lk Harfi. (Tarih). \u201cMakalenin Ad\u0131\u201d, Yay\u0131nland\u0131\u011f\u0131 Dergi Ad\u0131, Y\u0131l(Say\u0131):Sayfa Aral\u0131\u011f\u0131.<br><br><br><br><strong>TEZ ve PROJELER<\/strong><br><br>Tez veya Projelerin Kaynak\u00e7ada Yaz\u0131lma \u015eekilleri<br><br>Soyad, Ad\u0131n \u0130lk Harfi. (Tarih). \u201cTez Ad\u0131\u201d, Tez t\u00fcr\u00fc, \u00dcniversite\/Enstit\u00fc, \u015eehir.<br><br><br><br><strong>SEMPOZYUM \/ KONFERANS \/ B\u0130LD\u0130R<\/strong>\u0130<br><br>Sempozyum\/Konferans\/Bildirinin Kaynak\u00e7ada Yaz\u0131lma \u015eekilleri<br><br>Soyad, Ad\u0131n \u0130lk Harfi. (Tarih). \u201cBildiri Ad\u0131\u201d, Etkinli\u011fin Ad\u0131, Etkinlik Tarihi, (Edit\u00f6r. Ad\u0131 Soyad\u0131), Etkinli\u011fi D\u00fczenleyen Kurumun Ad\u0131, Sayfa Aral\u0131\u011f\u0131, \u015eehir.<br><br><br><br><strong>D\u0130\u011eER YAYINLAR<\/strong><br><br>Ansiklopedi Maddelerinin Kaynak\u00e7ada Yaz\u0131lma \u015eekilleri<br><br>Soyad, Ad\u0131n \u0130lk Harfi. (Tarih). \u201cMadde Hali\u201d, Ansiklopedinin Ad\u0131, (Cilt No):Sayfa Aral\u0131\u011f\u0131, \u015eehir.<br><br><br>Gazete Yaz\u0131lar\u0131n\u0131n Kaynak\u00e7ada Yaz\u0131lma \u015eekilleri<br><br>Soyad, Ad\u0131n \u0130lk Harfi. (Tarih). \u201cYaz\u0131n\u0131n Ba\u015fl\u0131\u011f\u0131\u201d, Gazetenin Ad\u0131.<br><br><br>Kurumsal WEB Sayfas\u0131n\u0131n Kaynak\u00e7ada Yaz\u0131lma \u015eekilleri<br><br>Kurum Ad\u0131 K\u0131saltmas\u0131, Kurum Ad\u0131, Web Adresi<\/p>\n\n\n\n<p>*<strong>\u0130ngilizce \u00e7al\u0131\u015fmalarda Grammarly ve benzeri programlar sonucu raporun %95 ve \u00fczeri olmas\u0131 kabul edilmektedir.<\/strong><\/p>\n\n\n\n<h4 class=\"wp-block-heading\"><strong><a href=\"https:\/\/dergipark.org.tr\/tr\/pub\/intraders\/page\/8724\">A\u00e7\u0131k eri\u015fim e-yay\u0131nc\u0131l\u0131k politikam\u0131z<\/a><\/strong><br><\/h4>\n","protected":false},"excerpt":{"rendered":"<p>Kitap projemiz s\u00fcrekli a\u00e7\u0131k olup hakem s\u00fcrecinden ge\u00e7en en az 7 \u00e7al\u0131\u015fmaya ula\u015f\u0131ld\u0131\u011f\u0131nda kitap yay\u0131nlanmaktad\u0131r. Tarihlere bakmaks\u0131z\u0131n tamamlanan \u00e7al\u0131\u015fmalar\u0131n\u0131z\u0131 g\u00f6nderebilirsiniz. \u00c7al\u0131\u015fman\u0131z\u0131 intradersorg@gmail.com a g\u00f6nderilirken telif hakk\u0131 formu da doldurulup g\u00f6nderilmelidir. 1- Kitap b\u00f6l\u00fcm\u00fcnde sadece T\u00fcrk\u00e7e ve \u0130ngilizce makaleler yay\u0131mlanmaktad\u0131r. \u0130ngilizce \u00e7al\u0131\u015fmalar \u0130ngilizce Kitap&#8217;ta, T\u00fcrk\u00e7e \u00e7al\u0131\u015fmalar ise T\u00fcrk\u00e7e Kitap&#8217;ta yay\u0131nlan\u0131r. (\u0130ngilizce ve T\u00fcrk\u00e7e \u00e7al\u0131\u015fmalar ayn\u0131 kitapta &#8230; <a title=\"Yaz\u0131m Kural\u0131\" class=\"read-more\" href=\"https:\/\/intraders.org\/kitapbolumu\/yazim-kurali\/\">Read more<\/a><\/p>\n","protected":false},"author":1,"featured_media":0,"parent":0,"menu_order":0,"comment_status":"closed","ping_status":"closed","template":"","meta":{"generate_page_header":"","footnotes":""},"class_list":["post-731","page","type-page","status-publish"],"_links":{"self":[{"href":"https:\/\/intraders.org\/kitapbolumu\/wp-json\/wp\/v2\/pages\/731","targetHints":{"allow":["GET"]}}],"collection":[{"href":"https:\/\/intraders.org\/kitapbolumu\/wp-json\/wp\/v2\/pages"}],"about":[{"href":"https:\/\/intraders.org\/kitapbolumu\/wp-json\/wp\/v2\/types\/page"}],"author":[{"embeddable":true,"href":"https:\/\/intraders.org\/kitapbolumu\/wp-json\/wp\/v2\/users\/1"}],"replies":[{"embeddable":true,"href":"https:\/\/intraders.org\/kitapbolumu\/wp-json\/wp\/v2\/comments?post=731"}],"version-history":[{"count":38,"href":"https:\/\/intraders.org\/kitapbolumu\/wp-json\/wp\/v2\/pages\/731\/revisions"}],"predecessor-version":[{"id":1184,"href":"https:\/\/intraders.org\/kitapbolumu\/wp-json\/wp\/v2\/pages\/731\/revisions\/1184"}],"wp:attachment":[{"href":"https:\/\/intraders.org\/kitapbolumu\/wp-json\/wp\/v2\/media?parent=731"}],"curies":[{"name":"wp","href":"https:\/\/api.w.org\/{rel}","templated":true}]}}