{"id":722,"date":"2022-01-09T20:09:03","date_gmt":"2022-01-09T22:09:03","guid":{"rendered":"https:\/\/intraders.org\/kitapbolumu\/?page_id=722"},"modified":"2025-01-23T05:51:19","modified_gmt":"2025-01-23T07:51:19","slug":"telif-hakki-yayin-sureci","status":"publish","type":"page","link":"https:\/\/intraders.org\/kitapbolumu\/telif-hakki-yayin-sureci\/","title":{"rendered":"Telif Hakk\u0131 &#038; Yay\u0131n S\u00fcreci"},"content":{"rendered":"\n<div class=\"wp-block-file\"><a id=\"wp-block-file--media-eccebe73-681c-42bc-a60c-7849a9e6277b\" href=\"https:\/\/intraders.org\/kitapbolumu\/wp-content\/uploads\/2025\/01\/Telif-Hakki-Sozlesmesi-InTraders-Kitap-Bolumu.docx\">Telif Hakk\u0131 S\u00f6zle\u015fmesi-InTraders Kitap B\u00f6l\u00fcm\u00fc<\/a><a href=\"https:\/\/intraders.org\/kitapbolumu\/wp-content\/uploads\/2025\/01\/Telif-Hakki-Sozlesmesi-InTraders-Kitap-Bolumu.docx\" class=\"wp-block-file__button wp-element-button\" download aria-describedby=\"wp-block-file--media-eccebe73-681c-42bc-a60c-7849a9e6277b\">\u0130ndir<\/a><\/div>\n\n\n\n<h3 class=\"wp-block-heading\"><strong>Tan\u0131mlar:<\/strong><\/h3>\n\n\n\n<p>1- Yay\u0131nevi: Kitab\u0131n ISBN al\u0131nma i\u015flemini yapan, yay\u0131n sertifikas\u0131 olan t\u00fczel ki\u015fili\u011fe sahip kurumu ifade eder. <\/p>\n\n\n\n<p>2- Edit\u00f6r\/Edit\u00f6rler: Yay\u0131nevi ile s\u00f6zle\u015fme imzalayan, kitab\u0131n telif hakk\u0131n\u0131 kendisinde bulunduran ki\u015fi\/ki\u015fileri ifade eder.<\/p>\n\n\n\n<p>3- B\u00f6l\u00fcm Yazar\u0131\/Yazarlar\u0131: Kitapta yer alan b\u00f6l\u00fcmlerin yazarlar\u0131n\u0131 ifade eder. <\/p>\n\n\n\n<p>Yazarlar, Yay\u0131nc\u0131n\u0131n bu fikri eseri,&nbsp;<a href=\"https:\/\/creativecommons.org\/licenses\/by-nc\/4.0\/\">Creative Commons At\u0131f-Gayri Ticari 4.0 Uluslararas\u0131 (CC BY-NC 4.0) lisans\u0131<\/a>&nbsp;ile yay\u0131nlamas\u0131na izin verirler.&nbsp;<a href=\"https:\/\/creativecommons.org\/licenses\/by-nc\/4.0\/\">Creative Commons At\u0131f-Gayri Ticari 4.0 Uluslararas\u0131 (CC BY-NC 4.0) lisans\u0131<\/a>, eserin ticari kullan\u0131m d\u0131\u015f\u0131nda her boyut ve formatta payla\u015f\u0131lmas\u0131na, kopyalanmas\u0131na, \u00e7o\u011falt\u0131lmas\u0131na ve orijinal esere uygun \u015fekilde at\u0131fta bulunmak kayd\u0131yla yeniden d\u00fczenleme, d\u00f6n\u00fc\u015ft\u00fcrme ve eserin \u00fczerine in\u015fa etme d\u00e2hil adapte edilmesine izin verir.<\/p>\n\n\n\n<p>-Yazarlar Sahiptir; Yazar(lar)\u0131n veya varsa yazar(lar)\u0131n i\u015fvereninin telif d\u00e2hil patent haklar\u0131, fikri m\u00fclkiyet haklar\u0131 sakl\u0131d\u0131r.<\/p>\n\n\n\n<p>InTraders&#8217;da yay\u0131mlanmas\u0131 i\u00e7in de\u011ferlendirilmek \u00fczere g\u00f6nderilen makalenin daha \u00f6nce yurti\u00e7inde ve\/veya yurtd\u0131\u015f\u0131nda, herhangi bir dilde hi\u00e7 bir yerde yay\u0131mlanmad\u0131\u011f\u0131, yay\u0131ma kabul edilmedi\u011fi ve yay\u0131mlanmak \u00fczere ba\u015fka bir dergiye g\u00f6nderilmedi\u011fini yazar\/yazarlar beyan ve taahh\u00fct ederler. InTraders, \u00f6zg\u00fcn ara\u015ft\u0131rmalar yay\u0131mlamay\u0131 ama\u00e7lar ve her a\u015famada bunu denetler.<\/p>\n\n\n\n<p>InTraders, Creative<a href=\"https:\/\/creativecommons.org\/licenses\/by-nc\/4.0\/\">&nbsp;Commons (CC), Uluslararas\u0131 Lisans\u0131 CC BY-NC<\/a>&nbsp;ile lisanslanm\u0131\u015ft\u0131r. Bu lisans, kullanan ki\u015filere orijinal eserden al\u0131nt\u0131 yapt\u0131klar\u0131 s\u00fcrece, eseri da\u011f\u0131tma, kar\u0131\u015ft\u0131rma, ince ayar yapma ya da \u00fczerine \u00e7al\u0131\u015fma haklar\u0131n\u0131 verir. Bir di\u011fer ifadeyle, InTraders&#8217;da yay\u0131mlanan yaz\u0131lardan kaynak g\u00f6sterilerek al\u0131nt\u0131 yap\u0131labilir.<\/p>\n\n\n\n<p>InTraders&#8217;da yer alan yaz\u0131lar\u0131n okuyucular taraf\u0131ndan okunmas\u0131na, indirilmesine, kopyalanmas\u0131na, da\u011f\u0131t\u0131lmas\u0131na, yazd\u0131r\u0131lmas\u0131na ve herhangi bir yasal ama\u00e7la kullan\u0131lmas\u0131na izin verir.&nbsp;<\/p>\n\n\n\n<p>4- <strong>*T\u00fcrk\u00e7e sayfam\u0131z T\u00fcrkiye\u2019den kat\u0131l\u0131mc\u0131lar (T\u00fcrk ve\/veya yabanc\u0131) i\u00e7in ge\u00e7erlidir. \u0130ngilizce sayfam\u0131z T\u00fcrkiye d\u0131\u015f\u0131ndan kat\u0131l\u0131mc\u0131lar (yabanc\u0131 ve\/veya T\u00fcrk) i\u00e7in ge\u00e7erlidir. <\/strong><\/p>\n\n\n\n<p>5-<strong>Proje Koordinat\u00f6r\u00fc de\u011fi\u015fiklik hakk\u0131n\u0131 sakl\u0131 tutar.<\/strong><\/p>\n\n\n\n<h4 class=\"wp-block-heading\"><strong>A\u00e7\u0131k eri\u015fim e-yay\u0131nc\u0131l\u0131k politikam\u0131z:&nbsp;<\/strong><a href=\"http:\/\/conferencealertsintraders.com\/ot\/why-open-access-e-publishing-2\/\"><strong>Why we accept the policy of open access e-publishing<\/strong><\/a><\/h4>\n","protected":false},"excerpt":{"rendered":"<p>Tan\u0131mlar: 1- Yay\u0131nevi: Kitab\u0131n ISBN al\u0131nma i\u015flemini yapan, yay\u0131n sertifikas\u0131 olan t\u00fczel ki\u015fili\u011fe sahip kurumu ifade eder. 2- Edit\u00f6r\/Edit\u00f6rler: Yay\u0131nevi ile s\u00f6zle\u015fme imzalayan, kitab\u0131n telif hakk\u0131n\u0131 kendisinde bulunduran ki\u015fi\/ki\u015fileri ifade eder. 3- B\u00f6l\u00fcm Yazar\u0131\/Yazarlar\u0131: Kitapta yer alan b\u00f6l\u00fcmlerin yazarlar\u0131n\u0131 ifade eder. Yazarlar, Yay\u0131nc\u0131n\u0131n bu fikri eseri,&nbsp;Creative Commons At\u0131f-Gayri Ticari 4.0 Uluslararas\u0131 (CC BY-NC 4.0) lisans\u0131&nbsp;ile &#8230; <a title=\"Telif Hakk\u0131 &#038; Yay\u0131n S\u00fcreci\" class=\"read-more\" href=\"https:\/\/intraders.org\/kitapbolumu\/telif-hakki-yayin-sureci\/\">Read more<\/a><\/p>\n","protected":false},"author":1,"featured_media":0,"parent":0,"menu_order":0,"comment_status":"closed","ping_status":"closed","template":"","meta":{"generate_page_header":"","footnotes":""},"class_list":["post-722","page","type-page","status-publish"],"_links":{"self":[{"href":"https:\/\/intraders.org\/kitapbolumu\/wp-json\/wp\/v2\/pages\/722","targetHints":{"allow":["GET"]}}],"collection":[{"href":"https:\/\/intraders.org\/kitapbolumu\/wp-json\/wp\/v2\/pages"}],"about":[{"href":"https:\/\/intraders.org\/kitapbolumu\/wp-json\/wp\/v2\/types\/page"}],"author":[{"embeddable":true,"href":"https:\/\/intraders.org\/kitapbolumu\/wp-json\/wp\/v2\/users\/1"}],"replies":[{"embeddable":true,"href":"https:\/\/intraders.org\/kitapbolumu\/wp-json\/wp\/v2\/comments?post=722"}],"version-history":[{"count":14,"href":"https:\/\/intraders.org\/kitapbolumu\/wp-json\/wp\/v2\/pages\/722\/revisions"}],"predecessor-version":[{"id":1185,"href":"https:\/\/intraders.org\/kitapbolumu\/wp-json\/wp\/v2\/pages\/722\/revisions\/1185"}],"wp:attachment":[{"href":"https:\/\/intraders.org\/kitapbolumu\/wp-json\/wp\/v2\/media?parent=722"}],"curies":[{"name":"wp","href":"https:\/\/api.w.org\/{rel}","templated":true}]}}