{"id":647,"date":"2021-01-18T11:27:14","date_gmt":"2021-01-18T13:27:14","guid":{"rendered":"https:\/\/intraders.org\/kitapbolumu\/?page_id=647"},"modified":"2025-12-05T04:25:44","modified_gmt":"2025-12-05T06:25:44","slug":"konu-basliklari","status":"publish","type":"page","link":"https:\/\/intraders.org\/kitapbolumu\/konu-basliklari\/","title":{"rendered":"Konu Ba\u015fl\u0131klar\u0131"},"content":{"rendered":"\n<p><strong>Kitap B\u00f6l\u00fcm\u00fc<\/strong> Konular\u0131: \u0130landa olan kitaplar\u0131n konu kapsam\u0131ndad\u0131r. <\/p>\n\n\n\n<p><strong>Dergi <\/strong>(Kurulu\u015f 2018)<strong><a href=\"https:\/\/search.trdizin.gov.tr\/tr\/dergi\/detay\/3430\"> TRDizin (2024-2025)<\/a><\/strong> Konular\u0131: Detayl\u0131 Bilgi i\u00e7in Dergi sayfam\u0131z\u0131 ziyaret ediniz: <a href=\"https:\/\/dergipark.org.tr\/en\/pub\/intraders\">https:\/\/dergipark.org.tr\/en\/pub\/intraders<\/a><\/p>\n\n\n\n<p><strong>Kongre konular\u0131:<\/strong> <\/p>\n\n\n\n<p>May\u0131s Kongreleri: <a href=\"http:\/\/www.intraders.org\/may\">www.intraders.org\/may<\/a><\/p>\n\n\n\n<p>Ekim kongreleri: <a href=\"http:\/\/www.intraders.org\/october\">www.intraders.org\/october<\/a><\/p>\n\n\n\n<p>Kongrelerimize \u00fccretsiz kat\u0131l\u0131m i\u00e7in sosyal sorumluluk projemize kat\u0131labilirsiniz: <a href=\"https:\/\/www.intraders.org\/news\/ot\/columnwriter\/\">Be Our InTraders\u2019 Blogger for Free of Registration to InTraders\u2019 Conferences and International Books &#8211; InTraders Blog<\/a><\/p>\n","protected":false},"excerpt":{"rendered":"<p>Kitap B\u00f6l\u00fcm\u00fc Konular\u0131: \u0130landa olan kitaplar\u0131n konu kapsam\u0131ndad\u0131r. Dergi (Kurulu\u015f 2018) TRDizin (2024-2025) Konular\u0131: Detayl\u0131 Bilgi i\u00e7in Dergi sayfam\u0131z\u0131 ziyaret ediniz: https:\/\/dergipark.org.tr\/en\/pub\/intraders Kongre konular\u0131: May\u0131s Kongreleri: www.intraders.org\/may Ekim kongreleri: www.intraders.org\/october Kongrelerimize \u00fccretsiz kat\u0131l\u0131m i\u00e7in sosyal sorumluluk projemize kat\u0131labilirsiniz: Be Our InTraders\u2019 Blogger for Free of Registration to InTraders\u2019 Conferences and International Books &#8211; InTraders Blog<\/p>\n","protected":false},"author":1,"featured_media":0,"parent":0,"menu_order":0,"comment_status":"closed","ping_status":"closed","template":"","meta":{"generate_page_header":"","footnotes":""},"class_list":["post-647","page","type-page","status-publish"],"_links":{"self":[{"href":"https:\/\/intraders.org\/kitapbolumu\/wp-json\/wp\/v2\/pages\/647","targetHints":{"allow":["GET"]}}],"collection":[{"href":"https:\/\/intraders.org\/kitapbolumu\/wp-json\/wp\/v2\/pages"}],"about":[{"href":"https:\/\/intraders.org\/kitapbolumu\/wp-json\/wp\/v2\/types\/page"}],"author":[{"embeddable":true,"href":"https:\/\/intraders.org\/kitapbolumu\/wp-json\/wp\/v2\/users\/1"}],"replies":[{"embeddable":true,"href":"https:\/\/intraders.org\/kitapbolumu\/wp-json\/wp\/v2\/comments?post=647"}],"version-history":[{"count":6,"href":"https:\/\/intraders.org\/kitapbolumu\/wp-json\/wp\/v2\/pages\/647\/revisions"}],"predecessor-version":[{"id":1214,"href":"https:\/\/intraders.org\/kitapbolumu\/wp-json\/wp\/v2\/pages\/647\/revisions\/1214"}],"wp:attachment":[{"href":"https:\/\/intraders.org\/kitapbolumu\/wp-json\/wp\/v2\/media?parent=647"}],"curies":[{"name":"wp","href":"https:\/\/api.w.org\/{rel}","templated":true}]}}