{"id":578,"date":"2018-11-21T08:23:35","date_gmt":"2018-11-21T08:23:35","guid":{"rendered":"http:\/\/www.intraders.org\/kitapbolumu\/?page_id=578"},"modified":"2023-05-12T16:39:30","modified_gmt":"2023-05-12T18:39:30","slug":"arsiv","status":"publish","type":"page","link":"https:\/\/intraders.org\/kitapbolumu\/arsiv\/","title":{"rendered":"Ar\u015fiv"},"content":{"rendered":"<h4>Yay\u0131nlanm\u0131\u015f Uluslararas\u0131 Kitaplar\u0131m\u0131z:<\/h4>\n<h4><strong>Ar\u015fiv Web Sayfam\u0131z i\u00e7in linki t\u0131klay\u0131n\u0131z; <a href=\"https:\/\/www.intraders.org\/arsiv\/arsiv\/\">https:\/\/www.intraders.org\/arsiv\/arsiv\/<\/a><\/strong><\/h4>\n<h3><span style=\"color: #ff0000;\"><em>Kitap projemiz s\u00fcrekli a\u00e7\u0131k olup hakem s\u00fcrecinden ge\u00e7en en az 7 \u00e7al\u0131\u015fmaya ula\u015f\u0131ld\u0131\u011f\u0131nda kitap yay\u0131nlanmaktad\u0131r. Tarihlere bakmaks\u0131z\u0131n tamamlanan \u00e7al\u0131\u015fmalar\u0131n\u0131z\u0131 g\u00f6nderebilirsiniz.\u00a0<\/em><\/span><\/h3>\n<h4 style=\"text-align: center;\"><a href=\"https:\/\/dergipark.org.tr\/tr\/pub\/intraders\/page\/8724\"><strong>A\u00e7\u0131k eri\u015fim e-yay\u0131nc\u0131l\u0131k politikam\u0131z<\/strong><\/a><\/h4>\n","protected":false},"excerpt":{"rendered":"<p>Yay\u0131nlanm\u0131\u015f Uluslararas\u0131 Kitaplar\u0131m\u0131z: Ar\u015fiv Web Sayfam\u0131z i\u00e7in linki t\u0131klay\u0131n\u0131z; https:\/\/www.intraders.org\/arsiv\/arsiv\/ Kitap projemiz s\u00fcrekli a\u00e7\u0131k olup hakem s\u00fcrecinden ge\u00e7en en az 7 \u00e7al\u0131\u015fmaya ula\u015f\u0131ld\u0131\u011f\u0131nda kitap yay\u0131nlanmaktad\u0131r. Tarihlere bakmaks\u0131z\u0131n tamamlanan \u00e7al\u0131\u015fmalar\u0131n\u0131z\u0131 g\u00f6nderebilirsiniz.\u00a0 A\u00e7\u0131k eri\u015fim e-yay\u0131nc\u0131l\u0131k politikam\u0131z<\/p>\n","protected":false},"author":1,"featured_media":0,"parent":0,"menu_order":0,"comment_status":"closed","ping_status":"closed","template":"","meta":{"generate_page_header":"","footnotes":""},"class_list":["post-578","page","type-page","status-publish"],"_links":{"self":[{"href":"https:\/\/intraders.org\/kitapbolumu\/wp-json\/wp\/v2\/pages\/578","targetHints":{"allow":["GET"]}}],"collection":[{"href":"https:\/\/intraders.org\/kitapbolumu\/wp-json\/wp\/v2\/pages"}],"about":[{"href":"https:\/\/intraders.org\/kitapbolumu\/wp-json\/wp\/v2\/types\/page"}],"author":[{"embeddable":true,"href":"https:\/\/intraders.org\/kitapbolumu\/wp-json\/wp\/v2\/users\/1"}],"replies":[{"embeddable":true,"href":"https:\/\/intraders.org\/kitapbolumu\/wp-json\/wp\/v2\/comments?post=578"}],"version-history":[{"count":28,"href":"https:\/\/intraders.org\/kitapbolumu\/wp-json\/wp\/v2\/pages\/578\/revisions"}],"predecessor-version":[{"id":1060,"href":"https:\/\/intraders.org\/kitapbolumu\/wp-json\/wp\/v2\/pages\/578\/revisions\/1060"}],"wp:attachment":[{"href":"https:\/\/intraders.org\/kitapbolumu\/wp-json\/wp\/v2\/media?parent=578"}],"curies":[{"name":"wp","href":"https:\/\/api.w.org\/{rel}","templated":true}]}}