{"id":185,"date":"2018-01-23T20:09:46","date_gmt":"2018-01-23T20:09:46","guid":{"rendered":"http:\/\/www.intraders.org\/akademik\/?page_id=185"},"modified":"2025-01-09T20:04:29","modified_gmt":"2025-01-09T22:04:29","slug":"iletisim","status":"publish","type":"page","link":"https:\/\/intraders.org\/kitapbolumu\/iletisim\/","title":{"rendered":"\u0130leti\u015fim"},"content":{"rendered":"<p><strong>Kitap B\u00f6l\u00fcm\u00fc<\/strong><\/p>\n<p><b>intradersorg@gmail.com<\/b><\/p>\n<p><strong>Edit\u00f6rlerimiz <span style=\"color: #ff0000;\"><a style=\"color: #ff0000;\" href=\"http:\/\/www.intraders.org\">kongremize kat\u0131lan<\/a><\/span>\/<span style=\"color: #0000ff;\"><a style=\"color: #0000ff;\" href=\"https:\/\/dergipark.org.tr\/en\/pub\/intraders\">dergimize makale g\u00f6nderen<\/a><\/span>\/<span style=\"color: #ff6600;\">hakemlik yapan<\/span><\/strong> ki\u015filer aras\u0131ndan <strong>tercih edilmektedir.\u00a0<\/strong><\/p>\n<h4 style=\"text-align: center;\"><span style=\"color: #ff0000;\"><em>Kitap projemiz s\u00fcrekli a\u00e7\u0131k olup hakem s\u00fcrecinden ge\u00e7en en az 7 \u00e7al\u0131\u015fmaya ula\u015f\u0131ld\u0131\u011f\u0131nda kitap yay\u0131nlanmaktad\u0131r. Tarihlere bakmaks\u0131z\u0131n tamamlanan \u00e7al\u0131\u015fmalar\u0131n\u0131z\u0131 g\u00f6nderebilirsiniz.\u00a0<\/em><\/span><\/h4>\n<h4 style=\"text-align: center;\"><a href=\"https:\/\/dergipark.org.tr\/tr\/pub\/intraders\/page\/8724\"><strong>A\u00e7\u0131k eri\u015fim e-yay\u0131nc\u0131l\u0131k politikam\u0131z<\/strong><\/a><\/h4>\n\n\n<p><\/p>\n","protected":false},"excerpt":{"rendered":"<p>Kitap B\u00f6l\u00fcm\u00fc intradersorg@gmail.com Edit\u00f6rlerimiz kongremize kat\u0131lan\/dergimize makale g\u00f6nderen\/hakemlik yapan ki\u015filer aras\u0131ndan tercih edilmektedir.\u00a0 Kitap projemiz s\u00fcrekli a\u00e7\u0131k olup hakem s\u00fcrecinden ge\u00e7en en az 7 \u00e7al\u0131\u015fmaya ula\u015f\u0131ld\u0131\u011f\u0131nda kitap yay\u0131nlanmaktad\u0131r. Tarihlere bakmaks\u0131z\u0131n tamamlanan \u00e7al\u0131\u015fmalar\u0131n\u0131z\u0131 g\u00f6nderebilirsiniz.\u00a0 A\u00e7\u0131k eri\u015fim e-yay\u0131nc\u0131l\u0131k politikam\u0131z<\/p>\n","protected":false},"author":1,"featured_media":0,"parent":0,"menu_order":0,"comment_status":"closed","ping_status":"closed","template":"","meta":{"generate_page_header":"","footnotes":""},"class_list":["post-185","page","type-page","status-publish"],"_links":{"self":[{"href":"https:\/\/intraders.org\/kitapbolumu\/wp-json\/wp\/v2\/pages\/185","targetHints":{"allow":["GET"]}}],"collection":[{"href":"https:\/\/intraders.org\/kitapbolumu\/wp-json\/wp\/v2\/pages"}],"about":[{"href":"https:\/\/intraders.org\/kitapbolumu\/wp-json\/wp\/v2\/types\/page"}],"author":[{"embeddable":true,"href":"https:\/\/intraders.org\/kitapbolumu\/wp-json\/wp\/v2\/users\/1"}],"replies":[{"embeddable":true,"href":"https:\/\/intraders.org\/kitapbolumu\/wp-json\/wp\/v2\/comments?post=185"}],"version-history":[{"count":15,"href":"https:\/\/intraders.org\/kitapbolumu\/wp-json\/wp\/v2\/pages\/185\/revisions"}],"predecessor-version":[{"id":1149,"href":"https:\/\/intraders.org\/kitapbolumu\/wp-json\/wp\/v2\/pages\/185\/revisions\/1149"}],"wp:attachment":[{"href":"https:\/\/intraders.org\/kitapbolumu\/wp-json\/wp\/v2\/media?parent=185"}],"curies":[{"name":"wp","href":"https:\/\/api.w.org\/{rel}","templated":true}]}}