{"id":183,"date":"2018-01-23T20:09:45","date_gmt":"2018-01-23T20:09:45","guid":{"rendered":"http:\/\/www.intraders.org\/akademik\/?page_id=183"},"modified":"2026-01-23T23:13:31","modified_gmt":"2026-01-24T01:13:31","slug":"pazar-arastirmasi","status":"publish","type":"page","link":"https:\/\/intraders.org\/kitapbolumu\/pazar-arastirmasi\/","title":{"rendered":"Kitap B\u00f6l\u00fcm\u00fc"},"content":{"rendered":"<h3>K\u0130TAP B\u00d6L\u00dcM\u00dc<\/h3>\n<p><strong>Kitap B\u00f6l\u00fcm\u00fc \u00dccreti: 3.000TL (KDV Dahil)<\/strong><\/p>\n<p><strong>Edit\u00f6r \u00dccreti: Tek Edit\u00f6r: 5000 (KDV Dahil) \u00c7ift Edit\u00f6r, Edit\u00f6r: 3500TL (KDV Dahil) 3 Edit\u00f6rl\u00fc; Edit\u00f6r: 3000TL (KDV Dahil)<\/strong><\/p>\n<p>T\u00fcrk\u00e7e ve \u0130ngilizce Uluslararas\u0131 Kitap yay\u0131nlamaktay\u0131z. T\u00fcrk\u00e7e kitab\u0131n edit\u00f6rleri T\u00fcrkiye\u2019den olu\u015fmaktad\u0131r. \u0130ngilizce Kitab\u0131n edit\u00f6rleri yurti\u00e7i ve yurtd\u0131\u015f\u0131ndan olu\u015fmaktad\u0131r.<\/p>\n<p><em><span style=\"color: #ff0000;\">Kitap projemiz s\u00fcrekli a\u00e7\u0131k olup hakem s\u00fcrecinden ge\u00e7en en az 7 \u00e7al\u0131\u015fmaya ula\u015f\u0131ld\u0131\u011f\u0131nda kitap yay\u0131nlanmaktad\u0131r. Tarihlere bakmaks\u0131z\u0131n tamamlanan \u00e7al\u0131\u015fmalar\u0131n\u0131z\u0131 g\u00f6nderebilirsiniz.\u00a0<\/span><\/em><\/p>\n<p><strong>Planlanan uluslararas\u0131 kitap do\u00e7entlik ba\u015fvuru kriterini sa\u011flayan \u201cNOBEL-GAZ\u0130-H\u0130PERYAYIN\u201d taraf\u0131ndan e-kitap olarak yay\u0131nlanacakt\u0131r. (<span style=\"color: #ff0000;\">Yay\u0131nevleri ad\u0131na kitap b\u00f6l\u00fcm\u00fc toplaMIyoruz. Edit\u00f6r\/edit\u00f6rler) kendi ad\u0131na kitap b\u00f6l\u00fcm\u00fc toplamakta ve istedi\u011fi yay\u0131nevinden yay\u0131nlanmak \u00fczere s\u00f6zle\u015fme (s\u00f6zle\u015fme telif hakk\u0131 kanunu gere\u011fince edit\u00f6r ile yay\u0131nevi aras\u0131nda olmaktad\u0131r.) yapmaktad\u0131r.<\/span> )<\/strong><\/p>\n<ul>\n<li>Kitap B\u00f6l\u00fcm\u00fc \u00e7al\u0131\u015fmalar\u0131 i\u00e7in son g\u00f6nderim tarihi bulunmamaktad\u0131r. En az 7 \u00e7al\u0131\u015fma olmas\u0131 durumunda tarihe bak\u0131lmaks\u0131z\u0131n akademik inceleme s\u00fcreci tamamlanmas\u0131ndan sonra \u201cKitap\u201d yay\u0131nlanmaktad\u0131r. S\u00fcrekli kitap projemiz olmas\u0131 vesilesi ile \u00e7al\u0131\u015fman\u0131z\u0131n <strong>haz\u0131r olmas\u0131 durumunda intradersorg@gmail.com <\/strong>ileti\u015fime ge\u00e7ebilirsiniz.<\/li>\n<li>Kitap b\u00f6l\u00fcm\u00fc \u00e7al\u0131\u015fmalar\u0131\u00a0<strong>T\u00fcrk\u00e7e<\/strong>\u00a0ve\u00a0\u00a0<strong>\u0130ngilizce\u2019dir. T\u00fcrk\u00e7e \u00e7al\u0131\u015fmalar T\u00fcrk\u00e7e kitapta, \u0130ngilizce \u00e7al\u0131\u015fmalar \u0130ngilizce Kitap\u2019ta yer almaktad\u0131r.<\/strong>.<\/li>\n<li>Kitapta en az 7 \u00e7al\u0131\u015fma yer almas\u0131 planlanmaktad\u0131r. Kitap yay\u0131n s\u00fcrecinde sekretarya, bilim kurulunu ve uluslararas\u0131 edit\u00f6r kurulunu ilan eder.<\/li>\n<li>Konu kapsam\u0131 Do\u00e7entlik kriterlerine g\u00f6re alan kitaplar\u0131d\u0131r. Kitaptaki b\u00f6l\u00fcmlerin vaka \u00e7al\u0131\u015fmalar\u0131na y\u00f6nelik ara\u015ft\u0131rmalar olarak d\u00fczenlenmesi beklenmektedir.<\/li>\n<\/ul>\n<p>*T\u00fcrk\u00e7e sayfam\u0131zda yer alan \u00fccretler T\u00fcrkiye&#8217;den kat\u0131l\u0131m sa\u011flayan (yabanc\u0131, T\u00fcrk) ara\u015ft\u0131rmac\u0131lar i\u00e7in ge\u00e7erlidir.<\/p>\n<p>*De\u011fi\u015fiklik hakk\u0131 sakl\u0131d\u0131r.<\/p>\n<p>*Kongre sosyal sorumluluk bilinciyle kar amac\u0131 g\u00fctmeyen g\u00f6n\u00fcll\u00fclerin olu\u015fturdu\u011fu sosyal sorumluluk olu\u015fumudur.<\/p>\n<p>Kitap b\u00f6l\u00fcm\u00fcn\u00fcz\u00fc <b>intradersorg@gmail.com<\/b> ye g\u00f6nderebilirsiniz.<\/p>\n\n\n<p> <strong>*T\u00fcrk\u00e7e sayfam\u0131z T\u00fcrkiye\u2019den kat\u0131l\u0131mc\u0131lar (T\u00fcrk ve\/veya yabanc\u0131) i\u00e7in ge\u00e7erlidir. \u0130ngilizce sayfam\u0131z T\u00fcrkiye d\u0131\u015f\u0131ndan kat\u0131l\u0131mc\u0131lar (yabanc\u0131 ve\/veya T\u00fcrk) i\u00e7in ge\u00e7erlidir. <\/strong><\/p>\n\n\n\n<p class=\"has-text-align-center\"><strong> <a href=\"https:\/\/dergipark.org.tr\/tr\/pub\/intraders\/page\/8724\">A\u00e7\u0131k eri\u015fim e-yay\u0131nc\u0131l\u0131k politikam\u0131z<\/a><\/strong><\/p>\n","protected":false},"excerpt":{"rendered":"<p>K\u0130TAP B\u00d6L\u00dcM\u00dc Kitap B\u00f6l\u00fcm\u00fc \u00dccreti: 3.000TL (KDV Dahil) Edit\u00f6r \u00dccreti: Tek Edit\u00f6r: 5000 (KDV Dahil) \u00c7ift Edit\u00f6r, Edit\u00f6r: 3500TL (KDV Dahil) 3 Edit\u00f6rl\u00fc; Edit\u00f6r: 3000TL (KDV Dahil) T\u00fcrk\u00e7e ve \u0130ngilizce Uluslararas\u0131 Kitap yay\u0131nlamaktay\u0131z. T\u00fcrk\u00e7e kitab\u0131n edit\u00f6rleri T\u00fcrkiye\u2019den olu\u015fmaktad\u0131r. \u0130ngilizce Kitab\u0131n edit\u00f6rleri yurti\u00e7i ve yurtd\u0131\u015f\u0131ndan olu\u015fmaktad\u0131r. Kitap projemiz s\u00fcrekli a\u00e7\u0131k olup hakem s\u00fcrecinden ge\u00e7en en az &#8230; <a title=\"Kitap B\u00f6l\u00fcm\u00fc\" class=\"read-more\" href=\"https:\/\/intraders.org\/kitapbolumu\/pazar-arastirmasi\/\">Read more<\/a><\/p>\n","protected":false},"author":1,"featured_media":0,"parent":0,"menu_order":0,"comment_status":"closed","ping_status":"closed","template":"","meta":{"generate_page_header":"","footnotes":""},"class_list":["post-183","page","type-page","status-publish"],"_links":{"self":[{"href":"https:\/\/intraders.org\/kitapbolumu\/wp-json\/wp\/v2\/pages\/183","targetHints":{"allow":["GET"]}}],"collection":[{"href":"https:\/\/intraders.org\/kitapbolumu\/wp-json\/wp\/v2\/pages"}],"about":[{"href":"https:\/\/intraders.org\/kitapbolumu\/wp-json\/wp\/v2\/types\/page"}],"author":[{"embeddable":true,"href":"https:\/\/intraders.org\/kitapbolumu\/wp-json\/wp\/v2\/users\/1"}],"replies":[{"embeddable":true,"href":"https:\/\/intraders.org\/kitapbolumu\/wp-json\/wp\/v2\/comments?post=183"}],"version-history":[{"count":41,"href":"https:\/\/intraders.org\/kitapbolumu\/wp-json\/wp\/v2\/pages\/183\/revisions"}],"predecessor-version":[{"id":1221,"href":"https:\/\/intraders.org\/kitapbolumu\/wp-json\/wp\/v2\/pages\/183\/revisions\/1221"}],"wp:attachment":[{"href":"https:\/\/intraders.org\/kitapbolumu\/wp-json\/wp\/v2\/media?parent=183"}],"curies":[{"name":"wp","href":"https:\/\/api.w.org\/{rel}","templated":true}]}}