{"id":160,"date":"2018-01-23T20:05:08","date_gmt":"2018-01-23T20:05:08","guid":{"rendered":"http:\/\/www.intraders.org\/akademik\/?page_id=160"},"modified":"2026-01-23T23:09:57","modified_gmt":"2026-01-24T01:09:57","slug":"hakkimizda","status":"publish","type":"page","link":"https:\/\/intraders.org\/kitapbolumu\/","title":{"rendered":"Hakk\u0131m\u0131zda"},"content":{"rendered":"<h3 style=\"text-align: center;\"><\/h3>\n<h3 style=\"text-align: center;\">K\u0130TAP B\u00d6L\u00dcM\u00dc<\/h3>\n<p style=\"text-align: center;\"><span style=\"color: #ff0000;\"><strong>DUYURU<\/strong><\/span><\/p>\n<p style=\"text-align: center;\"><span style=\"color: #000080;\"><strong>2026 Kitap Projeleri<\/strong><\/span><\/p>\n<p style=\"text-align: center;\"><strong>&#8220;\u00c7al\u0131\u015fma Ekonomisi&#8221;, &#8220;Uluslararas\u0131 Ticaret&#8221;, &#8220;Makro Ekonomi&#8221;, &#8220;Pazarlama&#8221;<\/strong><\/p>\n<p style=\"text-align: center;\">Kitap edit\u00f6rleri daha sonra duyurulacakt\u0131r. Edit\u00f6r tercihlerinde kongrelerimize kat\u0131lan\/dergimize makale g\u00f6nderen yazarlara \u00f6ncelik verilmektedir. <strong>Kongre sayfas\u0131<\/strong><a href=\"https:\/\/www.intraders.org\/\"> InTraders\u00a0Conferences<\/a> ve <strong>Dergi (TRDizin: 2024-2025)<\/strong> sayfam\u0131z ise <a href=\"https:\/\/dergipark.org.tr\/en\/pub\/intraders\">InTraders International Trade Academic Journal \u00bb Home\u00a0<\/a>\u00a0 Edit\u00f6r talepleriniz i\u00e7in intradersorg@gmail.com a yazabilirsiniz.<\/p>\n<p style=\"text-align: left;\">Kitap B\u00f6l\u00fcm\u00fcnde; Edit\u00f6r ve K\u00f6r Hakem s\u00fcrecinden ge\u00e7en \u00e7al\u0131\u015fmalar\u0131 yay\u0131nlamaktay\u0131z. (<strong>Kitaplarda yer alan b\u00f6l\u00fcmlerin akademik te\u015fvik\/do\u00e7entlik\/atanma vb. durumlarda kabul edilmemesi durumunda hakem raporlar\u0131 mahkeme s\u00fcre\u00e7leri i\u00e7in yazarla ve ilgili kurumlarla payla\u015f\u0131lacakt\u0131r.<\/strong> ) Kitap B\u00f6l\u00fcmlerinin sayg\u0131nl\u0131\u011f\u0131 ve daha fazla yayg\u0131nl\u0131\u011f\u0131 i\u00e7in say\u0131ca \u00e7ok eserden ziyade nitelikli eserler \u00e7\u0131kar\u0131lmas\u0131 \u00fczerinde hassasiyetle durdu\u011fumuz noktad\u0131r. \u00dcz\u00fclerek belirtmek gerekir ki bir\u00e7ok yay\u0131nla ilgili olumsuz g\u00f6r\u00fc\u015fler var ise bunu olu\u015fturan \u015f\u00fcphesiz ki yine \u00e7al\u0131\u015fma sahipleridir. \u00c7al\u0131\u015fma sahiplerinin, \u00e7al\u0131\u015fmalar\u0131n\u0131n edit\u00f6r ve hakem incelemesi sonucu kabul edilmesi durumunda yay\u0131nlanaca\u011f\u0131n\u0131 bilmeleri ve \u00e7al\u0131\u015fma g\u00f6nderirken bunlar\u0131 g\u00f6z \u00f6n\u00fcnde bulundurmas\u0131 beklenmektedir.<\/p>\n<p style=\"text-align: center;\"><strong>\u00c7al\u0131\u015fma Ekonomisi, Uluslararas\u0131 Ticaret, Makro Ekonomi, Pazarlama kitap projeleri olacakt\u0131r. <\/strong><\/p>\n<p><strong>Yay\u0131n t\u00fcrlerimiz;<\/strong><\/p>\n<ol>\n<li>\n<h4>\u00a0<a href=\"https:\/\/intraders.org\/arsiv\/arsiv\/\">Uluslararas\u0131 Kitap (Kitap B\u00f6l\u00fcm\u00fc; Do\u00e7entlik ve Akademik Te\u015fvikte ge\u00e7erli)<\/a><\/h4>\n<\/li>\n<li>\n<h4>\u00a0<a href=\"https:\/\/intraders.org\/arsiv\/kongre-kitaplari-arsivi\/\">Kongre \u00f6zet ve tam metin kitaplar\u0131 (Y\u00d6K Uluslararas\u0131 Kongre Kriterine Uygun), EBSCO ve ProQuest Ebook Veritaban\u0131nda<\/a><\/h4>\n<\/li>\n<li>\n<h4>\u00a0<a href=\"https:\/\/dergipark.org.tr\/en\/pub\/intraders\">Dergi (2018: Aral\u0131k-Temmuz); <\/a><strong><span style=\"color: #ff0000;\"><a style=\"color: #ff0000;\" href=\"https:\/\/search.trdizin.gov.tr\/tr\/dergi\/detay\/3430\">TRDizin(2024-2025)<\/a>,<\/span><\/strong><a href=\"https:\/\/dergipark.org.tr\/en\/pub\/intraders\"> Akademik Te\u015fvik ve Do\u00e7entlik Kriterleri sa\u011flamaktad\u0131r.<\/a><\/h4>\n<\/li>\n<\/ol>\n<p>Kitap alanlar\u0131: e\u011fitim ve sosyal bilimlerdir. Do\u00e7entlik kriterlerine y\u00f6nelik alan kitaplar\u0131 olacakt\u0131r.<\/p>\n<p>T\u00fcrk\u00e7e ve \u0130ngilizce Uluslararas\u0131 Kitap yay\u0131nlamaktay\u0131z. T\u00fcrk\u00e7e kitab\u0131n edit\u00f6rleri T\u00fcrkiye&#8217;den olu\u015fmaktad\u0131r. \u0130ngilizce Kitab\u0131n edit\u00f6rleri yurti\u00e7i ve yurtd\u0131\u015f\u0131ndan olu\u015fmaktad\u0131r.<\/p>\n<p><em><span style=\"color: #ff0000;\">Kitap projemiz s\u00fcrekli a\u00e7\u0131k olup hakem s\u00fcrecinden ge\u00e7en en az 7 \u00e7al\u0131\u015fmaya ula\u015f\u0131ld\u0131\u011f\u0131nda kitap yay\u0131nlanmaktad\u0131r. Tarihlere bakmaks\u0131z\u0131n tamamlanan \u00e7al\u0131\u015fmalar\u0131n\u0131z\u0131 g\u00f6nderebilirsiniz.\u00a0<\/span><\/em><\/p>\n<p><strong>Planlanan uluslararas\u0131 kitaplar, do\u00e7entlik ba\u015fvuru kriterini sa\u011flayan \u201cNobel, Gazi, Hiperyay\u0131n&#8221; Yay\u0131nevleri ile anla\u015fma sa\u011flanm\u0131\u015ft\u0131r. <span style=\"color: #ff0000;\">Yay\u0131nevleri ad\u0131na kitap b\u00f6l\u00fcm\u00fc toplaMIyoruz.<\/span> <span style=\"color: #ff0000;\">Edit\u00f6r\/edit\u00f6rler) kendi ad\u0131na kitap b\u00f6l\u00fcm\u00fc toplamakta ve istedi\u011fi yay\u0131nevinden yay\u0131nlanmak \u00fczere s\u00f6zle\u015fme (s\u00f6zle\u015fme telif hakk\u0131 kanunu gere\u011fince edit\u00f6r ile yay\u0131nevi aras\u0131nda olmaktad\u0131r.) yapmaktad\u0131r.\u00a0<\/span><\/strong><\/p>\n<p><strong>Kitap b\u00f6l\u00fcmleri en az 7 \u00e7al\u0131\u015fmadan olu\u015fmakta olup en fazla 13 b\u00f6l\u00fcmden olu\u015fmaktad\u0131r. Edit\u00f6r ve yazarlar\u0131n tercihine g\u00f6re yay\u0131nevi belirlenmektedir.\u00a0<\/strong><\/p>\n<p><strong>Planlanan Yay\u0131n Tarihi: Haziran-Ekim aylar\u0131d\u0131r.<\/strong>\u00a0Kitap projemiz dinamik olup en az 7 \u00e7al\u0131\u015fmaya ula\u015f\u0131ld\u0131\u011f\u0131nda s\u00fcreye bakmaks\u0131z\u0131n yay\u0131n yap\u0131lmaktad\u0131r.<\/p>\n<p>-Sekretarya (Proje Koordinat\u00f6r\u00fc), K\u00fcr\u015fat \u00c7apraz\u2019d\u0131r; Dr \u00f6\u011frenimini s\u00fcrd\u00fcrmekte olup\u00a0<a href=\"https:\/\/intraders.org\/arsiv\/kongre-kitaplari-arsivi\/\">InTraders Kongre Kitaplar\u0131<\/a>n\u0131n ve 2018 y\u0131l\u0131nda yay\u0131n hayat\u0131na ba\u015flayan<a href=\"https:\/\/dergipark.org.tr\/tr\/pub\/intraders\">\u00a0InTraders Uluslararas\u0131 Ticaret Akademik Dergisi<\/a>\u2018nin yay\u0131nc\u0131s\u0131d\u0131r.<\/p>\n<p>-Sekretarya (Proje Koordinat\u00f6r\u00fc) ismi kitapta yer al\u0131r; kitab\u0131n a\u00e7\u0131k eri\u015fimli-\u00fccretsiz indirilebilir yay\u0131nlanmas\u0131, veritabanlar\u0131na kaydedilmesi, k\u00fct\u00fcphanelere ba\u015fvurulmas\u0131 vb. indekslenme ile ilgili i\u015flemlerde yetkilidir. Kitaplar\u0131n bilinirli\u011finin art\u0131r\u0131lmas\u0131 ve at\u0131f i\u00e7in geri planda \u00e7al\u0131\u015fma yapmakla yetkilidir. Mali bir sorumlulu\u011fu yoktur.<\/p>\n<p>&#8211;<strong>Edit\u00f6rl\u00fck talebinizi \u00f6zet\u00a0 Cv&#8217;niz ile\u00a0 intradersorg@gmail.com&#8217;a bildirebilirsiniz. <\/strong><strong>En k\u0131sa s\u00fcrede d\u00f6n\u00fc\u015f yap\u0131lacakt\u0131r. (Edit\u00f6rl\u00fck i\u00e7in en az Dr. \u00fcnvan\u0131na sahip olmak gereklidir.). Kitap alanlar\u0131: e\u011fitim ve sosyal bilimlerdir. Do\u00e7entlik kriterlerine y\u00f6nelik alan kitaplar\u0131 olacakt\u0131r.<\/strong><\/p>\n<p><span style=\"font-size: inherit; background-color: initial;\">Kitap b\u00f6l\u00fcm\u00fcn\u00fcz\u00fc\u00a0 <b>intradersorg@gmail.com&#8217;<\/b><\/span><span style=\"background-color: initial; font-size: inherit;\">ye g\u00f6nderebilirsiniz.\u00a0<\/span><\/p>\n<p><strong>Edit\u00f6rlerimiz <span style=\"color: #ff0000;\"><a style=\"color: #ff0000;\" href=\"http:\/\/www.intraders.org\">kongremize kat\u0131lan<\/a><\/span>\/<span style=\"color: #0000ff;\"><a style=\"color: #0000ff;\" href=\"https:\/\/dergipark.org.tr\/en\/pub\/intraders\">dergimize makale g\u00f6nderen<\/a><\/span>\/<span style=\"color: #ff6600;\">hakemlik yapan<\/span><\/strong> ki\u015filer aras\u0131ndan <strong>tercih edilmektedir.\u00a0<\/strong><\/p>\n<p>*De\u011fi\u015fiklik hakk\u0131 sakl\u0131d\u0131r.<\/p>\n<p>*T\u00fcrk\u00e7e sayfam\u0131z T\u00fcrkiye&#8217;den kat\u0131l\u0131mc\u0131lar (T\u00fcrk ve\/veya yabanc\u0131) i\u00e7in ge\u00e7erlidir. \u0130ngilizce sayfam\u0131z T\u00fcrkiye d\u0131\u015f\u0131ndan kat\u0131l\u0131mc\u0131lar (yabanc\u0131 ve\/veya T\u00fcrk) i\u00e7in ge\u00e7erlidir.<\/p>\n<h4 style=\"text-align: center;\"><a href=\"https:\/\/dergipark.org.tr\/tr\/pub\/intraders\/page\/8724\"><strong>A\u00e7\u0131k eri\u015fim e-yay\u0131nc\u0131l\u0131k politikam\u0131z<\/strong><\/a><\/h4>\n<p style=\"text-align: center;\">\n","protected":false},"excerpt":{"rendered":"<p>K\u0130TAP B\u00d6L\u00dcM\u00dc DUYURU 2026 Kitap Projeleri &#8220;\u00c7al\u0131\u015fma Ekonomisi&#8221;, &#8220;Uluslararas\u0131 Ticaret&#8221;, &#8220;Makro Ekonomi&#8221;, &#8220;Pazarlama&#8221; Kitap edit\u00f6rleri daha sonra duyurulacakt\u0131r. Edit\u00f6r tercihlerinde kongrelerimize kat\u0131lan\/dergimize makale g\u00f6nderen yazarlara \u00f6ncelik verilmektedir. Kongre sayfas\u0131 InTraders\u00a0Conferences ve Dergi (TRDizin: 2024-2025) sayfam\u0131z ise InTraders International Trade Academic Journal \u00bb Home\u00a0\u00a0 Edit\u00f6r talepleriniz i\u00e7in intradersorg@gmail.com a yazabilirsiniz. Kitap B\u00f6l\u00fcm\u00fcnde; Edit\u00f6r ve K\u00f6r Hakem &#8230; <a title=\"Hakk\u0131m\u0131zda\" class=\"read-more\" href=\"https:\/\/intraders.org\/kitapbolumu\/\">Read more<\/a><\/p>\n","protected":false},"author":1,"featured_media":0,"parent":0,"menu_order":0,"comment_status":"closed","ping_status":"closed","template":"","meta":{"generate_page_header":"","footnotes":""},"class_list":["post-160","page","type-page","status-publish"],"_links":{"self":[{"href":"https:\/\/intraders.org\/kitapbolumu\/wp-json\/wp\/v2\/pages\/160","targetHints":{"allow":["GET"]}}],"collection":[{"href":"https:\/\/intraders.org\/kitapbolumu\/wp-json\/wp\/v2\/pages"}],"about":[{"href":"https:\/\/intraders.org\/kitapbolumu\/wp-json\/wp\/v2\/types\/page"}],"author":[{"embeddable":true,"href":"https:\/\/intraders.org\/kitapbolumu\/wp-json\/wp\/v2\/users\/1"}],"replies":[{"embeddable":true,"href":"https:\/\/intraders.org\/kitapbolumu\/wp-json\/wp\/v2\/comments?post=160"}],"version-history":[{"count":121,"href":"https:\/\/intraders.org\/kitapbolumu\/wp-json\/wp\/v2\/pages\/160\/revisions"}],"predecessor-version":[{"id":1218,"href":"https:\/\/intraders.org\/kitapbolumu\/wp-json\/wp\/v2\/pages\/160\/revisions\/1218"}],"wp:attachment":[{"href":"https:\/\/intraders.org\/kitapbolumu\/wp-json\/wp\/v2\/media?parent=160"}],"curies":[{"name":"wp","href":"https:\/\/api.w.org\/{rel}","templated":true}]}}