{"id":893,"date":"2022-08-01T21:19:11","date_gmt":"2022-08-01T23:19:11","guid":{"rendered":"https:\/\/intraders.org\/arsiv\/?page_id=893"},"modified":"2023-01-25T15:26:16","modified_gmt":"2023-01-25T17:26:16","slug":"arsiv-politikasi-depo-politikasi","status":"publish","type":"page","link":"https:\/\/intraders.org\/arsiv\/arsiv-politikasi-depo-politikasi\/","title":{"rendered":"Ar\u015fiv Politikas\u0131 &#038; Depo Politikas\u0131"},"content":{"rendered":"\n<p><strong>Ar\u015fiv Politikas\u0131<\/strong><\/p>\n\n\n\n<p>Uzun d\u00f6nemli verileri saklama yeri DergiPark ve InTraders Akademik Platformun Ar\u015fiv Web&#8217;idir.&nbsp;<\/p>\n\n\n\n<p>Dergipark Dergi Say\u0131lar\u0131 Ar\u015fiv Linki:\u00a0<a href=\"https:\/\/dergipark.org.tr\/tr\/pub\/intraders\/archive\">https:\/\/dergipark.org.tr\/tr\/pub\/intraders\/archive<\/a><\/p>\n\n\n\n<p>InTraders Akademik Platformun Ar\u015fiv Web&#8217;i:\u00a0<a href=\"https:\/\/intraders.org\/arsiv\/\">https:\/\/intraders.org\/arsiv\/<\/a><\/p>\n\n\n\n<p><strong>Depo Politikas\u0131<\/strong><\/p>\n\n\n\n<p>InTraders, yazarlar\u0131n \u00e7al\u0131\u015fmalar\u0131n\u0131n s\u00fcr\u00fcmlerini se\u00e7tikleri bir kurumsal veya ba\u015fka bir ar\u015five yerle\u015ftirmelerine izin veren bir politikaya sahiptir.<\/p>\n","protected":false},"excerpt":{"rendered":"<p>Ar\u015fiv Politikas\u0131 Uzun d\u00f6nemli verileri saklama yeri DergiPark ve InTraders Akademik Platformun Ar\u015fiv Web&#8217;idir.&nbsp; Dergipark Dergi Say\u0131lar\u0131 Ar\u015fiv Linki:\u00a0https:\/\/dergipark.org.tr\/tr\/pub\/intraders\/archive InTraders Akademik Platformun Ar\u015fiv Web&#8217;i:\u00a0https:\/\/intraders.org\/arsiv\/ Depo Politikas\u0131 InTraders, yazarlar\u0131n \u00e7al\u0131\u015fmalar\u0131n\u0131n s\u00fcr\u00fcmlerini se\u00e7tikleri bir kurumsal veya ba\u015fka bir ar\u015five yerle\u015ftirmelerine izin veren bir politikaya sahiptir.<\/p>\n","protected":false},"author":1,"featured_media":0,"parent":0,"menu_order":0,"comment_status":"closed","ping_status":"closed","template":"","meta":{"generate_page_header":"","footnotes":""},"class_list":["post-893","page","type-page","status-publish"],"_links":{"self":[{"href":"https:\/\/intraders.org\/arsiv\/wp-json\/wp\/v2\/pages\/893","targetHints":{"allow":["GET"]}}],"collection":[{"href":"https:\/\/intraders.org\/arsiv\/wp-json\/wp\/v2\/pages"}],"about":[{"href":"https:\/\/intraders.org\/arsiv\/wp-json\/wp\/v2\/types\/page"}],"author":[{"embeddable":true,"href":"https:\/\/intraders.org\/arsiv\/wp-json\/wp\/v2\/users\/1"}],"replies":[{"embeddable":true,"href":"https:\/\/intraders.org\/arsiv\/wp-json\/wp\/v2\/comments?post=893"}],"version-history":[{"count":4,"href":"https:\/\/intraders.org\/arsiv\/wp-json\/wp\/v2\/pages\/893\/revisions"}],"predecessor-version":[{"id":995,"href":"https:\/\/intraders.org\/arsiv\/wp-json\/wp\/v2\/pages\/893\/revisions\/995"}],"wp:attachment":[{"href":"https:\/\/intraders.org\/arsiv\/wp-json\/wp\/v2\/media?parent=893"}],"curies":[{"name":"wp","href":"https:\/\/api.w.org\/{rel}","templated":true}]}}