{"id":887,"date":"2022-08-01T21:16:14","date_gmt":"2022-08-01T23:16:14","guid":{"rendered":"https:\/\/intraders.org\/arsiv\/?page_id=887"},"modified":"2023-01-25T15:20:56","modified_gmt":"2023-01-25T17:20:56","slug":"ozgunluk-ve-intihal-denetimi","status":"publish","type":"page","link":"https:\/\/intraders.org\/arsiv\/ozgunluk-ve-intihal-denetimi\/","title":{"rendered":"\u00d6zg\u00fcnl\u00fck ve \u0130ntihal Denetimi"},"content":{"rendered":"\n<p><strong>\u00d6zg\u00fcnl\u00fck ve \u0130ntihal Denetimi<\/strong><\/p>\n\n\n\n<p><em>\u201c<strong>\u0130ntihal;<\/strong>\u00a0ba\u015fkalar\u0131n\u0131n \u00f6zg\u00fcn fikirlerini, metotlar\u0131n\u0131, verilerini veya eserlerini bilimsel kurallara uygun bi\u00e7imde at\u0131f yapmadan k\u0131smen veya tamamen kendi eseri gibi g\u00f6stermektir (Y\u00d6K Bilimsel Ara\u015ft\u0131rma ve Yay\u0131n Eti\u011fi Y\u00f6nergesi, 4\/1a).\u201d<\/em><\/p>\n\n\n\n<ul class=\"wp-block-list\"><li><strong>InTraders<\/strong>,&nbsp;<a href=\"https:\/\/dergipark.org.tr\/tr\/pub\/intraders\/page\/8720\">yay\u0131n ilkeleri<\/a>&nbsp;do\u011frultusunda&nbsp;<strong>\u00f6zg\u00fcn&nbsp;<\/strong>ve&nbsp;<strong>bilimsel&nbsp;<\/strong>ara\u015ft\u0131rmalar\u0131 yay\u0131mlamay\u0131 ama\u00e7lar. Bu kapsamda&nbsp;<strong>InTraders<\/strong>&nbsp;<strong>yay\u0131n eti\u011fine ayk\u0131r\u0131 yay\u0131n yapmamay\u0131 taahh\u00fct eder<\/strong>&nbsp;ve dergiye sunulan makalelerin tamam\u0131 \u00f6n kontrol a\u015famas\u0131nda sekretarya taraf\u0131ndan&nbsp;<strong>intihal\/benzerlik denetimine<\/strong>&nbsp;tabi tutulur.<\/li><\/ul>\n\n\n\n<ul class=\"wp-block-list\"><li><strong>InTraders<\/strong>, makalelerde olas\u0131 intihallerin tespiti i\u00e7in&nbsp;<strong>benzerlik raporu sunan<\/strong><a href=\"https:\/\/www.turnitin.com\/\">&nbsp;<\/a>programlar kullanmaktad\u0131r.<\/li><\/ul>\n\n\n\n<ul class=\"wp-block-list\"><li>Dergi Yay\u0131n Kurulu makalelerde&nbsp;<strong>genel benzerlik<\/strong>&nbsp;oran\u0131n\u0131n \u00fcst s\u0131n\u0131r\u0131n\u0131&nbsp;<strong>% 20&#8242;<\/strong>dir.<\/li><\/ul>\n\n\n\n<ul class=\"wp-block-list\"><li>Bu kapsamda dergiye sunulan t\u00fcm makaleler i\u00e7in&nbsp;<strong>benzerlik raporu sunan<\/strong><a href=\"https:\/\/www.turnitin.com\/\">&nbsp;<\/a>programlar yard\u0131m\u0131yla intihal raporu olu\u015fturulur ve s\u00f6z konusu rapor sistem \u00fczerinden yazara g\u00f6nderilir. Ancak makalenin intihal i\u00e7erip i\u00e7ermedi\u011fi karar\u0131,&nbsp;<strong>sadece&nbsp;<\/strong>intihal raporu sonu\u00e7lar\u0131na bak\u0131larak verilmez. Edit\u00f6r s\u00f6z konusu rapor ile birlikte makalede kullan\u0131lan&nbsp;<strong>at\u0131f sistemini<\/strong>&nbsp;de inceleyerek&nbsp;<strong>nihai karar\u0131n\u0131<\/strong>&nbsp;a\u00e7\u0131klar. Edit\u00f6r\u00fcn nihai karar\u0131, gerekli d\u00fczeltmelerin yap\u0131lmas\u0131 i\u00e7in yazara geri g\u00f6nderme \u015feklinde olabilece\u011fi gibi makaleyi reddetme \u015feklinde de olabilir.<\/li><\/ul>\n","protected":false},"excerpt":{"rendered":"<p>\u00d6zg\u00fcnl\u00fck ve \u0130ntihal Denetimi \u201c\u0130ntihal;\u00a0ba\u015fkalar\u0131n\u0131n \u00f6zg\u00fcn fikirlerini, metotlar\u0131n\u0131, verilerini veya eserlerini bilimsel kurallara uygun bi\u00e7imde at\u0131f yapmadan k\u0131smen veya tamamen kendi eseri gibi g\u00f6stermektir (Y\u00d6K Bilimsel Ara\u015ft\u0131rma ve Yay\u0131n Eti\u011fi Y\u00f6nergesi, 4\/1a).\u201d InTraders,&nbsp;yay\u0131n ilkeleri&nbsp;do\u011frultusunda&nbsp;\u00f6zg\u00fcn&nbsp;ve&nbsp;bilimsel&nbsp;ara\u015ft\u0131rmalar\u0131 yay\u0131mlamay\u0131 ama\u00e7lar. Bu kapsamda&nbsp;InTraders&nbsp;yay\u0131n eti\u011fine ayk\u0131r\u0131 yay\u0131n yapmamay\u0131 taahh\u00fct eder&nbsp;ve dergiye sunulan makalelerin tamam\u0131 \u00f6n kontrol a\u015famas\u0131nda sekretarya taraf\u0131ndan&nbsp;intihal\/benzerlik denetimine&nbsp;tabi tutulur. &#8230; <a title=\"\u00d6zg\u00fcnl\u00fck ve \u0130ntihal Denetimi\" class=\"read-more\" href=\"https:\/\/intraders.org\/arsiv\/ozgunluk-ve-intihal-denetimi\/\">Read more<\/a><\/p>\n","protected":false},"author":1,"featured_media":0,"parent":0,"menu_order":0,"comment_status":"closed","ping_status":"closed","template":"","meta":{"generate_page_header":"","footnotes":""},"class_list":["post-887","page","type-page","status-publish"],"_links":{"self":[{"href":"https:\/\/intraders.org\/arsiv\/wp-json\/wp\/v2\/pages\/887","targetHints":{"allow":["GET"]}}],"collection":[{"href":"https:\/\/intraders.org\/arsiv\/wp-json\/wp\/v2\/pages"}],"about":[{"href":"https:\/\/intraders.org\/arsiv\/wp-json\/wp\/v2\/types\/page"}],"author":[{"embeddable":true,"href":"https:\/\/intraders.org\/arsiv\/wp-json\/wp\/v2\/users\/1"}],"replies":[{"embeddable":true,"href":"https:\/\/intraders.org\/arsiv\/wp-json\/wp\/v2\/comments?post=887"}],"version-history":[{"count":2,"href":"https:\/\/intraders.org\/arsiv\/wp-json\/wp\/v2\/pages\/887\/revisions"}],"predecessor-version":[{"id":990,"href":"https:\/\/intraders.org\/arsiv\/wp-json\/wp\/v2\/pages\/887\/revisions\/990"}],"wp:attachment":[{"href":"https:\/\/intraders.org\/arsiv\/wp-json\/wp\/v2\/media?parent=887"}],"curies":[{"name":"wp","href":"https:\/\/api.w.org\/{rel}","templated":true}]}}