{"id":815,"date":"2022-03-21T04:37:51","date_gmt":"2022-03-21T06:37:51","guid":{"rendered":"https:\/\/intraders.org\/arsiv\/?page_id=815"},"modified":"2026-03-14T17:43:34","modified_gmt":"2026-03-14T19:43:34","slug":"dergi-sayilari-arsivi","status":"publish","type":"page","link":"https:\/\/intraders.org\/arsiv\/dergi-sayilari-arsivi\/","title":{"rendered":"Dergi Say\u0131lar\u0131 Ar\u015fivi"},"content":{"rendered":"<p style=\"text-align: center;\">Dergimiz 2018 (Aral\u0131k-Temmuz, Y\u0131lda 2 say\u0131) y\u0131l\u0131nda yay\u0131n hayat\u0131na ba\u015flam\u0131\u015ft\u0131r.<\/p>\n<h3 style=\"text-align: center;\"><strong>(Indexed in<a href=\"https:\/\/search.trdizin.gov.tr\/tr\/dergi\/detay\/3430\"> TRDizin (2024-2025)<\/a>, <a href=\"https:\/\/atif.sobiad.com\/index.jsp?modul=journals-detail&amp;ID=KTL3mIoBQzmg-9NM9uSa\">SOBIAD,<\/a> <a class=\"editor-rtfLink\" href=\"https:\/\/www.ebsco.com\/m\/ee\/Marketing\/titleLists\/bth-journals.htm\" target=\"_blank\" rel=\"noopener\">EBSCOhost<\/a>,\u00a0<a class=\"editor-rtfLink\" href=\"https:\/\/kanalregister.hkdir.no\/publiseringskanaler\/erihplus\/periodical\/info.action?id=503769\" target=\"_blank\" rel=\"noopener\">ERIH PLUS<\/a>,\u00a0<a class=\"editor-rtfLink\" href=\"https:\/\/openpolicyfinder.jisc.ac.uk\/id\/publication\/44835\" target=\"_blank\" rel=\"noopener\">Sherpa Romeo)<\/a><\/strong><\/h3>\n<p style=\"text-align: center;\"><span style=\"color: #ff6600;\">Akademik Te\u015fvik ve Do\u00e7entlik Ba\u015fvuru kriterlerini sa\u011flamaktad\u0131r.\u00a0\u00a0<\/span><\/p>\n<p>*Temmuz\u00a0 2026 Say\u0131s\u0131 i\u00e7in makale \u00e7a\u011fr\u0131s\u0131 devam etmektedir. Dergi s\u00fcre\u00e7leri Dergipark \u00fczerinden y\u00fcr\u00fct\u00fclmektedir. <a href=\"https:\/\/dergipark.org.tr\/tr\/pub\/intraders\">Dergi sayfas\u0131 i\u00e7in linki t\u0131klay\u0131n\u0131z<\/a><\/p>\n<h3 style=\"text-align: center;\"><strong><a href=\"https:\/\/intraders.org\/arsiv\/dergi-sayilari-arsivi\/intraders-international-trade-academic-journal-volume-8-issue-2-december-2025\/\" rel=\"attachment wp-att-1360\">InTraders International Trade Academic Journal, Volume 8, Issue 2, December 2025<\/a><\/strong><\/h3>\n<h3 style=\"text-align: center;\"><strong><a href=\"https:\/\/intraders.org\/arsiv\/dergi-sayilari-arsivi\/intraders-international-trade-academic-journal-volume-8-issue-1-july-2025\/\" rel=\"attachment wp-att-1303\">InTraders International Trade Academic Journal, Volume 8, Issue 1, July 2025<\/a><\/strong><\/h3>\n<h3 style=\"text-align: center;\"><strong><a href=\"https:\/\/intraders.org\/arsiv\/dergi-sayilari-arsivi\/intraders-international-trade-academic-journal-volume-7-issue-2-december-2024\/\" rel=\"attachment wp-att-1218\">InTraders International Trade Academic Journal, Volume 7, Issue 2, December 2024<\/a><\/strong><\/h3>\n<h3 style=\"text-align: center;\"><strong><a href=\"https:\/\/intraders.org\/arsiv\/dergi-sayilari-arsivi\/intraders-international-trade-academic-journal-volume-7-issue-1-july-2024\/\" rel=\"attachment wp-att-1208\">InTraders International Trade Academic Journal, Volume 7, Issue 1, July 2024<\/a><\/strong><\/h3>\n<p style=\"text-align: center;\"><strong><a href=\"https:\/\/intraders.org\/arsiv\/dergi-sayilari-arsivi\/intraders-international-trade-academic-journal-vol-6-issue-2-december-2023\/\" rel=\"attachment wp-att-1178\">InTraders International Trade Academic Journal Vol. 6. Issue.2 (December 2023)<\/a><\/strong><\/p>\n<p style=\"text-align: center;\"><a href=\"https:\/\/intraders.org\/arsiv\/dergi-sayilari-arsivi\/intraders-international-trade-academic-journal-vol-6-issue-1-july-2023\/\" rel=\"attachment wp-att-1099\">In<\/a><a href=\"https:\/\/intraders.org\/arsiv\/dergi-sayilari-arsivi\/intraders-international-trade-academic-journal-vol-6-issue-1-july-2023\/\" rel=\"attachment wp-att-1099\">Traders International Trade Academic Journal Vol. 6. Issue.1 (July 2023)<\/a><\/p>\n<p style=\"text-align: center;\"><a href=\"https:\/\/intraders.org\/arsiv\/dergi-sayilari-arsivi\/intraders-international-trade-academic-journal-vol-5-iss-2\/\" rel=\"attachment wp-att-957\">InTraders International Trade Academic Journal Volume 5 Issue 2, Aral\u0131k 2022 Say\u0131s\u0131<\/a><\/p>\n<p style=\"text-align: center;\"><a href=\"https:\/\/intraders.org\/arsiv\/dergi-sayilari-arsivi\/intraders-international-trade-academic-journal-vol-5-issue-1\/\" rel=\"attachment wp-att-882\">InTraders International Trade Academic Journal Vol. 5. Issue.1, Temmuz 2022 Say\u0131s\u0131<\/a><\/p>\n<p style=\"text-align: center;\"><a href=\"https:\/\/intraders.org\/arsiv\/dergi-sayilari-arsivi\/intraders-international-trade-academic-journal-vol-4-issue-2\/\" rel=\"attachment wp-att-856\">InTraders International Trade Academic Journal Vol 4 Issue 2, Aral\u0131k 2021 Say\u0131s\u0131<\/a><\/p>\n<p style=\"text-align: center;\"><a href=\"https:\/\/intraders.org\/arsiv\/dergi-sayilari-arsivi\/intraders-international-trade-academic-journal-vol-4-issue-1\/\" rel=\"attachment wp-att-857\">InTraders International Trade Academic Journal Vol 4 Issue 1, Temmuz 2022 Say\u0131s\u0131<\/a><\/p>\n<p style=\"text-align: center;\"><a href=\"https:\/\/intraders.org\/arsiv\/dergi-sayilari-arsivi\/intraders-international-trade-academic-journal-vol-3-issue-2\/\" rel=\"attachment wp-att-858\">InTraders International Trade Academic Journal Vol 3 Issue 2<\/a><\/p>\n<p style=\"text-align: center;\"><a href=\"https:\/\/intraders.org\/arsiv\/dergi-sayilari-arsivi\/intraders-international-trade-academic-journal-vol-2-issue-2\/\" rel=\"attachment wp-att-859\">InTraders International Trade Academic Journal Vol 2 Issue 2<\/a><\/p>\n<p style=\"text-align: center;\"><a href=\"https:\/\/intraders.org\/arsiv\/dergi-sayilari-arsivi\/intraders-international-trade-academic-journal-vol-2-issue-1\/\" rel=\"attachment wp-att-860\">InTraders International Trade Academic Journal Vol 2 Issue 1<\/a><\/p>\n<p style=\"text-align: center;\"><a href=\"https:\/\/intraders.org\/arsiv\/dergi-sayilari-arsivi\/intraders-international-trade-academic-journal-vol-1-issue-1\/\" rel=\"attachment wp-att-861\">InTraders International Trade Academic Journal Vol 1 Issue 1<\/a><\/p>\n<p>Yazarlar, Yay\u0131nc\u0131n\u0131n bu fikri eseri,\u00a0<a href=\"https:\/\/creativecommons.org\/licenses\/by-nc\/4.0\/\">Creative Commons At\u0131f-Gayri Ticari 4.0 Uluslararas\u0131 (CC BY-NC 4.0) lisans\u0131<\/a>\u00a0ile yay\u0131nlamas\u0131na izin verirler.\u00a0<a href=\"https:\/\/creativecommons.org\/licenses\/by-nc\/4.0\/\">Creative Commons At\u0131f-Gayri Ticari 4.0 Uluslararas\u0131 (CC BY-NC 4.0) lisans\u0131<\/a>, eserin ticari kullan\u0131m d\u0131\u015f\u0131nda her boyut ve formatta payla\u015f\u0131lmas\u0131na, kopyalanmas\u0131na, \u00e7o\u011falt\u0131lmas\u0131na ve orijinal esere uygun \u015fekilde at\u0131fta bulunmak kayd\u0131yla yeniden d\u00fczenleme, d\u00f6n\u00fc\u015ft\u00fcrme ve eserin \u00fczerine in\u015fa etme d\u00e2hil adapte edilmesine izin verir.<\/p>\n<p>-Yazarlar Sahiptir; Yazar(lar)\u0131n veya varsa yazar(lar)\u0131n i\u015fvereninin telif d\u00e2hil patent haklar\u0131, fikri m\u00fclkiyet haklar\u0131 sakl\u0131d\u0131r.<\/p>\n<p>InTraders\u2019da yay\u0131mlanmas\u0131 i\u00e7in de\u011ferlendirilmek \u00fczere g\u00f6nderilen makalenin daha \u00f6nce yurti\u00e7inde ve\/veya yurtd\u0131\u015f\u0131nda, herhangi bir dilde hi\u00e7 bir yerde yay\u0131mlanmad\u0131\u011f\u0131, yay\u0131ma kabul edilmedi\u011fi ve yay\u0131mlanmak \u00fczere ba\u015fka bir dergiye g\u00f6nderilmedi\u011fini yazar\/yazarlar beyan ve taahh\u00fct ederler. InTraders, \u00f6zg\u00fcn ara\u015ft\u0131rmalar yay\u0131mlamay\u0131 ama\u00e7lar ve her a\u015famada bunu denetler.<\/p>\n<p>InTraders\u2019da yay\u0131mlanan yaz\u0131lar\u0131n i\u00e7erikleriyle ilgili her t\u00fcrl\u00fc yasal ve bilimsel sorumluluk yazara\/yazarlara aittir.<\/p>\n<p>InTraders, Creative<a href=\"https:\/\/creativecommons.org\/licenses\/by-nc\/4.0\/\">\u00a0Commons (CC), Uluslararas\u0131 Lisans\u0131 CC BY-NC<\/a>\u00a0ile lisanslanm\u0131\u015ft\u0131r. Bu lisans, kullanan ki\u015filere orijinal eserden al\u0131nt\u0131 yapt\u0131klar\u0131 s\u00fcrece, eseri da\u011f\u0131tma, kar\u0131\u015ft\u0131rma, ince ayar yapma ya da \u00fczerine \u00e7al\u0131\u015fma haklar\u0131n\u0131 verir. Bir di\u011fer ifadeyle, InTraders\u2019da yay\u0131mlanan yaz\u0131lardan kaynak g\u00f6sterilerek al\u0131nt\u0131 yap\u0131labilir.<\/p>\n<p>InTraders, ar\u015fivinde yer alan yaz\u0131lar\u0131n okuyucular taraf\u0131ndan okunmas\u0131na, indirilmesine, kopyalanmas\u0131na, da\u011f\u0131t\u0131lmas\u0131na, yazd\u0131r\u0131lmas\u0131na ve herhangi bir yasal ama\u00e7la kullan\u0131lmas\u0131na izin verir.<\/p>\n<p>*Yay\u0131nlar\u0131m\u0131z \u00fccretsiz olup, para ile sat\u0131lmaz. \u0130ndirmek, veritabanlar\u0131na y\u00fcklemek web sayfam\u0131z\u0131 kaynak g\u00f6stermek \u015fart\u0131yla \u00f6n izin gerektirmeksizin yap\u0131labilir. Kitaplar\u0131n telif hakk\u0131 k\u0131sm\u0131nda detayl\u0131 a\u00e7\u0131klama mevcuttur.<\/p>\n<h4 style=\"text-align: center;\"><\/h4>\n","protected":false},"excerpt":{"rendered":"<p>Dergimiz 2018 (Aral\u0131k-Temmuz, Y\u0131lda 2 say\u0131) y\u0131l\u0131nda yay\u0131n hayat\u0131na ba\u015flam\u0131\u015ft\u0131r. (Indexed in TRDizin (2024-2025), SOBIAD, EBSCOhost,\u00a0ERIH PLUS,\u00a0Sherpa Romeo) Akademik Te\u015fvik ve Do\u00e7entlik Ba\u015fvuru kriterlerini sa\u011flamaktad\u0131r.\u00a0\u00a0 *Temmuz\u00a0 2026 Say\u0131s\u0131 i\u00e7in makale \u00e7a\u011fr\u0131s\u0131 devam etmektedir. Dergi s\u00fcre\u00e7leri Dergipark \u00fczerinden y\u00fcr\u00fct\u00fclmektedir. Dergi sayfas\u0131 i\u00e7in linki t\u0131klay\u0131n\u0131z InTraders International Trade Academic Journal, Volume 8, Issue 2, December 2025 InTraders &#8230; <a title=\"Dergi Say\u0131lar\u0131 Ar\u015fivi\" class=\"read-more\" href=\"https:\/\/intraders.org\/arsiv\/dergi-sayilari-arsivi\/\">Read more<\/a><\/p>\n","protected":false},"author":1,"featured_media":0,"parent":0,"menu_order":0,"comment_status":"closed","ping_status":"closed","template":"","meta":{"generate_page_header":"","footnotes":""},"class_list":["post-815","page","type-page","status-publish"],"_links":{"self":[{"href":"https:\/\/intraders.org\/arsiv\/wp-json\/wp\/v2\/pages\/815","targetHints":{"allow":["GET"]}}],"collection":[{"href":"https:\/\/intraders.org\/arsiv\/wp-json\/wp\/v2\/pages"}],"about":[{"href":"https:\/\/intraders.org\/arsiv\/wp-json\/wp\/v2\/types\/page"}],"author":[{"embeddable":true,"href":"https:\/\/intraders.org\/arsiv\/wp-json\/wp\/v2\/users\/1"}],"replies":[{"embeddable":true,"href":"https:\/\/intraders.org\/arsiv\/wp-json\/wp\/v2\/comments?post=815"}],"version-history":[{"count":26,"href":"https:\/\/intraders.org\/arsiv\/wp-json\/wp\/v2\/pages\/815\/revisions"}],"predecessor-version":[{"id":1407,"href":"https:\/\/intraders.org\/arsiv\/wp-json\/wp\/v2\/pages\/815\/revisions\/1407"}],"wp:attachment":[{"href":"https:\/\/intraders.org\/arsiv\/wp-json\/wp\/v2\/media?parent=815"}],"curies":[{"name":"wp","href":"https:\/\/api.w.org\/{rel}","templated":true}]}}