{"id":813,"date":"2022-03-21T04:37:18","date_gmt":"2022-03-21T06:37:18","guid":{"rendered":"https:\/\/intraders.org\/arsiv\/?page_id=813"},"modified":"2026-05-11T18:32:03","modified_gmt":"2026-05-11T20:32:03","slug":"kongre-kitaplari-arsivi","status":"publish","type":"page","link":"https:\/\/intraders.org\/arsiv\/kongre-kitaplari-arsivi\/","title":{"rendered":"Kongre Kitaplar\u0131 Ar\u015fivi"},"content":{"rendered":"<h3 style=\"text-align: center;\"><strong>Yay\u0131nc\u0131s\u0131<\/strong>; \u201c<em>K\u00fcr\u015fat \u00c7apraz<\/em>\u201d olan t\u00fcm kitaplar (kitap b\u00f6l\u00fcmleri ve kongre kitaplar\u0131) EBSCO ve Proquest Ebook veritaban\u0131nda taranmaktad\u0131r.<\/h3>\n<p style=\"text-align: center;\"><span style=\"color: #ff0000;\"><strong>Kongre Kitaplar\u0131m\u0131z <a style=\"color: #ff0000;\" href=\"https:\/\/search.worldcat.org\/search?q=k%C3%BCr%C5%9Fat+%C3%A7apraz&amp;limit=10&amp;offset=21\">WorldCat<\/a> gibi k\u00fcresel k\u00fct\u00fcphane sistemlerinde kataloglanm\u0131\u015ft\u0131r.<\/strong><\/span><\/p>\n<p style=\"text-align: center;\"><a href=\"https:\/\/intraders.org\/arsiv\/kongre-kitaplari-arsivi\/digitalization-and-the-circular-economy-building-resilience-and-sustainability-through-policy-in-the-eu-jean-monnet-module-postgraduate-student-congress-proceedings-book\/\" rel=\"attachment wp-att-1437\"><span style=\"color: #0000ff;\"><strong>Digitalization And The Circular Economy Building Resilience And Sustainability Through Policy In The EU-Jean Monnet Module Postgraduate Student Congress Proceedings Book<\/strong><\/span><\/a><\/p>\n<h3 style=\"text-align: center;\"><strong><span style=\"color: #993300;\">InTraders Conference Series<\/span><\/strong><\/h3>\n<h3 style=\"text-align: center;\"><span style=\"color: #3366ff;\"><strong><a style=\"color: #3366ff;\" href=\"https:\/\/intraders.org\/arsiv\/kongre-kitaplari-arsivi\/the-14th-intraders-international-conference-on-multidisciplinary-studies-proceeding-book\/\" rel=\"attachment wp-att-1368\">The 14th InTraders International Conference On Multidisciplinary Studies Proceeding Book<\/a><\/strong><\/span><\/h3>\n<h3 style=\"text-align: center;\"><strong><a href=\"https:\/\/intraders.org\/arsiv\/kongre-kitaplari-arsivi\/the-14th-intraders-international-conference-on-multidisciplinary-studies-abstract-book\/\" rel=\"attachment wp-att-1366\">The 14th InTraders International Conference On Multidisciplinary Studies Abstract Book<\/a><\/strong><\/h3>\n<h3 style=\"text-align: center;\"><strong><a href=\"https:\/\/intraders.org\/arsiv\/kongre-kitaplari-arsivi\/the-13th-intraders-international-conference-on-social-sciences-and-education-proceeding-book\/\" rel=\"attachment wp-att-1374\">The 13th InTraders International Conference on Social Sciences and Education Proceeding Book<\/a><\/strong><\/h3>\n<h3 style=\"text-align: center;\"><strong><a href=\"https:\/\/intraders.org\/arsiv\/kongre-kitaplari-arsivi\/the-13th-intraders-international-conference-on-social-sciences-and-education-abstract-book\/\" rel=\"attachment wp-att-1266\">The 13th InTraders International Conference on Social Sciences and Education Abstract Book<\/a><\/strong><\/h3>\n<h3 style=\"text-align: center;\"><strong><a href=\"https:\/\/intraders.org\/arsiv\/kongre-kitaplari-arsivi\/the-12th-intraders-international-conference-on-social-sciences-and-education-conference-book\/\" rel=\"attachment wp-att-1159\">The 12th InTraders International Conference on Social Sciences and Education Conference Book<\/a><\/strong><\/h3>\n<h3 style=\"text-align: center;\"><strong><a href=\"https:\/\/intraders.org\/arsiv\/kongre-kitaplari-arsivi\/the-11th-intraders-international-conference-on-social-sciences-and-education-proceeding-book\/\" rel=\"attachment wp-att-1166\">The 11th InTraders International Conference on Social Sciences and Education Proceeding Book<\/a><\/strong><\/h3>\n<h3 style=\"text-align: center;\"><strong><a href=\"https:\/\/intraders.org\/arsiv\/kongre-kitaplari-arsivi\/the-11th-intraders-international-conference-on-social-sciences-and-education-abstract-book\/\" rel=\"attachment wp-att-1162\">The 11th InTraders International Conference on Social Sciences and Education Abstract Book<\/a><\/strong><\/h3>\n<h3 style=\"text-align: center;\"><strong><a href=\"https:\/\/intraders.org\/arsiv\/kongre-kitaplari-arsivi\/the-10th-intraders-international-conference-on-social-sciences-and-education-proceeding-book-2\/\" rel=\"attachment wp-att-1110\">The 10th InTraders International Conference on Social Sciences and Education Proceeding Book<\/a><\/strong><\/h3>\n<h3 style=\"text-align: center;\"><strong><a href=\"https:\/\/intraders.org\/arsiv\/kongre-kitaplari-arsivi\/the-10th-intraders-international-conference-on-social-sciences-and-education-abstract-book\/\" rel=\"attachment wp-att-1089\">The 10th InTraders International Conference On Social Sciences and Education Abstract Book<\/a><\/strong><\/h3>\n<h3 style=\"text-align: center;\"><strong><a href=\"https:\/\/intraders.org\/arsiv\/kongre-kitaplari-arsivi\/the-9th-intraders-international-conference-on-social-sciences-and-education-proceeding-book-2\/\" rel=\"attachment wp-att-1077\">The 9th InTraders International Conference on Social Sciences and Education Proceeding Book<\/a><\/strong><\/h3>\n<h3 style=\"text-align: center;\"><strong><a href=\"https:\/\/intraders.org\/arsiv\/kongre-kitaplari-arsivi\/the-9th-intraders-international-conference-on-social-sciences-and-education-abstract-book-2\/\" rel=\"attachment wp-att-1079\">The 9th InTraders International Conference on Social Sciences and Education Abstract Book<\/a><\/strong><\/h3>\n<h3 style=\"text-align: center;\"><strong><a href=\"https:\/\/intraders.org\/arsiv\/kongre-kitaplari-arsivi\/the-8th-intraders-international-conference-on-social-sciences-and-education-proceeding-book\/\" rel=\"attachment wp-att-1443\">The-8th-InTraders-International-Conference-on-Social-Sciences-and-Education-Proceeding-Book<\/a><\/strong><\/h3>\n<p style=\"text-align: center;\"><strong><a href=\"https:\/\/intraders.org\/arsiv\/kongre-kitaplari-arsivi\/the-8th-intraders-international-conference-on-social-sciences-and-education-abstract-book\/\" rel=\"attachment wp-att-1441\">The 8th InTraders International Conference on Social Sciences and Education Abstract Book<\/a><\/strong><\/p>\n<h3 style=\"text-align: center;\"><strong><a href=\"https:\/\/intraders.org\/arsiv\/kongre-kitaplari-arsivi\/7-intraders-uluslararasi-ticaret-kongresi-tam-metin-kitabi\/\" rel=\"attachment wp-att-955\">7. InTraders Uluslararas\u0131 Ticaret Kongresi Tam Metin Kitab\u0131<\/a><\/strong><\/h3>\n<h3 style=\"text-align: center;\"><a href=\"https:\/\/intraders.org\/arsiv\/kongre-kitaplari-arsivi\/the-7th-intraders-international-conference-on-international-trade-abstract-book\/\" rel=\"attachment wp-att-904\">The 7th InTraders International Conference on International Trade Abstract Book<\/a><\/h3>\n<h3 style=\"text-align: center;\"><a href=\"https:\/\/intraders.org\/arsiv\/kongre-kitaplari-arsivi\/the-6th-intraders-international-conference-on-international-trade-proceeding-book\/\" rel=\"attachment wp-att-836\">The 6th InTraders International Conference on International Trade Proceeding Book<\/a><\/h3>\n<h3 style=\"text-align: center;\"><a href=\"https:\/\/intraders.org\/arsiv\/kongre-kitaplari-arsivi\/the-6th-intraders-international-conference-on-international-trade-abstract-book\/\" rel=\"attachment wp-att-837\">The 6th InTraders International Conference on International Trade Abstract Book<\/a><\/h3>\n<h3 style=\"text-align: center;\"><a href=\"https:\/\/intraders.org\/arsiv\/kongre-kitaplari-arsivi\/the-5th-intraders-international-conference-on-international-trade-proceeding-book\/\" rel=\"attachment wp-att-839\">The 5th InTraders International Conference on International Trade Proceeding Book<\/a><\/h3>\n<h3 style=\"text-align: center;\"><a href=\"https:\/\/intraders.org\/arsiv\/kongre-kitaplari-arsivi\/the-5th-intraders-international-conference-on-international-trade-abstract-book\/\" rel=\"attachment wp-att-838\">The 5th InTraders International Conference on International Trade Abstract Book<\/a><\/h3>\n<h3 style=\"text-align: center;\"><a href=\"https:\/\/intraders.org\/arsiv\/kongre-kitaplari-arsivi\/the-4th-intraders-international-conference-on-international-trade-proceeding-book\/\" rel=\"attachment wp-att-840\">The 4th InTraders International Conference On International Trade Proceeding Book<\/a><\/h3>\n<h3 style=\"text-align: center;\"><a href=\"https:\/\/intraders.org\/arsiv\/kongre-kitaplari-arsivi\/the-4th-intraders-international-conference-on-international-trade-abstract-book\/\" rel=\"attachment wp-att-841\">The 4th InTraders International Conference On International Trade Abstract Book<\/a><\/h3>\n<h3 style=\"text-align: center;\"><a href=\"https:\/\/intraders.org\/arsiv\/kongre-kitaplari-arsivi\/the-third-intraders-conference-proceeding-book\/\" rel=\"attachment wp-att-842\">The Third InTraders Conference Proceeding Book<\/a><\/h3>\n<h3 style=\"text-align: center;\"><a href=\"https:\/\/intraders.org\/arsiv\/kongre-kitaplari-arsivi\/the-third-intraders-conference-abstract-book\/\" rel=\"attachment wp-att-843\">The Third InTraders Conference Abstract Book<\/a><\/h3>\n<h3 style=\"text-align: center;\"><a href=\"https:\/\/intraders.org\/arsiv\/kongre-kitaplari-arsivi\/2-intraders-conference-proceeding-book\/\" rel=\"attachment wp-att-844\">2. InTraders Conference Proceeding Book<\/a><\/h3>\n<h3 style=\"text-align: center;\"><a href=\"https:\/\/intraders.org\/arsiv\/kongre-kitaplari-arsivi\/2-intraders-conference-abstract-book\/\" rel=\"attachment wp-att-845\">2. InTraders Conference Abstract Book<\/a><\/h3>\n<h3 style=\"text-align: center;\"><a href=\"https:\/\/intraders.org\/arsiv\/kongre-kitaplari-arsivi\/first-intraders-conference-proceeding-book\/\" rel=\"attachment wp-att-846\">First InTraders Conference Proceeding Book<\/a><\/h3>\n<h3 style=\"text-align: center;\"><a href=\"https:\/\/intraders.org\/arsiv\/kongre-kitaplari-arsivi\/first-intraders-conference-abstract-book\/\" rel=\"attachment wp-att-847\">First InTraders Conference Abstract Book<\/a><\/h3>\n<p>.<\/p>\n<h3 style=\"text-align: center;\"><span style=\"color: #993300;\"><strong>Indonesian Conference Series<\/strong><\/span><\/h3>\n<h3 style=\"text-align: center;\"><span style=\"color: #ff0000;\"><strong><a style=\"color: #ff0000;\" href=\"https:\/\/intraders.org\/arsiv\/kongre-kitaplari-arsivi\/the-5th-international-conference-on-sustainability-in-technological-environmental-law-management-social-and-economic-matters-proceeding-book\/\" rel=\"attachment wp-att-1335\"><span style=\"color: #3366ff;\">The 5th International Conference on Sustainability in Technological, Environmental, Law, Management, Social and Economic Matters Proceeding Book<\/span><\/a><\/strong><\/span><\/h3>\n<h3 style=\"text-align: center;\"><a href=\"https:\/\/intraders.org\/arsiv\/kongre-kitaplari-arsivi\/the-4th-international-conference-on-sustainability-in-technological-environmental-law-management-social-and-economic-matters-proceeding-book\/\" rel=\"attachment wp-att-1246\">The 4th International Conference on Sustainability in Technological, Environmental, Law, Management, Social and Economic Matters Proceeding Book<\/a><\/h3>\n<h3 style=\"text-align: center;\"><span style=\"color: #ff0000;\"><strong><a href=\"https:\/\/intraders.org\/arsiv\/kongre-kitaplari-arsivi\/the-3rd-international-conference-on-contemporary-issues-in-management-and-administrative-sciences-proceeding-book\/\" rel=\"attachment wp-att-1237\">The 3rd International Conference on Contemporary Issues in Management and Administrative Sciences Proceeding Book<\/a><\/strong><\/span><\/h3>\n<h3 style=\"text-align: center;\"><strong><a href=\"https:\/\/intraders.org\/arsiv\/kongre-kitaplari-arsivi\/the-2nd-international-conference-on-sustainability-in-technological-environmental-law-management-social-and-economic-matters-proceeding-book\/\" rel=\"attachment wp-att-1174\">The 2nd International Conference on Sustainability in Technological, Environmental, Law, Management, Social and Economic Matters Proceeding Book<\/a><\/strong><\/h3>\n<p>.<\/p>\n<h3 style=\"text-align: center;\"><span style=\"color: #993300;\"><strong>Romania IMAS Conference Series<\/strong><\/span><\/h3>\n<h3 style=\"text-align: center;\"><span style=\"color: #3366ff;\"><strong><a style=\"color: #3366ff;\" href=\"https:\/\/intraders.org\/arsiv\/kongre-kitaplari-arsivi\/the-3rd-imas-international-conference-on-multidisciplinary-academic-studies-law-proceeding-book\/\" rel=\"attachment wp-att-1322\">The 3rd IMAS International Conference on Multidisciplinary Academic Studies, Law Proceeding Book<\/a><\/strong><\/span><\/h3>\n<h3 style=\"text-align: center;\"><span style=\"color: #3366ff;\"><strong><a style=\"color: #3366ff;\" href=\"https:\/\/intraders.org\/arsiv\/kongre-kitaplari-arsivi\/the-3rd-imas-international-conference-on-multidisciplinary-academic-studies-economy-proceeding-book\/\" rel=\"attachment wp-att-1315\">The 3rd IMAS International Conference on Multidisciplinary Academic Studies, Economy Proceeding Book<\/a><\/strong><\/span><\/h3>\n<h3 style=\"text-align: center;\"><span style=\"color: #3366ff;\"><strong><a style=\"color: #3366ff;\" href=\"https:\/\/intraders.org\/arsiv\/kongre-kitaplari-arsivi\/the-3rd-imas-international-conference-on-multidisciplinary-academic-studies-health-proceeding-book\/\" rel=\"attachment wp-att-1317\">The 3rd IMAS International Conference on Multidisciplinary Academic Studies, Health Proceeding Book<\/a><\/strong><\/span><\/h3>\n<h3 style=\"text-align: center;\"><strong><a href=\"https:\/\/intraders.org\/arsiv\/kongre-kitaplari-arsivi\/the-3rd-imas-international-conference-on-multidisciplinary-academic-studies-abstract-book\/\" rel=\"attachment wp-att-1274\">The 3rd IMAS International Conference on Multidisciplinary Academic Studies Abstract Book<\/a><\/strong><\/h3>\n<h3 style=\"text-align: center;\"><strong><a href=\"https:\/\/intraders.org\/arsiv\/kongre-kitaplari-arsivi\/the-2nd-imas-international-conference-on-multidisciplinary-academic-studies-proceeding-book\/\" rel=\"attachment wp-att-1227\">The 2nd IMAS International Conference on Multidisciplinary Academic Studies Proceeding Book<\/a><\/strong><\/h3>\n<h3 style=\"text-align: center;\"><a href=\"https:\/\/intraders.org\/arsiv\/kongre-kitaplari-arsivi\/the-2nd-imas-international-conference-on-multidisciplinary-academic-studies-abstract-book\/\" rel=\"attachment wp-att-1203\">The 2nd IMAS International Conference on Multidisciplinary Academic Studies Abstract Book<\/a><\/h3>\n<h3 style=\"text-align: center;\"><strong><a href=\"https:\/\/intraders.org\/arsiv\/kongre-kitaplari-arsivi\/the-1st-imas-international-conference-on-multidisciplinary-academic-studies-proceeding-book\/\" rel=\"attachment wp-att-1185\">The 1st IMAS International Conference on Multidisciplinary Academic Studies Proceeding Book<\/a><\/strong><\/h3>\n<h3 style=\"text-align: center;\"><a href=\"https:\/\/intraders.org\/arsiv\/kongre-kitaplari-arsivi\/the-1st-imas-international-conference-on-multidisciplinary-academic-studies-abstract-book\/\" rel=\"attachment wp-att-1107\">The 1st IMAS International Conference On Multidisciplinary Academic Studies Abstract Book<\/a><\/h3>\n<p>.<\/p>\n<h3 style=\"text-align: center;\"><span style=\"color: #993300;\"><strong>Romania, BIOTERRA Series<\/strong><\/span><\/h3>\n<h3 style=\"text-align: center;\"><span style=\"color: #3366ff;\"><a style=\"color: #3366ff;\" href=\"https:\/\/intraders.org\/arsiv\/kongre-kitaplari-arsivi\/the-first-universitas-viva-knowledge-together-conference-proceeding-book\/\" rel=\"attachment wp-att-1356\"><strong>The First UNIVERSITAS VIVA &#8211; Knowledge Together Conference Proceeding Book<\/strong><\/a><\/span><\/h3>\n<p>.<\/p>\n<h3 style=\"text-align: center;\"><span style=\"color: #993300;\"><strong>InTraders Book Chapter Series<\/strong><\/span><\/h3>\n<h3 style=\"text-align: center;\"><a href=\"https:\/\/intraders.org\/arsiv\/arsiv\/bridging-education-and-economy-resilience-advancing-education-on-asean\/\" rel=\"attachment wp-att-1300\">Bridging education and economy resilience advancing education on Asean<\/a><\/h3>\n<h3 style=\"text-align: center;\"><a href=\"https:\/\/intraders.org\/arsiv\/arsiv\/the-ocean-sustaining-what-sustains-us\/\" rel=\"attachment wp-att-1283\">THE OCEAN SUSTAINING WHAT SUSTAINS US<\/a><\/h3>\n<p style=\"text-align: center;\"><a href=\"https:\/\/intraders.org\/archive\/arsiv\/case-studies-from-pakistan-iraq\/\" rel=\"attachment wp-att-699\">Case Studies From Pakistan &amp; Iraq<\/a><\/p>\n<h3 style=\"text-align: center;\">\u00a0<\/h3>\n<p>Yazarlar, Yay\u0131nc\u0131n\u0131n bu fikri eseri,\u00a0<a href=\"https:\/\/creativecommons.org\/licenses\/by-nc\/4.0\/\">Creative Commons At\u0131f-Gayri Ticari 4.0 Uluslararas\u0131 (CC BY-NC 4.0) lisans\u0131<\/a>\u00a0ile yay\u0131nlamas\u0131na izin verirler.\u00a0<a href=\"https:\/\/creativecommons.org\/licenses\/by-nc\/4.0\/\">Creative Commons At\u0131f-Gayri Ticari 4.0 Uluslararas\u0131 (CC BY-NC 4.0) lisans\u0131<\/a>, eserin ticari kullan\u0131m d\u0131\u015f\u0131nda her boyut ve formatta payla\u015f\u0131lmas\u0131na, kopyalanmas\u0131na, \u00e7o\u011falt\u0131lmas\u0131na ve orijinal esere uygun \u015fekilde at\u0131fta bulunmak kayd\u0131yla yeniden d\u00fczenleme, d\u00f6n\u00fc\u015ft\u00fcrme ve eserin \u00fczerine in\u015fa etme d\u00e2hil adapte edilmesine izin verir.<\/p>\n<p>-Yazarlar Sahiptir; Yazar(lar)\u0131n veya varsa yazar(lar)\u0131n i\u015fvereninin telif d\u00e2hil patent haklar\u0131, fikri m\u00fclkiyet haklar\u0131 sakl\u0131d\u0131r.<\/p>\n<p>InTraders\u2019da yay\u0131mlanmas\u0131 i\u00e7in de\u011ferlendirilmek \u00fczere g\u00f6nderilen makalenin daha \u00f6nce yurti\u00e7inde ve\/veya yurtd\u0131\u015f\u0131nda, herhangi bir dilde hi\u00e7 bir yerde yay\u0131mlanmad\u0131\u011f\u0131, yay\u0131ma kabul edilmedi\u011fi ve yay\u0131mlanmak \u00fczere ba\u015fka bir dergiye g\u00f6nderilmedi\u011fini yazar\/yazarlar beyan ve taahh\u00fct ederler. InTraders, \u00f6zg\u00fcn ara\u015ft\u0131rmalar yay\u0131mlamay\u0131 ama\u00e7lar ve her a\u015famada bunu denetler.<\/p>\n<p>InTraders\u2019da yay\u0131mlanan yaz\u0131lar\u0131n i\u00e7erikleriyle ilgili her t\u00fcrl\u00fc yasal ve bilimsel sorumluluk yazara\/yazarlara aittir.<\/p>\n<p>InTraders, Creative<a href=\"https:\/\/creativecommons.org\/licenses\/by-nc\/4.0\/\">\u00a0Commons (CC), Uluslararas\u0131 Lisans\u0131 CC BY-NC<\/a>\u00a0ile lisanslanm\u0131\u015ft\u0131r. Bu lisans, kullanan ki\u015filere orijinal eserden al\u0131nt\u0131 yapt\u0131klar\u0131 s\u00fcrece, eseri da\u011f\u0131tma, kar\u0131\u015ft\u0131rma, ince ayar yapma ya da \u00fczerine \u00e7al\u0131\u015fma haklar\u0131n\u0131 verir. Bir di\u011fer ifadeyle, InTraders\u2019da yay\u0131mlanan yaz\u0131lardan kaynak g\u00f6sterilerek al\u0131nt\u0131 yap\u0131labilir.<\/p>\n<p>InTraders, ar\u015fivinde yer alan yaz\u0131lar\u0131n okuyucular taraf\u0131ndan okunmas\u0131na, indirilmesine, kopyalanmas\u0131na, da\u011f\u0131t\u0131lmas\u0131na, yazd\u0131r\u0131lmas\u0131na ve herhangi bir yasal ama\u00e7la kullan\u0131lmas\u0131na izin verir.<\/p>\n<p>*Yay\u0131nlar\u0131m\u0131z \u00fccretsiz olup, para ile sat\u0131lmaz. \u0130ndirmek, veritabanlar\u0131na y\u00fcklemek web sayfam\u0131z\u0131 kaynak g\u00f6stermek \u015fart\u0131yla \u00f6n izin gerektirmeksizin yap\u0131labilir. Kitaplar\u0131n telif hakk\u0131 k\u0131sm\u0131nda detayl\u0131 a\u00e7\u0131klama mevcuttur.<\/p>\n<p>*<strong>*Kitaplar\u0131m\u0131z\u0131n &#8220;Telif Hakk\u0131&#8221; k\u0131sm\u0131nda belirtildi\u011fi \u00fczere izin almaks\u0131z\u0131n kitaplar\u0131m\u0131z veritabanlar\u0131na ar\u015fiv linkimiz kaynak g\u00f6sterilerek eklenebilir, kaynak g\u00f6sterilmeksizin al\u0131nt\u0131 yap\u0131lamaz.\u00a0\u00a0<\/strong><\/p>\n<h4 style=\"text-align: center;\"><a href=\"https:\/\/dergipark.org.tr\/tr\/pub\/intraders\/page\/8724\"><strong>A\u00e7\u0131k eri\u015fim e-yay\u0131nc\u0131l\u0131k politikam\u0131z<\/strong><\/a><\/h4>\n\n\n<p><\/p>\n","protected":false},"excerpt":{"rendered":"<p>Yay\u0131nc\u0131s\u0131; \u201cK\u00fcr\u015fat \u00c7apraz\u201d olan t\u00fcm kitaplar (kitap b\u00f6l\u00fcmleri ve kongre kitaplar\u0131) EBSCO ve Proquest Ebook veritaban\u0131nda taranmaktad\u0131r. Kongre Kitaplar\u0131m\u0131z WorldCat gibi k\u00fcresel k\u00fct\u00fcphane sistemlerinde kataloglanm\u0131\u015ft\u0131r. Digitalization And The Circular Economy Building Resilience And Sustainability Through Policy In The EU-Jean Monnet Module Postgraduate Student Congress Proceedings Book InTraders Conference Series The 14th InTraders International Conference On &#8230; <a title=\"Kongre Kitaplar\u0131 Ar\u015fivi\" class=\"read-more\" href=\"https:\/\/intraders.org\/arsiv\/kongre-kitaplari-arsivi\/\">Read more<\/a><\/p>\n","protected":false},"author":1,"featured_media":0,"parent":0,"menu_order":0,"comment_status":"closed","ping_status":"closed","template":"","meta":{"generate_page_header":"","footnotes":""},"class_list":["post-813","page","type-page","status-publish"],"_links":{"self":[{"href":"https:\/\/intraders.org\/arsiv\/wp-json\/wp\/v2\/pages\/813","targetHints":{"allow":["GET"]}}],"collection":[{"href":"https:\/\/intraders.org\/arsiv\/wp-json\/wp\/v2\/pages"}],"about":[{"href":"https:\/\/intraders.org\/arsiv\/wp-json\/wp\/v2\/types\/page"}],"author":[{"embeddable":true,"href":"https:\/\/intraders.org\/arsiv\/wp-json\/wp\/v2\/users\/1"}],"replies":[{"embeddable":true,"href":"https:\/\/intraders.org\/arsiv\/wp-json\/wp\/v2\/comments?post=813"}],"version-history":[{"count":151,"href":"https:\/\/intraders.org\/arsiv\/wp-json\/wp\/v2\/pages\/813\/revisions"}],"predecessor-version":[{"id":1445,"href":"https:\/\/intraders.org\/arsiv\/wp-json\/wp\/v2\/pages\/813\/revisions\/1445"}],"wp:attachment":[{"href":"https:\/\/intraders.org\/arsiv\/wp-json\/wp\/v2\/media?parent=813"}],"curies":[{"name":"wp","href":"https:\/\/api.w.org\/{rel}","templated":true}]}}