{"id":647,"date":"2021-01-18T11:27:14","date_gmt":"2021-01-18T13:27:14","guid":{"rendered":"https:\/\/intraders.org\/arsiv\/?page_id=647"},"modified":"2025-07-06T11:43:43","modified_gmt":"2025-07-06T13:43:43","slug":"konu-basliklari","status":"publish","type":"page","link":"https:\/\/intraders.org\/arsiv\/konu-basliklari\/","title":{"rendered":"Konu Ba\u015fl\u0131klar\u0131"},"content":{"rendered":"\n<p><a href=\"https:\/\/dergipark.org.tr\/en\/pub\/intraders\"><strong>InTraders International Trade Academic Journal Konu Alanlar\u0131<\/strong><\/a><\/p>\n\n\n\n<p>2024 y\u0131l\u0131 ile \u0130ngilizce \u00e7al\u0131\u015fmalar\u0131 kabul eden dergi; uluslararas\u0131 ticaret, ekonomi tabanl\u0131 \u00e7al\u0131\u015fmalar ile turizm \u00e7al\u0131\u015fmalar\u0131n\u0131 kabul etmektedir.<\/p>\n\n\n\n<p><strong><a href=\"http:\/\/www.intraders.org\">Kongre Konu Alanlar\u0131<\/a><\/strong><\/p>\n\n\n\n<p>Sosyal Bilimler Ba\u015fl\u0131klar\u0131: Sosyoloji, Psikoloji, \u0130leti\u015fim \u00c7al\u0131\u015fmalar\u0131, Gazetecilik, Halkla \u0130li\u015fkiler, Reklamc\u0131l\u0131k, Sosyal Hizmet, Felsefe, Ekonomi, \u0130\u015fletme Y\u00f6netimi, \u00c7al\u0131\u015fma Ekonomisi, \u0130nsan Kaynaklar\u0131, Uluslararas\u0131, Finans, Ekonometri, Siyaset Bilimi ve Kamu Y\u00f6netimi, Hukuk, \u0130slam Ekonomisi ve Finans\u0131, Y\u00f6netim Bili\u015fim Sistemleri, Sa\u011fl\u0131k Y\u00f6netimi, Uluslararas\u0131 Ticaret, Lojistik, Spor Bilimi \u00c7al\u0131\u015fmalar\u0131, Spor, Beslenme<\/p>\n\n\n\n<p>E\u011fitim Ba\u015fl\u0131klar\u0131: Uzaktan E\u011fitim, Y\u00fcksek \u00d6\u011frenim, \u00d6\u011fretim ve \u00d6\u011frenme, E-\u00f6\u011frenme, Ya\u015fam Boyu \u00d6\u011frenme, Edebiyat \u00c7al\u0131\u015fmalar\u0131, Kar\u015f\u0131la\u015ft\u0131rmal\u0131 Edebiyat, Dilbilim ve \u00c7evre \u00c7al\u0131\u015fmalar\u0131<\/p>\n\n\n\n<p>Sa\u011fl\u0131k Bilimleri Ba\u015fl\u0131klar\u0131: Hem\u015firelik, Ebelik, Sa\u011fl\u0131k Y\u00f6netimi konular\u0131<\/p>\n\n\n\n<p>M\u00fchendislik Ba\u015fl\u0131klar\u0131: Yapay zeka, yaz\u0131l\u0131m, bilgisayar bilimleri ve end\u00fcstri m\u00fchendisli\u011fi konular\u0131.<\/p>\n","protected":false},"excerpt":{"rendered":"<p>InTraders International Trade Academic Journal Konu Alanlar\u0131 2024 y\u0131l\u0131 ile \u0130ngilizce \u00e7al\u0131\u015fmalar\u0131 kabul eden dergi; uluslararas\u0131 ticaret, ekonomi tabanl\u0131 \u00e7al\u0131\u015fmalar ile turizm \u00e7al\u0131\u015fmalar\u0131n\u0131 kabul etmektedir. Kongre Konu Alanlar\u0131 Sosyal Bilimler Ba\u015fl\u0131klar\u0131: Sosyoloji, Psikoloji, \u0130leti\u015fim \u00c7al\u0131\u015fmalar\u0131, Gazetecilik, Halkla \u0130li\u015fkiler, Reklamc\u0131l\u0131k, Sosyal Hizmet, Felsefe, Ekonomi, \u0130\u015fletme Y\u00f6netimi, \u00c7al\u0131\u015fma Ekonomisi, \u0130nsan Kaynaklar\u0131, Uluslararas\u0131, Finans, Ekonometri, Siyaset Bilimi ve &#8230; <a title=\"Konu Ba\u015fl\u0131klar\u0131\" class=\"read-more\" href=\"https:\/\/intraders.org\/arsiv\/konu-basliklari\/\">Read more<\/a><\/p>\n","protected":false},"author":1,"featured_media":0,"parent":0,"menu_order":0,"comment_status":"closed","ping_status":"closed","template":"","meta":{"generate_page_header":"","footnotes":""},"class_list":["post-647","page","type-page","status-publish"],"_links":{"self":[{"href":"https:\/\/intraders.org\/arsiv\/wp-json\/wp\/v2\/pages\/647","targetHints":{"allow":["GET"]}}],"collection":[{"href":"https:\/\/intraders.org\/arsiv\/wp-json\/wp\/v2\/pages"}],"about":[{"href":"https:\/\/intraders.org\/arsiv\/wp-json\/wp\/v2\/types\/page"}],"author":[{"embeddable":true,"href":"https:\/\/intraders.org\/arsiv\/wp-json\/wp\/v2\/users\/1"}],"replies":[{"embeddable":true,"href":"https:\/\/intraders.org\/arsiv\/wp-json\/wp\/v2\/comments?post=647"}],"version-history":[{"count":5,"href":"https:\/\/intraders.org\/arsiv\/wp-json\/wp\/v2\/pages\/647\/revisions"}],"predecessor-version":[{"id":1277,"href":"https:\/\/intraders.org\/arsiv\/wp-json\/wp\/v2\/pages\/647\/revisions\/1277"}],"wp:attachment":[{"href":"https:\/\/intraders.org\/arsiv\/wp-json\/wp\/v2\/media?parent=647"}],"curies":[{"name":"wp","href":"https:\/\/api.w.org\/{rel}","templated":true}]}}