{"id":645,"date":"2021-01-18T11:26:33","date_gmt":"2021-01-18T13:26:33","guid":{"rendered":"https:\/\/intraders.org\/arsiv\/?page_id=645"},"modified":"2023-01-25T15:18:10","modified_gmt":"2023-01-25T17:18:10","slug":"amac-ve-kapsam","status":"publish","type":"page","link":"https:\/\/intraders.org\/arsiv\/amac-ve-kapsam\/","title":{"rendered":"Ama\u00e7 ve Kapsam"},"content":{"rendered":"\n<p>InTraders,\u00a0 ara\u015ft\u0131rmac\u0131lar\u0131n bilimsel \u00e7al\u0131\u015fmalar\u0131n\u0131 yay\u0131nlayabilecek; akademik geli\u015fimlerine katk\u0131 sa\u011flayabilecek ve nitelikli akademik \u00e7al\u0131\u015fmalar\u0131n say\u0131lar\u0131n\u0131n artmas\u0131n\u0131 sa\u011flayacak bir platform olu\u015fturmay\u0131 ama\u00e7lamaktad\u0131r.<\/p>\n","protected":false},"excerpt":{"rendered":"<p>InTraders,\u00a0 ara\u015ft\u0131rmac\u0131lar\u0131n bilimsel \u00e7al\u0131\u015fmalar\u0131n\u0131 yay\u0131nlayabilecek; akademik geli\u015fimlerine katk\u0131 sa\u011flayabilecek ve nitelikli akademik \u00e7al\u0131\u015fmalar\u0131n say\u0131lar\u0131n\u0131n artmas\u0131n\u0131 sa\u011flayacak bir platform olu\u015fturmay\u0131 ama\u00e7lamaktad\u0131r.<\/p>\n","protected":false},"author":1,"featured_media":0,"parent":0,"menu_order":0,"comment_status":"closed","ping_status":"closed","template":"","meta":{"generate_page_header":"","footnotes":""},"class_list":["post-645","page","type-page","status-publish"],"_links":{"self":[{"href":"https:\/\/intraders.org\/arsiv\/wp-json\/wp\/v2\/pages\/645","targetHints":{"allow":["GET"]}}],"collection":[{"href":"https:\/\/intraders.org\/arsiv\/wp-json\/wp\/v2\/pages"}],"about":[{"href":"https:\/\/intraders.org\/arsiv\/wp-json\/wp\/v2\/types\/page"}],"author":[{"embeddable":true,"href":"https:\/\/intraders.org\/arsiv\/wp-json\/wp\/v2\/users\/1"}],"replies":[{"embeddable":true,"href":"https:\/\/intraders.org\/arsiv\/wp-json\/wp\/v2\/comments?post=645"}],"version-history":[{"count":4,"href":"https:\/\/intraders.org\/arsiv\/wp-json\/wp\/v2\/pages\/645\/revisions"}],"predecessor-version":[{"id":986,"href":"https:\/\/intraders.org\/arsiv\/wp-json\/wp\/v2\/pages\/645\/revisions\/986"}],"wp:attachment":[{"href":"https:\/\/intraders.org\/arsiv\/wp-json\/wp\/v2\/media?parent=645"}],"curies":[{"name":"wp","href":"https:\/\/api.w.org\/{rel}","templated":true}]}}