{"id":509,"date":"2018-09-01T22:44:12","date_gmt":"2018-09-01T22:44:12","guid":{"rendered":"https:\/\/intraders.org\/arsiv\/?page_id=509"},"modified":"2019-02-07T21:21:06","modified_gmt":"2019-02-07T23:21:06","slug":"gizlilik-politikasi","status":"publish","type":"page","link":"https:\/\/intraders.org\/arsiv\/gizlilik-politikasi\/","title":{"rendered":"Gizlilik Politikas\u0131"},"content":{"rendered":"<p><a href=\"https:\/\/www.intraders.org\/turkce\/\">InTraders Akademik Platformu<\/a> olarak, sayfalar\u0131m\u0131zdan herhangi birinde ki\u015fisel bilgi toplanmamaktad\u0131r. Yaz\u0131\u015fmadaki adresler organizasyonun kendi amac\u0131 do\u011frultusunda kullan\u0131lmakta ve \u00fc\u00e7\u00fcnc\u00fc ki\u015filerle payla\u015f\u0131lmamaktad\u0131r.<\/p>\n","protected":false},"excerpt":{"rendered":"<p>InTraders Akademik Platformu olarak, sayfalar\u0131m\u0131zdan herhangi birinde ki\u015fisel bilgi toplanmamaktad\u0131r. Yaz\u0131\u015fmadaki adresler organizasyonun kendi amac\u0131 do\u011frultusunda kullan\u0131lmakta ve \u00fc\u00e7\u00fcnc\u00fc ki\u015filerle payla\u015f\u0131lmamaktad\u0131r.<\/p>\n","protected":false},"author":1,"featured_media":0,"parent":0,"menu_order":0,"comment_status":"closed","ping_status":"closed","template":"","meta":{"generate_page_header":"","footnotes":""},"class_list":["post-509","page","type-page","status-publish"],"_links":{"self":[{"href":"https:\/\/intraders.org\/arsiv\/wp-json\/wp\/v2\/pages\/509","targetHints":{"allow":["GET"]}}],"collection":[{"href":"https:\/\/intraders.org\/arsiv\/wp-json\/wp\/v2\/pages"}],"about":[{"href":"https:\/\/intraders.org\/arsiv\/wp-json\/wp\/v2\/types\/page"}],"author":[{"embeddable":true,"href":"https:\/\/intraders.org\/arsiv\/wp-json\/wp\/v2\/users\/1"}],"replies":[{"embeddable":true,"href":"https:\/\/intraders.org\/arsiv\/wp-json\/wp\/v2\/comments?post=509"}],"version-history":[{"count":0,"href":"https:\/\/intraders.org\/arsiv\/wp-json\/wp\/v2\/pages\/509\/revisions"}],"wp:attachment":[{"href":"https:\/\/intraders.org\/arsiv\/wp-json\/wp\/v2\/media?parent=509"}],"curies":[{"name":"wp","href":"https:\/\/api.w.org\/{rel}","templated":true}]}}