{"id":160,"date":"2018-01-23T20:05:08","date_gmt":"2018-01-23T20:05:08","guid":{"rendered":"http:\/\/www.intraders.org\/akademik\/?page_id=160"},"modified":"2026-03-31T06:47:59","modified_gmt":"2026-03-31T08:47:59","slug":"hakkimizda","status":"publish","type":"page","link":"https:\/\/intraders.org\/arsiv\/","title":{"rendered":"Hakk\u0131m\u0131zda"},"content":{"rendered":"<p style=\"text-align: left;\">Ar\u015fiv sayfam\u0131z yay\u0131nlam\u0131\u015f oldu\u011fumuz; uluslararas\u0131 kitap (kitap b\u00f6l\u00fcm\u00fc), kongre (\u00f6zet ve tam metin kitaplar\u0131) ve dergi say\u0131lar\u0131m\u0131za y\u00f6nelik haz\u0131rlanm\u0131\u015ft\u0131r.<\/p>\n<p><span style=\"color: #ff0000;\"><b>EBSCO ve ProQuest ile ar\u015fiv sayfam\u0131z(<a style=\"color: #ff0000;\" href=\"http:\/\/www.intraders.org\/archive\">www.intraders.org\/archive<\/a>) i\u00e7in anla\u015fma yap\u0131lm\u0131\u015ft\u0131r. Yay\u0131nlam\u0131\u015f oldu\u011fumuz\/ar\u015fivimizde yer alan uluslararas\u0131 kitaplar (kitap b\u00f6l\u00fcm\u00fc), kongre \u00f6zetleri ve tam metin kitaplar\u0131 i\u00e7in a\u00e7\u0131k eri\u015fim ve \u00fccretsiz olarak EBSCO ve ProQuest ile payda\u015flar\u0131na eri\u015fim sa\u011flanmaya ba\u015flanm\u0131\u015ft\u0131r.<\/b><\/span><\/p>\n<p><span style=\"color: #0000ff;\"><strong>Kongre Kitaplar\u0131m\u0131z <a style=\"color: #0000ff;\" href=\"https:\/\/search.worldcat.org\/search?q=k%C3%BCr%C5%9Fat+%C3%A7apraz&amp;limit=10&amp;offset=21\">WorldCat<\/a> gibi k\u00fcresel k\u00fct\u00fcphane sistemlerinde kataloglanm\u0131\u015ft\u0131r.<\/strong><\/span><\/p>\n<p>InTraders Akademik Platformu, e\u011fitim ve sosyal bilimler alan\u0131na <a href=\"http:\/\/www.intraders.org\">Kongre<\/a>,\u00a0\u00a0<a href=\"https:\/\/dergipark.org.tr\/tr\/pub\/intraders\">Akademik Dergi(Kurulu\u015f:2018),<\/a> <a href=\"https:\/\/intraders.org\/kitapbolumu\/\">Kitap B\u00f6l\u00fcm<\/a>\u00fc projeleri ile katk\u0131 sa\u011flamay\u0131 hedefleyen kar amac\u0131 g\u00fctmeyen akademik organizasyondur.<\/p>\n<p><strong>Yay\u0131n t\u00fcrlerimiz; <\/strong><\/p>\n<ol>\n<li>\u00a0Uluslararas\u0131 Kitap (Kitap B\u00f6l\u00fcm\u00fc; Do\u00e7entlik ve Akademik Te\u015fvikte ge\u00e7erli)<\/li>\n<li>\u00a0Kongre \u00f6zet ve tam metin kitaplar\u0131 (Y\u00d6K Uluslararas\u0131 Kongre Kriterine Uygun)<\/li>\n<li>\u00a0Dergi (2018: Aral\u0131k-Temmuz); Akademik Te\u015fvik ve Do\u00e7entlik Kriterleri sa\u011flamaktad\u0131r.<\/li>\n<\/ol>\n<p>**<strong>*<span style=\"color: #ff6600;\">Kitaplar\u0131m\u0131z\u0131n &#8220;Telif Hakk\u0131&#8221; k\u0131sm\u0131nda belirtildi\u011fi \u00fczere izin almaks\u0131z\u0131n veritabanlar\u0131na ar\u015fiv linkimiz kaynak g\u00f6sterilerek eklenebilir, kaynak g\u00f6sterilmeksizin al\u0131nt\u0131 yap\u0131lamaz.\u00a0\u00a0<\/span><\/strong><\/p>\n<p>InTraders,\u00a0<a href=\"https:\/\/www.budapestopenaccessinitiative.org\/translations\/turkish-translation\">Budape\u015fte A\u00e7\u0131k Eri\u015fim Giri\u015fimi<\/a>\u2019inde (<a href=\"https:\/\/www.budapestopenaccessinitiative.org\/\">BOAI: Budapest Open Access Initiative<\/a>) a\u00e7\u0131klanm\u0131\u015f A\u00e7\u0131k Eri\u015fim \u0130lkelerini kabul eder ve bu do\u011frultuda dergi bilimsel yay\u0131nlar\u0131n ara\u015ft\u0131rmac\u0131lara \u00fccretsiz sunman\u0131n bilginin k\u00fcresel payla\u015f\u0131m\u0131n\u0131 art\u0131raca\u011f\u0131 ilkesini benimseyerek, i\u00e7eri\u011fine an\u0131nda a\u00e7\u0131k eri\u015fim sa\u011flamaktad\u0131r.<b>\u00a0<\/b><\/p>\n<p>Yazarlar, Yay\u0131nc\u0131n\u0131n bu fikri eseri,\u00a0<a href=\"https:\/\/creativecommons.org\/licenses\/by-nc\/4.0\/\">Creative Commons At\u0131f-Gayri Ticari 4.0 Uluslararas\u0131 (CC BY-NC 4.0) lisans\u0131<\/a>\u00a0ile yay\u0131nlamas\u0131na izin verirler.\u00a0<a href=\"https:\/\/creativecommons.org\/licenses\/by-nc\/4.0\/\">Creative Commons At\u0131f-Gayri Ticari 4.0 Uluslararas\u0131 (CC BY-NC 4.0) lisans\u0131<\/a>, eserin ticari kullan\u0131m d\u0131\u015f\u0131nda her boyut ve formatta payla\u015f\u0131lmas\u0131na, kopyalanmas\u0131na, \u00e7o\u011falt\u0131lmas\u0131na ve orijinal esere uygun \u015fekilde at\u0131fta bulunmak kayd\u0131yla yeniden d\u00fczenleme, d\u00f6n\u00fc\u015ft\u00fcrme ve eserin \u00fczerine in\u015fa etme d\u00e2hil adapte edilmesine izin verir.<\/p>\n<p>-Yazarlar Sahiptir; Yazar(lar)\u0131n veya varsa yazar(lar)\u0131n i\u015fvereninin telif d\u00e2hil patent haklar\u0131, fikri m\u00fclkiyet haklar\u0131 sakl\u0131d\u0131r.<\/p>\n<p>InTraders&#8217;da yay\u0131mlanmas\u0131 i\u00e7in de\u011ferlendirilmek \u00fczere g\u00f6nderilen makalenin daha \u00f6nce yurti\u00e7inde ve\/veya yurtd\u0131\u015f\u0131nda, herhangi bir dilde hi\u00e7 bir yerde yay\u0131mlanmad\u0131\u011f\u0131, yay\u0131ma kabul edilmedi\u011fi ve yay\u0131mlanmak \u00fczere ba\u015fka bir dergiye g\u00f6nderilmedi\u011fini yazar\/yazarlar beyan ve taahh\u00fct ederler. InTraders, \u00f6zg\u00fcn ara\u015ft\u0131rmalar yay\u0131mlamay\u0131 ama\u00e7lar ve her a\u015famada bunu denetler.InTraders&#8217;da yay\u0131mlanan yaz\u0131lar\u0131n i\u00e7erikleriyle ilgili her t\u00fcrl\u00fc yasal ve bilimsel sorumluluk yazara\/yazarlara aittir.<\/p>\n<p>InTraders, Creative<a href=\"https:\/\/creativecommons.org\/licenses\/by-nc\/4.0\/\">\u00a0Commons (CC), Uluslararas\u0131 Lisans\u0131 CC BY-NC<\/a>\u00a0ile lisanslanm\u0131\u015ft\u0131r. Bu lisans, kullanan ki\u015filere orijinal eserden al\u0131nt\u0131 yapt\u0131klar\u0131 s\u00fcrece, eseri da\u011f\u0131tma, kar\u0131\u015ft\u0131rma, ince ayar yapma ya da \u00fczerine \u00e7al\u0131\u015fma haklar\u0131n\u0131 verir. Bir di\u011fer ifadeyle, InTraders&#8217;da yay\u0131mlanan yaz\u0131lardan kaynak g\u00f6sterilerek al\u0131nt\u0131 yap\u0131labilir.<\/p>\n<p>InTraders, ar\u015fivinde yer alan yaz\u0131lar\u0131n okuyucular taraf\u0131ndan okunmas\u0131na, indirilmesine, kopyalanmas\u0131na, da\u011f\u0131t\u0131lmas\u0131na, yazd\u0131r\u0131lmas\u0131na ve herhangi bir yasal ama\u00e7la kullan\u0131lmas\u0131na izin verir.<\/p>\n<p>*Kongre sosyal sorumluluk bilinciyle kar amac\u0131 g\u00fctmeyen akademik ki\u015fi g\u00f6n\u00fcll\u00fclerin olu\u015fturdu\u011fu sosyal sorumluluk olu\u015fumudur.<\/p>\n<p>*Yay\u0131nlar\u0131m\u0131z \u00fccretsiz olup, para ile sat\u0131lmaz. \u0130ndirmek, veritabanlar\u0131na y\u00fcklemek web sayfam\u0131z\u0131 kaynak g\u00f6stermek \u015fart\u0131yla \u00f6n izin gerektirmeksizin yap\u0131labilir. Kitaplar\u0131n telif hakk\u0131 k\u0131sm\u0131nda detayl\u0131 a\u00e7\u0131klama mevcuttur.<\/p>\n<p>*<\/p>\n<h4 class=\"post-title entry-title\" style=\"text-align: center;\"><\/h4>\n<h4 style=\"text-align: center;\"><strong>A\u00e7\u0131k eri\u015fim e-yay\u0131nc\u0131l\u0131k politikam\u0131z: <\/strong><a href=\"https:\/\/intraders.org\/arsiv\/acik-erisim-poliitikasi\/\">A\u00e7\u0131k Eri\u015fim Bildirimi<\/a><\/h4>\n<p style=\"text-align: center;\"><strong><a href=\"http:\/\/www.intraders.org\/turkce\/\">InTraders Akademik Platform<\/a><\/strong><\/p>\n","protected":false},"excerpt":{"rendered":"<p>Ar\u015fiv sayfam\u0131z yay\u0131nlam\u0131\u015f oldu\u011fumuz; uluslararas\u0131 kitap (kitap b\u00f6l\u00fcm\u00fc), kongre (\u00f6zet ve tam metin kitaplar\u0131) ve dergi say\u0131lar\u0131m\u0131za y\u00f6nelik haz\u0131rlanm\u0131\u015ft\u0131r. EBSCO ve ProQuest ile ar\u015fiv sayfam\u0131z(www.intraders.org\/archive) i\u00e7in anla\u015fma yap\u0131lm\u0131\u015ft\u0131r. Yay\u0131nlam\u0131\u015f oldu\u011fumuz\/ar\u015fivimizde yer alan uluslararas\u0131 kitaplar (kitap b\u00f6l\u00fcm\u00fc), kongre \u00f6zetleri ve tam metin kitaplar\u0131 i\u00e7in a\u00e7\u0131k eri\u015fim ve \u00fccretsiz olarak EBSCO ve ProQuest ile payda\u015flar\u0131na eri\u015fim sa\u011flanmaya &#8230; <a title=\"Hakk\u0131m\u0131zda\" class=\"read-more\" href=\"https:\/\/intraders.org\/arsiv\/\">Read more<\/a><\/p>\n","protected":false},"author":1,"featured_media":0,"parent":0,"menu_order":0,"comment_status":"closed","ping_status":"closed","template":"","meta":{"generate_page_header":"","footnotes":""},"class_list":["post-160","page","type-page","status-publish"],"_links":{"self":[{"href":"https:\/\/intraders.org\/arsiv\/wp-json\/wp\/v2\/pages\/160","targetHints":{"allow":["GET"]}}],"collection":[{"href":"https:\/\/intraders.org\/arsiv\/wp-json\/wp\/v2\/pages"}],"about":[{"href":"https:\/\/intraders.org\/arsiv\/wp-json\/wp\/v2\/types\/page"}],"author":[{"embeddable":true,"href":"https:\/\/intraders.org\/arsiv\/wp-json\/wp\/v2\/users\/1"}],"replies":[{"embeddable":true,"href":"https:\/\/intraders.org\/arsiv\/wp-json\/wp\/v2\/comments?post=160"}],"version-history":[{"count":70,"href":"https:\/\/intraders.org\/arsiv\/wp-json\/wp\/v2\/pages\/160\/revisions"}],"predecessor-version":[{"id":1428,"href":"https:\/\/intraders.org\/arsiv\/wp-json\/wp\/v2\/pages\/160\/revisions\/1428"}],"wp:attachment":[{"href":"https:\/\/intraders.org\/arsiv\/wp-json\/wp\/v2\/media?parent=160"}],"curies":[{"name":"wp","href":"https:\/\/api.w.org\/{rel}","templated":true}]}}