{"id":1412,"date":"2026-03-18T20:52:05","date_gmt":"2026-03-18T22:52:05","guid":{"rendered":"https:\/\/intraders.org\/arsiv\/?page_id=1412"},"modified":"2026-03-18T20:52:06","modified_gmt":"2026-03-18T22:52:06","slug":"kar-amaci-gutmeyen-organizasyon","status":"publish","type":"page","link":"https:\/\/intraders.org\/arsiv\/kar-amaci-gutmeyen-organizasyon\/","title":{"rendered":"Kar Amac\u0131 G\u00fctmeyen Organizasyon"},"content":{"rendered":"\n<p>Kar amac\u0131 g\u00fctmeyen, sosyal giri\u015fimcilik tipi olan organizasyon ara\u015ft\u0131rmac\u0131lar\u0131 \u00fcretmeye ve bilgiyi payla\u015fmaya te\u015fvik eder. Kitaplar a\u00e7\u0131k eri\u015fimli, k\u0131s\u0131tlama olmaks\u0131z\u0131n indirilebilir ve ISBN&#8217;si mevcut hakemli kitaplard\u0131r. Her kitap kendine \u00f6zel ISBN&#8217;ye sahiptir.<\/p>\n","protected":false},"excerpt":{"rendered":"<p>Kar amac\u0131 g\u00fctmeyen, sosyal giri\u015fimcilik tipi olan organizasyon ara\u015ft\u0131rmac\u0131lar\u0131 \u00fcretmeye ve bilgiyi payla\u015fmaya te\u015fvik eder. Kitaplar a\u00e7\u0131k eri\u015fimli, k\u0131s\u0131tlama olmaks\u0131z\u0131n indirilebilir ve ISBN&#8217;si mevcut hakemli kitaplard\u0131r. Her kitap kendine \u00f6zel ISBN&#8217;ye sahiptir.<\/p>\n","protected":false},"author":1,"featured_media":0,"parent":0,"menu_order":0,"comment_status":"closed","ping_status":"closed","template":"","meta":{"generate_page_header":"","footnotes":""},"class_list":["post-1412","page","type-page","status-publish"],"_links":{"self":[{"href":"https:\/\/intraders.org\/arsiv\/wp-json\/wp\/v2\/pages\/1412","targetHints":{"allow":["GET"]}}],"collection":[{"href":"https:\/\/intraders.org\/arsiv\/wp-json\/wp\/v2\/pages"}],"about":[{"href":"https:\/\/intraders.org\/arsiv\/wp-json\/wp\/v2\/types\/page"}],"author":[{"embeddable":true,"href":"https:\/\/intraders.org\/arsiv\/wp-json\/wp\/v2\/users\/1"}],"replies":[{"embeddable":true,"href":"https:\/\/intraders.org\/arsiv\/wp-json\/wp\/v2\/comments?post=1412"}],"version-history":[{"count":1,"href":"https:\/\/intraders.org\/arsiv\/wp-json\/wp\/v2\/pages\/1412\/revisions"}],"predecessor-version":[{"id":1413,"href":"https:\/\/intraders.org\/arsiv\/wp-json\/wp\/v2\/pages\/1412\/revisions\/1413"}],"wp:attachment":[{"href":"https:\/\/intraders.org\/arsiv\/wp-json\/wp\/v2\/media?parent=1412"}],"curies":[{"name":"wp","href":"https:\/\/api.w.org\/{rel}","templated":true}]}}