{"id":1409,"date":"2026-03-18T20:44:36","date_gmt":"2026-03-18T22:44:36","guid":{"rendered":"https:\/\/intraders.org\/arsiv\/?page_id=1409"},"modified":"2026-03-18T20:44:36","modified_gmt":"2026-03-18T22:44:36","slug":"acik-erisim-poliitikasi","status":"publish","type":"page","link":"https:\/\/intraders.org\/arsiv\/acik-erisim-poliitikasi\/","title":{"rendered":"A\u00e7\u0131k Eri\u015fim Poliitikas\u0131"},"content":{"rendered":"\n<p>InTraders, <a href=\"https:\/\/www.budapestopenaccessinitiative.org\/\">Budape\u015fte A\u00e7\u0131k Eri\u015fim Giri\u015fimi&#8217;nde (BOAI)<\/a> belirtilen A\u00e7\u0131k Eri\u015fim \u0130lkelerini kabul eder ve buna g\u00f6re, bilimsel yay\u0131nlar\u0131n ara\u015ft\u0131rmac\u0131lara eri\u015filebilir hale getirilmesinin k\u00fcresel bilgi payla\u015f\u0131m\u0131n\u0131 art\u0131raca\u011f\u0131 ilkesini benimseyerek i\u00e7eri\u011fine an\u0131nda a\u00e7\u0131k eri\u015fim sa\u011flar.<\/p>\n\n\n\n<p>T\u00fcm makalelerini Creative Commons <strong>CC-BY-NC<\/strong> lisans\u0131 alt\u0131nda <strong>a\u00e7\u0131k eri\u015fime<\/strong> sunmay\u0131 ve tam metin i\u00e7eri\u011fini bir ar\u015fiv <strong>web sitesinde<\/strong> <strong>saklamay\u0131 <\/strong>taahh\u00fct eder.<\/p>\n\n\n\n<p><\/p>\n","protected":false},"excerpt":{"rendered":"<p>InTraders, Budape\u015fte A\u00e7\u0131k Eri\u015fim Giri\u015fimi&#8217;nde (BOAI) belirtilen A\u00e7\u0131k Eri\u015fim \u0130lkelerini kabul eder ve buna g\u00f6re, bilimsel yay\u0131nlar\u0131n ara\u015ft\u0131rmac\u0131lara eri\u015filebilir hale getirilmesinin k\u00fcresel bilgi payla\u015f\u0131m\u0131n\u0131 art\u0131raca\u011f\u0131 ilkesini benimseyerek i\u00e7eri\u011fine an\u0131nda a\u00e7\u0131k eri\u015fim sa\u011flar. T\u00fcm makalelerini Creative Commons CC-BY-NC lisans\u0131 alt\u0131nda a\u00e7\u0131k eri\u015fime sunmay\u0131 ve tam metin i\u00e7eri\u011fini bir ar\u015fiv web sitesinde saklamay\u0131 taahh\u00fct eder.<\/p>\n","protected":false},"author":1,"featured_media":0,"parent":0,"menu_order":0,"comment_status":"closed","ping_status":"closed","template":"","meta":{"generate_page_header":"","footnotes":""},"class_list":["post-1409","page","type-page","status-publish"],"_links":{"self":[{"href":"https:\/\/intraders.org\/arsiv\/wp-json\/wp\/v2\/pages\/1409","targetHints":{"allow":["GET"]}}],"collection":[{"href":"https:\/\/intraders.org\/arsiv\/wp-json\/wp\/v2\/pages"}],"about":[{"href":"https:\/\/intraders.org\/arsiv\/wp-json\/wp\/v2\/types\/page"}],"author":[{"embeddable":true,"href":"https:\/\/intraders.org\/arsiv\/wp-json\/wp\/v2\/users\/1"}],"replies":[{"embeddable":true,"href":"https:\/\/intraders.org\/arsiv\/wp-json\/wp\/v2\/comments?post=1409"}],"version-history":[{"count":1,"href":"https:\/\/intraders.org\/arsiv\/wp-json\/wp\/v2\/pages\/1409\/revisions"}],"predecessor-version":[{"id":1410,"href":"https:\/\/intraders.org\/arsiv\/wp-json\/wp\/v2\/pages\/1409\/revisions\/1410"}],"wp:attachment":[{"href":"https:\/\/intraders.org\/arsiv\/wp-json\/wp\/v2\/media?parent=1409"}],"curies":[{"name":"wp","href":"https:\/\/api.w.org\/{rel}","templated":true}]}}