{"id":1039,"date":"2023-04-05T07:44:39","date_gmt":"2023-04-05T09:44:39","guid":{"rendered":"https:\/\/intraders.org\/arsiv\/?page_id=1039"},"modified":"2023-04-05T07:44:42","modified_gmt":"2023-04-05T09:44:42","slug":"yayin-degerlendirme-sureci-cift-kor-hakem-incelemesi","status":"publish","type":"page","link":"https:\/\/intraders.org\/arsiv\/yayin-degerlendirme-sureci-cift-kor-hakem-incelemesi\/","title":{"rendered":"Yay\u0131n De\u011ferlendirme S\u00fcreci (\u00c7ift-K\u00f6r Hakem \u0130ncelemesi)"},"content":{"rendered":"\n<p>&nbsp;&nbsp;&nbsp;InTraders&#8217;da yay\u0131nlanmak \u00fczere g\u00f6nderilecek makalelerin daha \u00f6nce hi\u00e7 bir yerde yay\u0131mlanmam\u0131\u015f, yay\u0131ma kabul edilmemi\u015f ve yay\u0131mlanmak \u00fczere ba\u015fka bir dergiye g\u00f6nderilmemi\u015f olmas\u0131 gerekmektedir.<\/p>\n\n\n\n<p>&nbsp;&nbsp;&nbsp;&nbsp;De\u011ferlendirme s\u00fcreci, &#8220;En az 2 K\u00f6r Hakem-Bilim Kurulu&#8221; s\u00fcrecinden olu\u015fmaktad\u0131r. T\u00fcm s\u00fcrecin maksimum 5 ayda tamamlanmas\u0131 hedeflenmektedir.&nbsp; Etik kurulu raporu istenen \u00e7al\u0131\u015fmalarda etik kurulu raporu ara\u015ft\u0131rmac\u0131n\u0131n kurumundan ve\/veya uygulama yap\u0131lan kurum taraf\u0131ndan sa\u011flanm\u0131\u015f olmal\u0131d\u0131r. Etik kurulu raporu \u00f6rneklemi insanlar ve\/veya hayvanlar olan \u00e7al\u0131\u015fmalar i\u00e7in gereklidir.<\/p>\n\n\n\n<p>&nbsp;&nbsp;&nbsp;&nbsp;\u00d6n \u0130ncele a\u015famas\u0131nda makale \u015fekilsel, akademik dil ve yaz\u0131m kural\u0131 incelemesi olmak \u00fczere 3 a\u015famadan olu\u015fmaktad\u0131r. \u015eekilsel olarak incelemede &#8220;benzerlik raporu&#8221;, anahtar kelime, JEL kodu ve yazar bilgileri kontrol edilmektedir. \u00d6n inceleme sekretarya taraf\u0131ndan y\u00fcr\u00fct\u00fclmektedir. Her bir a\u015famada yazar ile ileti\u015fime ge\u00e7ilerek gerekli i\u015flemlerin tamamlanmas\u0131 talep edilmekte ve tamamlanan her bir s\u00fcre\u00e7 sonras\u0131 bir sonraki a\u015famaya ge\u00e7ilmektedir. Yazar\u0131n d\u00f6n\u00fc\u015f h\u0131z\u0131na g\u00f6re toplamda 10 g\u00fcn i\u00e7inde tamamlanmas\u0131 hedeflenmektedir. Kabul edilebilir &#8220;benzerlik oran\u0131&#8221; maksimum % 20&#8217;dur. Bu oran\u0131n alt\u0131nda olmas\u0131 durumunda da metin kontrol edilecek gerekli d\u00fczeltmeler talep edilebilecektir.<\/p>\n\n\n\n<p>&nbsp;&nbsp;&nbsp;&nbsp;Bilimsel Kontrol edit\u00f6r yard\u0131mc\u0131s\u0131 ve\/veya edit\u00f6r taraf\u0131ndan \u00f6n s\u00fcreci tamamlanan makalenin 2 k\u00f6r hakem atamas\u0131 ile y\u00fcr\u00fct\u00fclmektedir. Hakemlere &#8220;benzerlik raporu&#8221; ile makalenin da\u011f\u0131t\u0131m\u0131 sa\u011flanacakt\u0131r. 1 hafta i\u00e7inde hakemin de\u011ferlendirme s\u00fcreci ile ilgili \u00f6n bilgi al\u0131narak toplamda ortalama 2 ay da hakem s\u00fcrecinin tamamlanmas\u0131 hedeflenmektedir. Bu s\u00fcre yazar\u0131n revizyonlar\u0131 gerekli zamanda tamamlamas\u0131 do\u011frultusunda de\u011fi\u015fiklik g\u00f6sterebilecektir.<\/p>\n\n\n\n<p>&nbsp;&nbsp;&nbsp;&nbsp;Makalenin yay\u0131na kabul\u00fc i\u00e7in en az iki hakemin olumlu g\u00f6r\u00fc\u015f\u00fc aranmaktad\u0131r.&nbsp;Hakemlerden birinin olumlu, di\u011ferinin ise olumsuz g\u00f6r\u00fc\u015f bildirmesi durumunda makale \u00fc\u00e7\u00fcnc\u00fc bir bilim kurulu \u00fcyesine g\u00f6nderilmektedir.&nbsp;Hakem de\u011ferlendirme s\u00fcreci tamamlanan makaleler, dergi&nbsp;<strong>Edit\u00f6r Kurulu&#8217;<\/strong>nun onay\u0131 ile yay\u0131ma haz\u0131r hale gelmekte ve kabul s\u0131ras\u0131 dikkate al\u0131narak uygun g\u00f6r\u00fclen say\u0131da yay\u0131mlanmaktad\u0131r.&nbsp;<\/p>\n","protected":false},"excerpt":{"rendered":"<p>&nbsp;&nbsp;&nbsp;InTraders&#8217;da yay\u0131nlanmak \u00fczere g\u00f6nderilecek makalelerin daha \u00f6nce hi\u00e7 bir yerde yay\u0131mlanmam\u0131\u015f, yay\u0131ma kabul edilmemi\u015f ve yay\u0131mlanmak \u00fczere ba\u015fka bir dergiye g\u00f6nderilmemi\u015f olmas\u0131 gerekmektedir. &nbsp;&nbsp;&nbsp;&nbsp;De\u011ferlendirme s\u00fcreci, &#8220;En az 2 K\u00f6r Hakem-Bilim Kurulu&#8221; s\u00fcrecinden olu\u015fmaktad\u0131r. T\u00fcm s\u00fcrecin maksimum 5 ayda tamamlanmas\u0131 hedeflenmektedir.&nbsp; Etik kurulu raporu istenen \u00e7al\u0131\u015fmalarda etik kurulu raporu ara\u015ft\u0131rmac\u0131n\u0131n kurumundan ve\/veya uygulama yap\u0131lan kurum taraf\u0131ndan &#8230; <a title=\"Yay\u0131n De\u011ferlendirme S\u00fcreci (\u00c7ift-K\u00f6r Hakem \u0130ncelemesi)\" class=\"read-more\" href=\"https:\/\/intraders.org\/arsiv\/yayin-degerlendirme-sureci-cift-kor-hakem-incelemesi\/\">Read more<\/a><\/p>\n","protected":false},"author":1,"featured_media":0,"parent":0,"menu_order":0,"comment_status":"closed","ping_status":"closed","template":"","meta":{"generate_page_header":"","footnotes":""},"class_list":["post-1039","page","type-page","status-publish"],"_links":{"self":[{"href":"https:\/\/intraders.org\/arsiv\/wp-json\/wp\/v2\/pages\/1039","targetHints":{"allow":["GET"]}}],"collection":[{"href":"https:\/\/intraders.org\/arsiv\/wp-json\/wp\/v2\/pages"}],"about":[{"href":"https:\/\/intraders.org\/arsiv\/wp-json\/wp\/v2\/types\/page"}],"author":[{"embeddable":true,"href":"https:\/\/intraders.org\/arsiv\/wp-json\/wp\/v2\/users\/1"}],"replies":[{"embeddable":true,"href":"https:\/\/intraders.org\/arsiv\/wp-json\/wp\/v2\/comments?post=1039"}],"version-history":[{"count":1,"href":"https:\/\/intraders.org\/arsiv\/wp-json\/wp\/v2\/pages\/1039\/revisions"}],"predecessor-version":[{"id":1040,"href":"https:\/\/intraders.org\/arsiv\/wp-json\/wp\/v2\/pages\/1039\/revisions\/1040"}],"wp:attachment":[{"href":"https:\/\/intraders.org\/arsiv\/wp-json\/wp\/v2\/media?parent=1039"}],"curies":[{"name":"wp","href":"https:\/\/api.w.org\/{rel}","templated":true}]}}