{"id":1008,"date":"2023-03-11T21:07:29","date_gmt":"2023-03-11T23:07:29","guid":{"rendered":"https:\/\/intraders.org\/arsiv\/?page_id=1008"},"modified":"2023-03-11T21:07:29","modified_gmt":"2023-03-11T23:07:29","slug":"telif-hakki-ve-lisanslama-2","status":"publish","type":"page","link":"https:\/\/intraders.org\/arsiv\/telif-hakki-ve-lisanslama-2\/","title":{"rendered":"Telif Hakk\u0131 ve Lisanslama"},"content":{"rendered":"\n<p>Yazarlar, Yay\u0131nc\u0131n\u0131n bu fikri eseri,&nbsp;<a href=\"https:\/\/creativecommons.org\/licenses\/by-nc\/4.0\/\">Creative Commons At\u0131f-Gayri Ticari 4.0 Uluslararas\u0131 (CC BY-NC 4.0) lisans\u0131<\/a>&nbsp;ile yay\u0131nlamas\u0131na izin verirler.&nbsp;<a href=\"https:\/\/creativecommons.org\/licenses\/by-nc\/4.0\/\">Creative Commons At\u0131f-Gayri Ticari 4.0 Uluslararas\u0131 (CC BY-NC 4.0) lisans\u0131<\/a>, eserin ticari kullan\u0131m d\u0131\u015f\u0131nda her boyut ve formatta payla\u015f\u0131lmas\u0131na, kopyalanmas\u0131na, \u00e7o\u011falt\u0131lmas\u0131na ve orijinal esere uygun \u015fekilde at\u0131fta bulunmak kayd\u0131yla yeniden d\u00fczenleme, d\u00f6n\u00fc\u015ft\u00fcrme ve eserin \u00fczerine in\u015fa etme d\u00e2hil adapte edilmesine izin verir.<\/p>\n\n\n\n<p><br>-Yazarlar Sahiptir; Yazar(lar)\u0131n veya varsa yazar(lar)\u0131n i\u015fvereninin telif d\u00e2hil patent haklar\u0131, fikri m\u00fclkiyet haklar\u0131 sakl\u0131d\u0131r.<\/p>\n\n\n\n<p><br>InTraders&#8217;da yay\u0131mlanmas\u0131 i\u00e7in de\u011ferlendirilmek \u00fczere g\u00f6nderilen makalenin daha \u00f6nce yurti\u00e7inde ve\/veya yurtd\u0131\u015f\u0131nda, herhangi bir dilde hi\u00e7 bir yerde yay\u0131mlanmad\u0131\u011f\u0131, yay\u0131ma kabul edilmedi\u011fi ve yay\u0131mlanmak \u00fczere ba\u015fka bir dergiye g\u00f6nderilmedi\u011fini yazar\/yazarlar beyan ve taahh\u00fct ederler. InTraders, \u00f6zg\u00fcn ara\u015ft\u0131rmalar yay\u0131mlamay\u0131 ama\u00e7lar ve her a\u015famada bunu denetler.<\/p>\n\n\n\n<p><br>InTraders&#8217;da yay\u0131mlanan yaz\u0131lar\u0131n i\u00e7erikleriyle ilgili her t\u00fcrl\u00fc yasal ve bilimsel sorumluluk yazara\/yazarlara aittir.<\/p>\n\n\n\n<p><br>InTraders, Creative<a href=\"https:\/\/creativecommons.org\/licenses\/by-nc\/4.0\/\">&nbsp;Commons (CC), Uluslararas\u0131 Lisans\u0131 CC BY-NC<\/a>&nbsp;ile lisanslanm\u0131\u015ft\u0131r. Bu lisans, kullanan ki\u015filere orijinal eserden al\u0131nt\u0131 yapt\u0131klar\u0131 s\u00fcrece, eseri da\u011f\u0131tma, kar\u0131\u015ft\u0131rma, ince ayar yapma ya da \u00fczerine \u00e7al\u0131\u015fma haklar\u0131n\u0131 verir. Bir di\u011fer ifadeyle, InTraders&#8217;da yay\u0131mlanan yaz\u0131lardan kaynak g\u00f6sterilerek al\u0131nt\u0131 yap\u0131labilir.<\/p>\n\n\n\n<p><br>InTraders, ar\u015fivinde yer alan yaz\u0131lar\u0131n okuyucular taraf\u0131ndan okunmas\u0131na, indirilmesine, kopyalanmas\u0131na, da\u011f\u0131t\u0131lmas\u0131na, yazd\u0131r\u0131lmas\u0131na ve herhangi bir yasal ama\u00e7la kullan\u0131lmas\u0131na izin verir.\u00a0<\/p>\n","protected":false},"excerpt":{"rendered":"<p>Yazarlar, Yay\u0131nc\u0131n\u0131n bu fikri eseri,&nbsp;Creative Commons At\u0131f-Gayri Ticari 4.0 Uluslararas\u0131 (CC BY-NC 4.0) lisans\u0131&nbsp;ile yay\u0131nlamas\u0131na izin verirler.&nbsp;Creative Commons At\u0131f-Gayri Ticari 4.0 Uluslararas\u0131 (CC BY-NC 4.0) lisans\u0131, eserin ticari kullan\u0131m d\u0131\u015f\u0131nda her boyut ve formatta payla\u015f\u0131lmas\u0131na, kopyalanmas\u0131na, \u00e7o\u011falt\u0131lmas\u0131na ve orijinal esere uygun \u015fekilde at\u0131fta bulunmak kayd\u0131yla yeniden d\u00fczenleme, d\u00f6n\u00fc\u015ft\u00fcrme ve eserin \u00fczerine in\u015fa etme d\u00e2hil adapte &#8230; <a title=\"Telif Hakk\u0131 ve Lisanslama\" class=\"read-more\" href=\"https:\/\/intraders.org\/arsiv\/telif-hakki-ve-lisanslama-2\/\">Read more<\/a><\/p>\n","protected":false},"author":1,"featured_media":0,"parent":0,"menu_order":0,"comment_status":"closed","ping_status":"closed","template":"","meta":{"generate_page_header":"","footnotes":""},"class_list":["post-1008","page","type-page","status-publish"],"_links":{"self":[{"href":"https:\/\/intraders.org\/arsiv\/wp-json\/wp\/v2\/pages\/1008","targetHints":{"allow":["GET"]}}],"collection":[{"href":"https:\/\/intraders.org\/arsiv\/wp-json\/wp\/v2\/pages"}],"about":[{"href":"https:\/\/intraders.org\/arsiv\/wp-json\/wp\/v2\/types\/page"}],"author":[{"embeddable":true,"href":"https:\/\/intraders.org\/arsiv\/wp-json\/wp\/v2\/users\/1"}],"replies":[{"embeddable":true,"href":"https:\/\/intraders.org\/arsiv\/wp-json\/wp\/v2\/comments?post=1008"}],"version-history":[{"count":1,"href":"https:\/\/intraders.org\/arsiv\/wp-json\/wp\/v2\/pages\/1008\/revisions"}],"predecessor-version":[{"id":1009,"href":"https:\/\/intraders.org\/arsiv\/wp-json\/wp\/v2\/pages\/1008\/revisions\/1009"}],"wp:attachment":[{"href":"https:\/\/intraders.org\/arsiv\/wp-json\/wp\/v2\/media?parent=1008"}],"curies":[{"name":"wp","href":"https:\/\/api.w.org\/{rel}","templated":true}]}}