{"id":578,"date":"2018-11-21T08:23:35","date_gmt":"2018-11-21T08:23:35","guid":{"rendered":"https:\/\/intraders.org\/archive\/?page_id=578"},"modified":"2026-03-14T19:50:53","modified_gmt":"2026-03-14T19:50:53","slug":"arsiv","status":"publish","type":"page","link":"https:\/\/intraders.org\/archive\/arsiv\/","title":{"rendered":"International Book Archive"},"content":{"rendered":"<h4 class=\"post-title entry-title\" style=\"text-align: center;\"><\/h4>\n<h4 style=\"text-align: center;\">All books (book chapters and congress books) whose <strong>publisher<\/strong> is &#8220;<em>K\u00fcr\u015fat \u00c7apraz<\/em>&#8221; are indexed in the EBSCO and Proquest Ebook database.<\/h4>\n<h4 style=\"text-align: center;\"><strong><a href=\"https:\/\/intraders.org\/archive\/arsiv\/yapay-zeka-uygulamalari-sektorel-etkiler-ve-dijitallesme-caginda-tuketici\/\" rel=\"attachment wp-att-1288\">Yapay Zek\u00e2 Uygulamalar\u0131: Sekt\u00f6rel Etkiler ve Dijitalle\u015fme \u00c7a\u011f\u0131nda T\u00fcketici, Gazi Kitabevi, Ekim 2025<\/a><\/strong><\/h4>\n<h4 style=\"text-align: center;\"><strong><a href=\"https:\/\/intraders.org\/archive\/arsiv\/bridging-education-and-economy-resilience-advancing-education-on-asean\/\" rel=\"attachment wp-att-1258\">Bridging education and economy resilience advancing education on Asean<\/a><\/strong><\/h4>\n<h4 style=\"text-align: center;\"><strong><a href=\"https:\/\/intraders.org\/archive\/arsiv\/the-ocean-sustaining-what-sustains-us\/\" rel=\"attachment wp-att-1242\">THE OCEAN SUSTAINING WHAT SUSTAINS US<\/a><\/strong><\/h4>\n<h4 style=\"text-align: center;\"><a href=\"https:\/\/intraders.org\/archive\/arsiv\/academic-studies-in-social-humanities-and-administrative-sciences-gazi-kitabevi-march-2023\/\" rel=\"attachment wp-att-953\">Academic Studies in Social, Humanities and Administrative Sciences Gazi Kitabevi March 2023<\/a><\/h4>\n<h4 style=\"text-align: center;\"><a href=\"https:\/\/intraders.org\/archive\/arsiv\/ekonomi-surdurulebilir-kalkinma-ve-isletme-alaninda-akademik-calismalar-gazi-kitabevi-mart-2023\/\" rel=\"attachment wp-att-948\">Ekonomi, S\u00fcrd\u00fcr\u00fclebilir Kalk\u0131nma ve \u0130\u015fletme Alan\u0131nda Akademik \u00c7al\u0131\u015fmalar Gazi Kitabevi Mart 2023<\/a><\/h4>\n<h4 style=\"text-align: center;\"><a href=\"https:\/\/intraders.org\/archive\/arsiv\/iktisadi-idari-ve-sosyal-bilimlerde-akademik-calismalar\/\" rel=\"attachment wp-att-886\">\u0130ktisadi, \u0130dari ve Sosyal Bilimlerde Akademik \u00c7al\u0131\u015fmalar Gazi Kitabevi Aral\u0131k 2022<\/a><\/h4>\n<h4 style=\"text-align: center;\"><a href=\"https:\/\/intraders.org\/archive\/arsiv\/academic-studies-on-social-and-economic-issues\/\" rel=\"attachment wp-att-874\">Academic Studies on Social and Economic Issues Hiperyay\u0131n December 2022<\/a><\/h4>\n<h4 style=\"text-align: center;\"><a href=\"https:\/\/intraders.org\/archive\/arsiv\/sosyal-ve-idari-bilimlerde-akademik-arastirmalar-ed-ali-yildiz-hiper-yayin-kasim-2022\/\" rel=\"attachment wp-att-863\">Sosyal ve \u0130dari Bilimlerde Akademik Arastirmalar Ed. Ali Y\u0131ld\u0131z Hiperyay\u0131n Kas\u0131m 2022<\/a><\/h4>\n<h4 style=\"text-align: center;\"><a href=\"https:\/\/intraders.org\/archive\/arsiv\/sosyal-ve-beseri-bilimlerde-guncel-arastirmalar\/\" rel=\"attachment wp-att-850\">Sosyal ve Beseri Bilimlerde G\u00fcncel Arast\u0131rmalar Hiperyay\u0131n Ekim 2022<\/a><\/h4>\n<p style=\"text-align: center;\"><a href=\"https:\/\/intraders.org\/archive\/arsiv\/sosyal-beseri-ve-idari-bilimler-arastirmalari\/\" rel=\"attachment wp-att-844\">Sosyal, Be\u015feri ve \u0130dari Bilimler Ara\u015ft\u0131rmalar\u0131 Hiperyay\u0131n Ekim 2022<\/a><\/p>\n<p style=\"text-align: center;\"><a href=\"https:\/\/intraders.org\/archive\/arsiv\/sosyal-bilimlerde-guncel-calismalar\/\" rel=\"attachment wp-att-842\">SOSYAL B\u0130L\u0130MLERDE G\u00dcNCEL \u00c7ALI\u015eMALAR, Gazi Kitabevi\u00a0 Eyl\u00fcl 2022<\/a><\/p>\n<h3 style=\"text-align: center;\"><a href=\"https:\/\/intraders.org\/archive\/arsiv\/current-studies-in-international-trade-intraders-2021\/\" rel=\"attachment wp-att-703\">Current Studies in International Trade InTraders 2021<\/a><\/h3>\n<h3 style=\"text-align: center;\"><a href=\"https:\/\/intraders.org\/archive\/arsiv\/sosyal-bilimlerde-guncel-calismalar-intraders-2021\/\" rel=\"attachment wp-att-702\">Sosyal Bilimlerde G\u00fcncel \u00c7al\u0131\u015fmalar InTraders 2021<\/a><\/h3>\n<h3 style=\"text-align: center;\"><a href=\"https:\/\/intraders.org\/archive\/arsiv\/case-studies-from-pakistan-iraq\/\" rel=\"attachment wp-att-699\">Case Studies From Pakistan &amp; Iraq<\/a><\/h3>\n<h3 style=\"text-align: center;\"><a href=\"https:\/\/intraders.org\/archive\/arsiv\/current_debates_in_social_sciences\/\">Current Debates in Social Sciences, InTraders 2020<\/a><\/h3>\n<h3 style=\"text-align: center;\"><a href=\"https:\/\/intraders.org\/archive\/arsiv\/sosyal_bilimlerde_vaka_calismalari\/\" rel=\"attachment wp-att-693\">Sosyal Bilimlerde Vaka \u00c7al\u0131\u015fmalar\u0131, InTraders 2020<\/a><\/h3>\n<h3 style=\"text-align: center;\"><a href=\"https:\/\/intraders.org\/archive\/arsiv\/academic-studies-in-social-human-and-administrative-sciences-intraders-2019\/\" rel=\"attachment wp-att-695\">Academic Studies in Social, Human and Administrative Sciences, InTraders 2019<\/a><\/h3>\n<p>InTraders accepts the Open Access Principles outlined in the<a href=\"https:\/\/www.budapestopenaccessinitiative.org\/\">\u00a0Budapest Open Access Initiative (BOAI)<\/a>. Accordingly, the InTraders provides instant open access to its content, adopting the principle that making scientific publications accessible to researchers will increase the global sharing of knowledge.<\/p>\n<p>The authors allow the Publisher to publish this article under a\u00a0<a href=\"https:\/\/creativecommons.org\/licenses\/by-nc\/4.0\/\">Creative Commons Attribution-NonCommercial 4.0 International (CC BY-NC 4.0) license<\/a>.\u00a0<a href=\"https:\/\/creativecommons.org\/licenses\/by-nc\/4.0\/\">Creative Commons Attribution-NonCommercial 4.0 International (CC BY-NC 4.0) license\u00a0<\/a>allows the work to be shared, copied, and reproduced in any size and format other than for commercial use, including re-editing, transforming, and building upon the original work, provided that it is properly cited.<\/p>\n<p>The author(s) has\/have; Patent rights, intellectual property rights, including copyright, of the author(s) or, if any, of the author(s) employer are reserved.<\/p>\n<p>The author(s) declare and undertake that the article submitted for consideration for publication in InTraders has not been previously published in any language, nor accepted for publication and has not been sent to another InTraders for publication. InTraders aims to publish original research and audit it at every stage.<\/p>\n<p>All legal and scientific responsibilities regarding the content of the articles published in InTraders belong to the author(s).<\/p>\n<p>InTraders is licensed under a\u00a0<a href=\"https:\/\/creativecommons.org\/licenses\/by-nc\/4.0\/\">Creative Commons (CC) International License (CC BY-NC)<\/a>. This license grants users the right to distribute, mix, tweak, or work on the work as long as they quote the original work. In other words, the articles published in InTraders can be cited by citing the source.<\/p>\n<p>InTraders allows readers to read, download, copy, distribute, print and use the articles in InTraders for legal purposes.<\/p>\n<p>*Our publications are free of charge and not sold for money. Downloading, uploading to databases can be done without prior permission, provided that you cite our website. There is a detailed explanation in the copyright section of the books.<\/p>\n<h3 style=\"text-align: center;\"><\/h3>\n","protected":false},"excerpt":{"rendered":"<p>All books (book chapters and congress books) whose publisher is &#8220;K\u00fcr\u015fat \u00c7apraz&#8221; are indexed in the EBSCO and Proquest Ebook database. Yapay Zek\u00e2 Uygulamalar\u0131: Sekt\u00f6rel Etkiler ve Dijitalle\u015fme \u00c7a\u011f\u0131nda T\u00fcketici, Gazi Kitabevi, Ekim 2025 Bridging education and economy resilience advancing education on Asean THE OCEAN SUSTAINING WHAT SUSTAINS US Academic Studies in Social, Humanities and &#8230; <a title=\"International Book Archive\" class=\"read-more\" href=\"https:\/\/intraders.org\/archive\/arsiv\/\">Read more<\/a><\/p>\n","protected":false},"author":1,"featured_media":0,"parent":0,"menu_order":0,"comment_status":"closed","ping_status":"closed","template":"","meta":{"generate_page_header":"","footnotes":""},"class_list":["post-578","page","type-page","status-publish"],"_links":{"self":[{"href":"https:\/\/intraders.org\/archive\/wp-json\/wp\/v2\/pages\/578","targetHints":{"allow":["GET"]}}],"collection":[{"href":"https:\/\/intraders.org\/archive\/wp-json\/wp\/v2\/pages"}],"about":[{"href":"https:\/\/intraders.org\/archive\/wp-json\/wp\/v2\/types\/page"}],"author":[{"embeddable":true,"href":"https:\/\/intraders.org\/archive\/wp-json\/wp\/v2\/users\/1"}],"replies":[{"embeddable":true,"href":"https:\/\/intraders.org\/archive\/wp-json\/wp\/v2\/comments?post=578"}],"version-history":[{"count":54,"href":"https:\/\/intraders.org\/archive\/wp-json\/wp\/v2\/pages\/578\/revisions"}],"predecessor-version":[{"id":1290,"href":"https:\/\/intraders.org\/archive\/wp-json\/wp\/v2\/pages\/578\/revisions\/1290"}],"wp:attachment":[{"href":"https:\/\/intraders.org\/archive\/wp-json\/wp\/v2\/media?parent=578"}],"curies":[{"name":"wp","href":"https:\/\/api.w.org\/{rel}","templated":true}]}}