{"id":1746,"date":"2026-05-08T10:18:28","date_gmt":"2026-05-08T10:18:28","guid":{"rendered":"https:\/\/intraders.org\/archive\/?page_id=1746"},"modified":"2026-05-08T10:18:29","modified_gmt":"2026-05-08T10:18:29","slug":"yapay-zeka-uygulamalari-sektorel-etkiler-ve-dijitallesme-caginda-tuketici-gazi-kitabevi-ekim-2025","status":"publish","type":"page","link":"https:\/\/intraders.org\/archive\/yapay-zeka-uygulamalari-sektorel-etkiler-ve-dijitallesme-caginda-tuketici-gazi-kitabevi-ekim-2025\/","title":{"rendered":"Yapay Zek\u00e2 Uygulamalar\u0131: Sekt\u00f6rel Etkiler ve Dijitalle\u015fme \u00c7a\u011f\u0131nda T\u00fcketici, Gazi Kitabevi, Ekim 2025"},"content":{"rendered":"\n<div data-wp-interactive=\"core\/file\" class=\"wp-block-file\"><object data-wp-bind--hidden=\"!state.hasPdfPreview\" hidden class=\"wp-block-file__embed\" data=\"https:\/\/intraders.org\/archive\/wp-content\/uploads\/2025\/10\/Yapay-Zeka-Uygulamalari-Sektorel-Etkiler-ve-Dijitallesme-Caginda-Tuketici.pdf\" type=\"application\/pdf\" style=\"width:100%;height:600px\" aria-label=\"Embed of Yapay Zek\u00e2 Uygulamalar\u0131 Sekt\u00f6rel Etkiler ve Dijitalle\u015fme \u00c7a\u011f\u0131nda T\u00fcketici.\"><\/object><a id=\"wp-block-file--media-96fb69a1-bc9a-4df2-bbbe-7bee9595edeb\" href=\"https:\/\/intraders.org\/archive\/wp-content\/uploads\/2025\/10\/Yapay-Zeka-Uygulamalari-Sektorel-Etkiler-ve-Dijitallesme-Caginda-Tuketici.pdf\">Yapay Zek\u00e2 Uygulamalar\u0131 Sekt\u00f6rel Etkiler ve Dijitalle\u015fme \u00c7a\u011f\u0131nda T\u00fcketici<\/a><a href=\"https:\/\/intraders.org\/archive\/wp-content\/uploads\/2025\/10\/Yapay-Zeka-Uygulamalari-Sektorel-Etkiler-ve-Dijitallesme-Caginda-Tuketici.pdf\" class=\"wp-block-file__button wp-element-button\" download aria-describedby=\"wp-block-file--media-96fb69a1-bc9a-4df2-bbbe-7bee9595edeb\">Download<\/a><\/div>\n","protected":false},"excerpt":{"rendered":"","protected":false},"author":1,"featured_media":0,"parent":0,"menu_order":0,"comment_status":"closed","ping_status":"closed","template":"","meta":{"generate_page_header":"","footnotes":""},"class_list":["post-1746","page","type-page","status-publish"],"_links":{"self":[{"href":"https:\/\/intraders.org\/archive\/wp-json\/wp\/v2\/pages\/1746","targetHints":{"allow":["GET"]}}],"collection":[{"href":"https:\/\/intraders.org\/archive\/wp-json\/wp\/v2\/pages"}],"about":[{"href":"https:\/\/intraders.org\/archive\/wp-json\/wp\/v2\/types\/page"}],"author":[{"embeddable":true,"href":"https:\/\/intraders.org\/archive\/wp-json\/wp\/v2\/users\/1"}],"replies":[{"embeddable":true,"href":"https:\/\/intraders.org\/archive\/wp-json\/wp\/v2\/comments?post=1746"}],"version-history":[{"count":1,"href":"https:\/\/intraders.org\/archive\/wp-json\/wp\/v2\/pages\/1746\/revisions"}],"predecessor-version":[{"id":1748,"href":"https:\/\/intraders.org\/archive\/wp-json\/wp\/v2\/pages\/1746\/revisions\/1748"}],"wp:attachment":[{"href":"https:\/\/intraders.org\/archive\/wp-json\/wp\/v2\/media?parent=1746"}],"curies":[{"name":"wp","href":"https:\/\/api.w.org\/{rel}","templated":true}]}}