{"id":1740,"date":"2026-05-08T10:16:40","date_gmt":"2026-05-08T10:16:40","guid":{"rendered":"https:\/\/intraders.org\/archive\/?page_id=1740"},"modified":"2026-05-08T10:16:41","modified_gmt":"2026-05-08T10:16:41","slug":"ekonomi-surdurulebilir-kalkinma-ve-isletme-alaninda-akademik-calismalar-gazi-kitabevi-mart-2023","status":"publish","type":"page","link":"https:\/\/intraders.org\/archive\/ekonomi-surdurulebilir-kalkinma-ve-isletme-alaninda-akademik-calismalar-gazi-kitabevi-mart-2023\/","title":{"rendered":"Ekonomi, S\u00fcrd\u00fcr\u00fclebilir Kalk\u0131nma ve \u0130\u015fletme Alan\u0131nda Akademik \u00c7al\u0131\u015fmalar, Gazi Kitabevi, Mart 2023"},"content":{"rendered":"\n<div data-wp-interactive=\"core\/file\" class=\"wp-block-file\"><object data-wp-bind--hidden=\"!state.hasPdfPreview\" hidden class=\"wp-block-file__embed\" data=\"https:\/\/intraders.org\/archive\/wp-content\/uploads\/2023\/03\/Ekonomi-Surdurulebilir-Kalkinma-ve-Isletme-Alaninda-Akademik-Calismalar-Gazi-Kitabevi-Mart-2023.pdf\" type=\"application\/pdf\" style=\"width:100%;height:600px\" aria-label=\"Embed of Ekonomi, S\u00fcrd\u00fcr\u00fclebilir Kalk\u0131nma ve \u0130\u015fletme Alan\u0131nda Akademik \u00c7al\u0131\u015fmalar Gazi Kitabevi Mart 2023.\"><\/object><a id=\"wp-block-file--media-0ceb8562-8e55-4354-afc2-6845356b0573\" href=\"https:\/\/intraders.org\/archive\/wp-content\/uploads\/2023\/03\/Ekonomi-Surdurulebilir-Kalkinma-ve-Isletme-Alaninda-Akademik-Calismalar-Gazi-Kitabevi-Mart-2023.pdf\">Ekonomi, S\u00fcrd\u00fcr\u00fclebilir Kalk\u0131nma ve \u0130\u015fletme Alan\u0131nda Akademik \u00c7al\u0131\u015fmalar Gazi Kitabevi Mart 2023<\/a><a href=\"https:\/\/intraders.org\/archive\/wp-content\/uploads\/2023\/03\/Ekonomi-Surdurulebilir-Kalkinma-ve-Isletme-Alaninda-Akademik-Calismalar-Gazi-Kitabevi-Mart-2023.pdf\" class=\"wp-block-file__button wp-element-button\" download aria-describedby=\"wp-block-file--media-0ceb8562-8e55-4354-afc2-6845356b0573\">Download<\/a><\/div>\n","protected":false},"excerpt":{"rendered":"","protected":false},"author":1,"featured_media":0,"parent":0,"menu_order":0,"comment_status":"closed","ping_status":"closed","template":"","meta":{"generate_page_header":"","footnotes":""},"class_list":["post-1740","page","type-page","status-publish"],"_links":{"self":[{"href":"https:\/\/intraders.org\/archive\/wp-json\/wp\/v2\/pages\/1740","targetHints":{"allow":["GET"]}}],"collection":[{"href":"https:\/\/intraders.org\/archive\/wp-json\/wp\/v2\/pages"}],"about":[{"href":"https:\/\/intraders.org\/archive\/wp-json\/wp\/v2\/types\/page"}],"author":[{"embeddable":true,"href":"https:\/\/intraders.org\/archive\/wp-json\/wp\/v2\/users\/1"}],"replies":[{"embeddable":true,"href":"https:\/\/intraders.org\/archive\/wp-json\/wp\/v2\/comments?post=1740"}],"version-history":[{"count":1,"href":"https:\/\/intraders.org\/archive\/wp-json\/wp\/v2\/pages\/1740\/revisions"}],"predecessor-version":[{"id":1742,"href":"https:\/\/intraders.org\/archive\/wp-json\/wp\/v2\/pages\/1740\/revisions\/1742"}],"wp:attachment":[{"href":"https:\/\/intraders.org\/archive\/wp-json\/wp\/v2\/media?parent=1740"}],"curies":[{"name":"wp","href":"https:\/\/api.w.org\/{rel}","templated":true}]}}