{"id":1731,"date":"2026-05-08T10:14:01","date_gmt":"2026-05-08T10:14:01","guid":{"rendered":"https:\/\/intraders.org\/archive\/?page_id=1731"},"modified":"2026-05-08T10:14:02","modified_gmt":"2026-05-08T10:14:02","slug":"sosyal-ve-idari-bilimlerde-akademik-arastirmalar-hiperyayin-kasim-2022","status":"publish","type":"page","link":"https:\/\/intraders.org\/archive\/sosyal-ve-idari-bilimlerde-akademik-arastirmalar-hiperyayin-kasim-2022\/","title":{"rendered":"Sosyal ve \u0130dari Bilimlerde Akademik Arast\u0131rmalar, Hiperyay\u0131n, Kas\u0131m 2022"},"content":{"rendered":"\n<div data-wp-interactive=\"core\/file\" class=\"wp-block-file\"><object data-wp-bind--hidden=\"!state.hasPdfPreview\" hidden class=\"wp-block-file__embed\" data=\"https:\/\/intraders.org\/archive\/wp-content\/uploads\/2022\/12\/Sosyal-ve-Idari-Bilimlerde-Akademik-Arastirmalar-Ed.-Ali-Yildiz-Hiper-Yayin-Kasim-2022.pdf\" type=\"application\/pdf\" style=\"width:100%;height:600px\" aria-label=\"Embed of Sosyal ve \u0130dari Bilimlerde Akademik Ara\u015ft\u0131rmalar, Hiper Yay\u0131n Kas\u0131m 2022.\"><\/object><a id=\"wp-block-file--media-50c17501-382d-4871-b221-03d4e637a3e9\" href=\"https:\/\/intraders.org\/archive\/wp-content\/uploads\/2022\/12\/Sosyal-ve-Idari-Bilimlerde-Akademik-Arastirmalar-Ed.-Ali-Yildiz-Hiper-Yayin-Kasim-2022.pdf\">Sosyal ve \u0130dari Bilimlerde Akademik Ara\u015ft\u0131rmalar, Hiper Yay\u0131n Kas\u0131m 2022<\/a><a href=\"https:\/\/intraders.org\/archive\/wp-content\/uploads\/2022\/12\/Sosyal-ve-Idari-Bilimlerde-Akademik-Arastirmalar-Ed.-Ali-Yildiz-Hiper-Yayin-Kasim-2022.pdf\" class=\"wp-block-file__button wp-element-button\" download aria-describedby=\"wp-block-file--media-50c17501-382d-4871-b221-03d4e637a3e9\">Download<\/a><\/div>\n","protected":false},"excerpt":{"rendered":"","protected":false},"author":1,"featured_media":0,"parent":0,"menu_order":0,"comment_status":"closed","ping_status":"closed","template":"","meta":{"generate_page_header":"","footnotes":""},"class_list":["post-1731","page","type-page","status-publish"],"_links":{"self":[{"href":"https:\/\/intraders.org\/archive\/wp-json\/wp\/v2\/pages\/1731","targetHints":{"allow":["GET"]}}],"collection":[{"href":"https:\/\/intraders.org\/archive\/wp-json\/wp\/v2\/pages"}],"about":[{"href":"https:\/\/intraders.org\/archive\/wp-json\/wp\/v2\/types\/page"}],"author":[{"embeddable":true,"href":"https:\/\/intraders.org\/archive\/wp-json\/wp\/v2\/users\/1"}],"replies":[{"embeddable":true,"href":"https:\/\/intraders.org\/archive\/wp-json\/wp\/v2\/comments?post=1731"}],"version-history":[{"count":1,"href":"https:\/\/intraders.org\/archive\/wp-json\/wp\/v2\/pages\/1731\/revisions"}],"predecessor-version":[{"id":1733,"href":"https:\/\/intraders.org\/archive\/wp-json\/wp\/v2\/pages\/1731\/revisions\/1733"}],"wp:attachment":[{"href":"https:\/\/intraders.org\/archive\/wp-json\/wp\/v2\/media?parent=1731"}],"curies":[{"name":"wp","href":"https:\/\/api.w.org\/{rel}","templated":true}]}}