{"id":1728,"date":"2026-05-08T10:12:38","date_gmt":"2026-05-08T10:12:38","guid":{"rendered":"https:\/\/intraders.org\/archive\/?page_id=1728"},"modified":"2026-05-08T10:12:38","modified_gmt":"2026-05-08T10:12:38","slug":"sosyal-ve-beseri-bilimlerde-guncel-arastirmalar-hiperyayin-ekim-2022","status":"publish","type":"page","link":"https:\/\/intraders.org\/archive\/sosyal-ve-beseri-bilimlerde-guncel-arastirmalar-hiperyayin-ekim-2022\/","title":{"rendered":"Sosyal ve Beseri Bilimlerde G\u00fcncel Arast\u0131rmalar, Hiperyay\u0131n, Ekim 2022"},"content":{"rendered":"\n<div data-wp-interactive=\"core\/file\" class=\"wp-block-file\"><object data-wp-bind--hidden=\"!state.hasPdfPreview\" hidden class=\"wp-block-file__embed\" data=\"https:\/\/intraders.org\/archive\/wp-content\/uploads\/2022\/10\/Sosyal-ve-Beseri-Bilimlerde-Guncel-Arastirmalar.pdf\" type=\"application\/pdf\" style=\"width:100%;height:600px\" aria-label=\"Embed of Sosyal ve Beseri Bilimlerde G\u00fcncel Arast\u0131rmalar.\"><\/object><a id=\"wp-block-file--media-443d9994-b051-4095-9c23-bd5e5d1815bb\" href=\"https:\/\/intraders.org\/archive\/wp-content\/uploads\/2022\/10\/Sosyal-ve-Beseri-Bilimlerde-Guncel-Arastirmalar.pdf\">Sosyal ve Beseri Bilimlerde G\u00fcncel Arast\u0131rmalar<\/a><a href=\"https:\/\/intraders.org\/archive\/wp-content\/uploads\/2022\/10\/Sosyal-ve-Beseri-Bilimlerde-Guncel-Arastirmalar.pdf\" class=\"wp-block-file__button wp-element-button\" download aria-describedby=\"wp-block-file--media-443d9994-b051-4095-9c23-bd5e5d1815bb\">Download<\/a><\/div>\n","protected":false},"excerpt":{"rendered":"","protected":false},"author":1,"featured_media":0,"parent":0,"menu_order":0,"comment_status":"closed","ping_status":"closed","template":"","meta":{"generate_page_header":"","footnotes":""},"class_list":["post-1728","page","type-page","status-publish"],"_links":{"self":[{"href":"https:\/\/intraders.org\/archive\/wp-json\/wp\/v2\/pages\/1728","targetHints":{"allow":["GET"]}}],"collection":[{"href":"https:\/\/intraders.org\/archive\/wp-json\/wp\/v2\/pages"}],"about":[{"href":"https:\/\/intraders.org\/archive\/wp-json\/wp\/v2\/types\/page"}],"author":[{"embeddable":true,"href":"https:\/\/intraders.org\/archive\/wp-json\/wp\/v2\/users\/1"}],"replies":[{"embeddable":true,"href":"https:\/\/intraders.org\/archive\/wp-json\/wp\/v2\/comments?post=1728"}],"version-history":[{"count":1,"href":"https:\/\/intraders.org\/archive\/wp-json\/wp\/v2\/pages\/1728\/revisions"}],"predecessor-version":[{"id":1730,"href":"https:\/\/intraders.org\/archive\/wp-json\/wp\/v2\/pages\/1728\/revisions\/1730"}],"wp:attachment":[{"href":"https:\/\/intraders.org\/archive\/wp-json\/wp\/v2\/media?parent=1728"}],"curies":[{"name":"wp","href":"https:\/\/api.w.org\/{rel}","templated":true}]}}