{"id":1722,"date":"2026-05-08T10:10:52","date_gmt":"2026-05-08T10:10:52","guid":{"rendered":"https:\/\/intraders.org\/archive\/?page_id=1722"},"modified":"2026-05-08T10:10:53","modified_gmt":"2026-05-08T10:10:53","slug":"sosyal-bilimlerde-guncel-calismalar-gazi-kitabevi-eylul-2022","status":"publish","type":"page","link":"https:\/\/intraders.org\/archive\/sosyal-bilimlerde-guncel-calismalar-gazi-kitabevi-eylul-2022\/","title":{"rendered":"SOSYAL B\u0130L\u0130MLERDE G\u00dcNCEL \u00c7ALI\u015eMALAR, Gazi Kitabevi\u00a0 Eyl\u00fcl 2022"},"content":{"rendered":"\n<div data-wp-interactive=\"core\/file\" class=\"wp-block-file\"><object data-wp-bind--hidden=\"!state.hasPdfPreview\" hidden class=\"wp-block-file__embed\" data=\"https:\/\/intraders.org\/archive\/wp-content\/uploads\/2022\/10\/SOSYAL-BILIMLERDE-GUNCEL-CALISMALAR.pdf\" type=\"application\/pdf\" style=\"width:100%;height:600px\" aria-label=\"Embed of SOSYAL B\u0130L\u0130MLERDE G\u00dcNCEL \u00c7ALI\u015eMALAR.\"><\/object><a id=\"wp-block-file--media-8a047444-cb6d-4864-8d1f-e224a23dc644\" href=\"https:\/\/intraders.org\/archive\/wp-content\/uploads\/2022\/10\/SOSYAL-BILIMLERDE-GUNCEL-CALISMALAR.pdf\">SOSYAL B\u0130L\u0130MLERDE G\u00dcNCEL \u00c7ALI\u015eMALAR<\/a><a href=\"https:\/\/intraders.org\/archive\/wp-content\/uploads\/2022\/10\/SOSYAL-BILIMLERDE-GUNCEL-CALISMALAR.pdf\" class=\"wp-block-file__button wp-element-button\" download aria-describedby=\"wp-block-file--media-8a047444-cb6d-4864-8d1f-e224a23dc644\">Download<\/a><\/div>\n","protected":false},"excerpt":{"rendered":"","protected":false},"author":1,"featured_media":0,"parent":0,"menu_order":0,"comment_status":"closed","ping_status":"closed","template":"","meta":{"generate_page_header":"","footnotes":""},"class_list":["post-1722","page","type-page","status-publish"],"_links":{"self":[{"href":"https:\/\/intraders.org\/archive\/wp-json\/wp\/v2\/pages\/1722","targetHints":{"allow":["GET"]}}],"collection":[{"href":"https:\/\/intraders.org\/archive\/wp-json\/wp\/v2\/pages"}],"about":[{"href":"https:\/\/intraders.org\/archive\/wp-json\/wp\/v2\/types\/page"}],"author":[{"embeddable":true,"href":"https:\/\/intraders.org\/archive\/wp-json\/wp\/v2\/users\/1"}],"replies":[{"embeddable":true,"href":"https:\/\/intraders.org\/archive\/wp-json\/wp\/v2\/comments?post=1722"}],"version-history":[{"count":1,"href":"https:\/\/intraders.org\/archive\/wp-json\/wp\/v2\/pages\/1722\/revisions"}],"predecessor-version":[{"id":1724,"href":"https:\/\/intraders.org\/archive\/wp-json\/wp\/v2\/pages\/1722\/revisions\/1724"}],"wp:attachment":[{"href":"https:\/\/intraders.org\/archive\/wp-json\/wp\/v2\/media?parent=1722"}],"curies":[{"name":"wp","href":"https:\/\/api.w.org\/{rel}","templated":true}]}}