{"id":1707,"date":"2026-05-08T10:06:57","date_gmt":"2026-05-08T10:06:57","guid":{"rendered":"https:\/\/intraders.org\/archive\/?page_id=1707"},"modified":"2026-05-08T10:06:57","modified_gmt":"2026-05-08T10:06:57","slug":"sosyal-bilimlerde-vaka-calismalari-intraders-2020-2","status":"publish","type":"page","link":"https:\/\/intraders.org\/archive\/sosyal-bilimlerde-vaka-calismalari-intraders-2020-2\/","title":{"rendered":"Sosyal Bilimlerde Vaka \u00c7al\u0131\u015fmalar\u0131 (InTraders 2020-2)"},"content":{"rendered":"\n<div data-wp-interactive=\"core\/file\" class=\"wp-block-file\"><object data-wp-bind--hidden=\"!state.hasPdfPreview\" hidden class=\"wp-block-file__embed\" data=\"https:\/\/intraders.org\/archive\/wp-content\/uploads\/2021\/12\/Sosyal_Bilimlerde_Vaka_Calismalari.pdf\" type=\"application\/pdf\" style=\"width:100%;height:600px\" aria-label=\"Embed of Sosyal_Bilimlerde_Vaka_Calismalari.\"><\/object><a id=\"wp-block-file--media-f0fb58de-adfa-4c6e-b64a-03fad1a49945\" href=\"https:\/\/intraders.org\/archive\/wp-content\/uploads\/2021\/12\/Sosyal_Bilimlerde_Vaka_Calismalari.pdf\">Sosyal_Bilimlerde_Vaka_Calismalari<\/a><a href=\"https:\/\/intraders.org\/archive\/wp-content\/uploads\/2021\/12\/Sosyal_Bilimlerde_Vaka_Calismalari.pdf\" class=\"wp-block-file__button wp-element-button\" download aria-describedby=\"wp-block-file--media-f0fb58de-adfa-4c6e-b64a-03fad1a49945\">Download<\/a><\/div>\n\n\n\n<p><\/p>\n","protected":false},"excerpt":{"rendered":"","protected":false},"author":1,"featured_media":0,"parent":0,"menu_order":0,"comment_status":"closed","ping_status":"closed","template":"","meta":{"generate_page_header":"","footnotes":""},"class_list":["post-1707","page","type-page","status-publish"],"_links":{"self":[{"href":"https:\/\/intraders.org\/archive\/wp-json\/wp\/v2\/pages\/1707","targetHints":{"allow":["GET"]}}],"collection":[{"href":"https:\/\/intraders.org\/archive\/wp-json\/wp\/v2\/pages"}],"about":[{"href":"https:\/\/intraders.org\/archive\/wp-json\/wp\/v2\/types\/page"}],"author":[{"embeddable":true,"href":"https:\/\/intraders.org\/archive\/wp-json\/wp\/v2\/users\/1"}],"replies":[{"embeddable":true,"href":"https:\/\/intraders.org\/archive\/wp-json\/wp\/v2\/comments?post=1707"}],"version-history":[{"count":1,"href":"https:\/\/intraders.org\/archive\/wp-json\/wp\/v2\/pages\/1707\/revisions"}],"predecessor-version":[{"id":1709,"href":"https:\/\/intraders.org\/archive\/wp-json\/wp\/v2\/pages\/1707\/revisions\/1709"}],"wp:attachment":[{"href":"https:\/\/intraders.org\/archive\/wp-json\/wp\/v2\/media?parent=1707"}],"curies":[{"name":"wp","href":"https:\/\/api.w.org\/{rel}","templated":true}]}}